{"id":3681,"date":"2015-08-06T17:43:46","date_gmt":"2015-08-06T17:43:46","guid":{"rendered":"https:\/\/www.bazarmerlin.com\/inicio\/?post_type=product&#038;p=3681"},"modified":"2023-01-05T00:36:39","modified_gmt":"2023-01-05T00:36:39","slug":"como-entender-y-aliviar-la-depresion","status":"publish","type":"product","link":"https:\/\/www.bazarmerlin.com\/inicio\/producto\/como-entender-y-aliviar-la-depresion\/","title":{"rendered":"Como Entender Y Aliviar La Depresi\u00f3n"},"content":{"rendered":"<p><strong>COMO ENTENDER Y ALIVIAR LA DEPRESI\u00d3N<\/strong><\/p>\n<p>&nbsp;<\/p>\n<p>El diagn\u00f3stico temprano y la ayuda profesional son vitales para poder tratar la depresi\u00f3n con \u00e9xito, y este libro trata de remarcar los primeros s\u00edntomas que, en muchas ocasiones, pasan desa- percibidos para familiares y amigos.<\/p>\n<p>La ignorancia es la mejor aliada de la depresi\u00f3n.<\/p>\n<p>El conocimiento general que la mayor\u00eda de la gente tiene sobre la depresi\u00f3n es s\u00f3lo el primer paso hacia la ayuda en esta batalla.<\/p>\n<p>Este libro ha sido escrito por una persona que recibi\u00f3 ayuda y ahora trata de brindar apoyo a otras, intenta acabar con los mitos populares, explicar el padecimiento y resaltar el tratamiento y la autoayuda en la lucha contra la depresi\u00f3n.<\/p>\n<p>&nbsp;<\/p>\n<p>&nbsp;<\/p>\n<p><strong>BAZAR MERL\u00cdN\u00ae<\/strong><br \/>\n<strong>El Lugar M\u00e1s M\u00edstico de Guadalajara<\/strong><br \/>\n<strong>ENVIAMOS A TODO M\u00c9XICO<\/strong><\/p>\n<!-- AddThis Advanced Settings generic via filter on the_content --><!-- AddThis Share Buttons generic via filter on the_content -->","protected":false},"excerpt":{"rendered":"<p>COMO ENTENDER Y ALIVIAR LA DEPRESI\u00d3N &nbsp; El diagn\u00f3stico temprano y la ayuda profesional son vitales para poder tratar la depresi\u00f3n con \u00e9xito, y este libro trata de remarcar los primeros s\u00edntomas que, en muchas ocasiones, pasan desa- percibidos para familiares y amigos. La ignorancia es la mejor aliada de la depresi\u00f3n. El conocimiento general&hellip;<!-- AddThis Advanced Settings generic via filter on get_the_excerpt --><!-- AddThis Share Buttons generic via filter on get_the_excerpt --><\/p>\n","protected":false},"featured_media":11370,"template":"","meta":[],"product_cat":[16],"product_tag":[1144],"_links":{"self":[{"href":"https:\/\/www.bazarmerlin.com\/inicio\/wp-json\/wp\/v2\/product\/3681"}],"collection":[{"href":"https:\/\/www.bazarmerlin.com\/inicio\/wp-json\/wp\/v2\/product"}],"about":[{"href":"https:\/\/www.bazarmerlin.com\/inicio\/wp-json\/wp\/v2\/types\/product"}],"wp:featuredmedia":[{"embeddable":true,"href":"https:\/\/www.bazarmerlin.com\/inicio\/wp-json\/wp\/v2\/media\/11370"}],"wp:attachment":[{"href":"https:\/\/www.bazarmerlin.com\/inicio\/wp-json\/wp\/v2\/media?parent=3681"}],"wp:term":[{"taxonomy":"product_cat","embeddable":true,"href":"https:\/\/www.bazarmerlin.com\/inicio\/wp-json\/wp\/v2\/product_cat?post=3681"},{"taxonomy":"product_tag","embeddable":true,"href":"https:\/\/www.bazarmerlin.com\/inicio\/wp-json\/wp\/v2\/product_tag?post=3681"}],"curies":[{"name":"wp","href":"https:\/\/api.w.org\/{rel}","templated":true}]}}