{"id":3687,"date":"2015-08-06T17:52:39","date_gmt":"2015-08-06T17:52:39","guid":{"rendered":"https:\/\/www.bazarmerlin.com\/inicio\/?post_type=product&#038;p=3687"},"modified":"2023-01-05T00:13:55","modified_gmt":"2023-01-05T00:13:55","slug":"biblia-del-masaje-masaje-shiatsu-holistico-y-mas","status":"publish","type":"product","link":"https:\/\/www.bazarmerlin.com\/inicio\/producto\/biblia-del-masaje-masaje-shiatsu-holistico-y-mas\/","title":{"rendered":"Biblia Del Masaje &#8211; Masaje Shiatsu, Hol\u00edstico Y M\u00e1s"},"content":{"rendered":"<p><strong>BIBLIA DEL MASAJE<\/strong><br \/>\n<strong>MASAJE SHIATSU, HOL\u00cdSTICO Y M\u00c1S<\/strong><\/p>\n<p>&nbsp;<\/p>\n<p>La gu\u00eda definitiva del masaje.<\/p>\n<p>El masaje es una terapia excelente que proporciona una agradable sensaci\u00f3n de bienestar, reduce el estr\u00e9s e incluso alivia y neutraliza los s\u00edntomas de trastornos comunes como el dolor de espalda y la ansiedad, entre otros muchos, y que adem\u00e1s podemos compartir con nuestros compa\u00f1eros, amigos y familiares. Esta gu\u00eda completa te muestra todas las t\u00e9cnicas que necesitas conocer para dar un masaje corporal completo y te orienta f\u00e1cilmente a trav\u00e9s de una serie de t\u00e9cnicas guiadas paso a paso. La Biblia del masaje abarca una amplia variedad de estilos de masaje, entre los que se incluyen el sueco, el chino, el masaje indio de la cabeza y el shiatsu, as\u00ed como algunos tratamientos especializados que van desde el masaje para beb\u00e9s hasta el masaje deportivo. M\u00e1s de tres millones de ejemplares de la Serie Biblias vendidos en todo el mundo.<\/p>\n<p>&nbsp;<\/p>\n<p>&nbsp;<\/p>\n<p>&nbsp;<\/p>\n<p><strong>BAZAR MERL\u00cdN\u00ae<\/strong><br \/>\n<strong>El Lugar M\u00e1s M\u00edstico de Guadalajara<\/strong><br \/>\n<strong>ENVIAMOS A TODO M\u00c9XICO<\/strong><\/p>\n<!-- AddThis Advanced Settings generic via filter on the_content --><!-- AddThis Share Buttons generic via filter on the_content -->","protected":false},"excerpt":{"rendered":"<p>BIBLIA DEL MASAJE MASAJE SHIATSU, HOL\u00cdSTICO Y M\u00c1S &nbsp; La gu\u00eda definitiva del masaje. El masaje es una terapia excelente que proporciona una agradable sensaci\u00f3n de bienestar, reduce el estr\u00e9s e incluso alivia y neutraliza los s\u00edntomas de trastornos comunes como el dolor de espalda y la ansiedad, entre otros muchos, y que adem\u00e1s podemos&hellip;<!-- AddThis Advanced Settings generic via filter on get_the_excerpt --><!-- AddThis Share Buttons generic via filter on get_the_excerpt --><\/p>\n","protected":false},"featured_media":11364,"template":"","meta":[],"product_cat":[16],"product_tag":[1146,1148,1147],"_links":{"self":[{"href":"https:\/\/www.bazarmerlin.com\/inicio\/wp-json\/wp\/v2\/product\/3687"}],"collection":[{"href":"https:\/\/www.bazarmerlin.com\/inicio\/wp-json\/wp\/v2\/product"}],"about":[{"href":"https:\/\/www.bazarmerlin.com\/inicio\/wp-json\/wp\/v2\/types\/product"}],"wp:featuredmedia":[{"embeddable":true,"href":"https:\/\/www.bazarmerlin.com\/inicio\/wp-json\/wp\/v2\/media\/11364"}],"wp:attachment":[{"href":"https:\/\/www.bazarmerlin.com\/inicio\/wp-json\/wp\/v2\/media?parent=3687"}],"wp:term":[{"taxonomy":"product_cat","embeddable":true,"href":"https:\/\/www.bazarmerlin.com\/inicio\/wp-json\/wp\/v2\/product_cat?post=3687"},{"taxonomy":"product_tag","embeddable":true,"href":"https:\/\/www.bazarmerlin.com\/inicio\/wp-json\/wp\/v2\/product_tag?post=3687"}],"curies":[{"name":"wp","href":"https:\/\/api.w.org\/{rel}","templated":true}]}}