{"id":3693,"date":"2015-08-06T18:01:39","date_gmt":"2015-08-06T18:01:39","guid":{"rendered":"https:\/\/www.bazarmerlin.com\/inicio\/?post_type=product&#038;p=3693"},"modified":"2023-01-05T21:54:41","modified_gmt":"2023-01-05T21:54:41","slug":"curacion-cuantica-medio-de-sanacion-sencillo-y-practico","status":"publish","type":"product","link":"https:\/\/www.bazarmerlin.com\/inicio\/producto\/curacion-cuantica-medio-de-sanacion-sencillo-y-practico\/","title":{"rendered":"Curacion Cu\u00e1ntica &#8211; Sistema Para Eliminar Cualquier Dolor"},"content":{"rendered":"<p><strong>CURACI\u00d3N CU\u00c1NTICA &#8211; SISTEMA PARA ELIMINAR CUALQUIER DOLOR<\/strong><\/p>\n<p>&nbsp;<\/p>\n<p>Frank Kinslow es m\u00e9dico quiropr\u00e1ctico y especialista en ense\u00f1anza a sordomudos.<\/p>\n<p>Ha sido profesor de anatom\u00eda y fisiolog\u00eda en la Universidad Keiser y actualmente ense\u00f1a medicina alternativa en la Universidad Everglades.<\/p>\n<p>Aparece con frecuencia en numerosos programas de radio y televisi\u00f3n y frecuentemente imparte conferencias, tanto en Estados Unidos como en Europa.<\/p>\n<p>Adem\u00e1s de La curaci\u00f3n cu\u00e1ntica, ha publicado El secreto de la vida cu\u00e1ntica y Beyond Happiness: How You Can Fulfill Your Deepest Desire, todav\u00eda no editado en espa\u00f1ol. Vive en Sarasota, Florida, y dedica su tiempo a escribir y a difundir el m\u00e9todo de la Curaci\u00f3n Cu\u00e1ntica. Por el momento, el doctor Frank Kinslow es el \u00fanico maestro Quantum Entrainment en el mundo.<\/p>\n<p>&nbsp;<\/p>\n<p>&nbsp;<\/p>\n<p><strong>BAZAR MERL\u00cdN\u00ae<\/strong><br \/>\n<strong>El Lugar M\u00e1s M\u00edstico de Guadalajara<\/strong><br \/>\n<strong>ENVIAMOS A TODO M\u00c9XICO&#8230;<\/strong><\/p>\n<!-- AddThis Advanced Settings generic via filter on the_content --><!-- AddThis Share Buttons generic via filter on the_content -->","protected":false},"excerpt":{"rendered":"<p>CURACI\u00d3N CU\u00c1NTICA &#8211; SISTEMA PARA ELIMINAR CUALQUIER DOLOR &nbsp; Frank Kinslow es m\u00e9dico quiropr\u00e1ctico y especialista en ense\u00f1anza a sordomudos. Ha sido profesor de anatom\u00eda y fisiolog\u00eda en la Universidad Keiser y actualmente ense\u00f1a medicina alternativa en la Universidad Everglades. Aparece con frecuencia en numerosos programas de radio y televisi\u00f3n y frecuentemente imparte conferencias, tanto&hellip;<!-- AddThis Advanced Settings generic via filter on get_the_excerpt --><!-- AddThis Share Buttons generic via filter on get_the_excerpt --><\/p>\n","protected":false},"featured_media":11377,"template":"","meta":[],"product_cat":[16],"product_tag":[470,1149],"_links":{"self":[{"href":"https:\/\/www.bazarmerlin.com\/inicio\/wp-json\/wp\/v2\/product\/3693"}],"collection":[{"href":"https:\/\/www.bazarmerlin.com\/inicio\/wp-json\/wp\/v2\/product"}],"about":[{"href":"https:\/\/www.bazarmerlin.com\/inicio\/wp-json\/wp\/v2\/types\/product"}],"wp:featuredmedia":[{"embeddable":true,"href":"https:\/\/www.bazarmerlin.com\/inicio\/wp-json\/wp\/v2\/media\/11377"}],"wp:attachment":[{"href":"https:\/\/www.bazarmerlin.com\/inicio\/wp-json\/wp\/v2\/media?parent=3693"}],"wp:term":[{"taxonomy":"product_cat","embeddable":true,"href":"https:\/\/www.bazarmerlin.com\/inicio\/wp-json\/wp\/v2\/product_cat?post=3693"},{"taxonomy":"product_tag","embeddable":true,"href":"https:\/\/www.bazarmerlin.com\/inicio\/wp-json\/wp\/v2\/product_tag?post=3693"}],"curies":[{"name":"wp","href":"https:\/\/api.w.org\/{rel}","templated":true}]}}