{"id":3699,"date":"2015-08-06T18:08:25","date_gmt":"2015-08-06T18:08:25","guid":{"rendered":"https:\/\/www.bazarmerlin.com\/inicio\/?post_type=product&#038;p=3699"},"modified":"2023-01-06T23:36:15","modified_gmt":"2023-01-06T23:36:15","slug":"localizacion-de-los-puntos-acupunturales","status":"publish","type":"product","link":"https:\/\/www.bazarmerlin.com\/inicio\/producto\/localizacion-de-los-puntos-acupunturales\/","title":{"rendered":"Localizaci\u00f3n De Los Puntos Acupunturales"},"content":{"rendered":"<p><strong>LOCALIZACI\u00d3N DE LOS PUNTOS ACUPUNTURALES<\/strong><\/p>\n<p>&nbsp;<\/p>\n<p>La terapia acupuntural tiene una historia de mas de dos mil a\u00f1os. La localizaci\u00f3n de puntos es un eslab\u00f3n clave en dicha terapia. Una Exacta localizaci\u00f3n de puntos es muy importante para obtener un tratamiento acupuntural eficaz. Por eso hoy que sentar, en primer lugar, una buena base en la localizaci\u00f3n de untos al aprender esta terapia. El profesor adjunto Yan Jiasan, m\u00e9dico jefe del departamento de acupuntura del Instituto de Medicina Tradicional China de Beijing ha conseguido conocer la ley de la localizaci\u00f3n de puntos a lo largo de varios decenios de pr\u00e1ctica cl\u00ednica y de ense\u00f1anza, a trav\u00e9s del estudio concienzudo de las obras cl\u00e1sicas sobra acupuntura. Las caracter\u00edsticas de la experiencia del Dr. Yang consisten en que tomando un mayor medida las marcas naturales de la superficie del cuerpo humano, localiza los puntos vecinos de acuerdo con las diversas partes y hace una comparaci\u00f3n entre estos para que se entienda f\u00e1cilmente y se domine mejor la t\u00e9cnica. Estas caracter\u00edsticas sean adecuadas tanto para la pr\u00e1ctica cl\u00ednica como para la ense\u00f1anza.<\/p>\n<p>&nbsp;<\/p>\n<p>&nbsp;<\/p>\n<p><strong>BAZAR MERL\u00cdN\u00ae<\/strong><br \/>\n<strong>El Lugar M\u00e1s M\u00edstico de Guadalajara<\/strong><br \/>\n<strong>ENVIAMOS A TODO M\u00c9XICO<\/strong><\/p>\n<!-- AddThis Advanced Settings generic via filter on the_content --><!-- AddThis Share Buttons generic via filter on the_content -->","protected":false},"excerpt":{"rendered":"<p>LOCALIZACI\u00d3N DE LOS PUNTOS ACUPUNTURALES &nbsp; La terapia acupuntural tiene una historia de mas de dos mil a\u00f1os. La localizaci\u00f3n de puntos es un eslab\u00f3n clave en dicha terapia. Una Exacta localizaci\u00f3n de puntos es muy importante para obtener un tratamiento acupuntural eficaz. Por eso hoy que sentar, en primer lugar, una buena base en&hellip;<!-- AddThis Advanced Settings generic via filter on get_the_excerpt --><!-- AddThis Share Buttons generic via filter on get_the_excerpt --><\/p>\n","protected":false},"featured_media":11417,"template":"","meta":[],"product_cat":[16],"product_tag":[1150],"_links":{"self":[{"href":"https:\/\/www.bazarmerlin.com\/inicio\/wp-json\/wp\/v2\/product\/3699"}],"collection":[{"href":"https:\/\/www.bazarmerlin.com\/inicio\/wp-json\/wp\/v2\/product"}],"about":[{"href":"https:\/\/www.bazarmerlin.com\/inicio\/wp-json\/wp\/v2\/types\/product"}],"wp:featuredmedia":[{"embeddable":true,"href":"https:\/\/www.bazarmerlin.com\/inicio\/wp-json\/wp\/v2\/media\/11417"}],"wp:attachment":[{"href":"https:\/\/www.bazarmerlin.com\/inicio\/wp-json\/wp\/v2\/media?parent=3699"}],"wp:term":[{"taxonomy":"product_cat","embeddable":true,"href":"https:\/\/www.bazarmerlin.com\/inicio\/wp-json\/wp\/v2\/product_cat?post=3699"},{"taxonomy":"product_tag","embeddable":true,"href":"https:\/\/www.bazarmerlin.com\/inicio\/wp-json\/wp\/v2\/product_tag?post=3699"}],"curies":[{"name":"wp","href":"https:\/\/api.w.org\/{rel}","templated":true}]}}