{"id":3705,"date":"2015-08-06T18:13:22","date_gmt":"2015-08-06T18:13:22","guid":{"rendered":"https:\/\/www.bazarmerlin.com\/inicio\/?post_type=product&#038;p=3705"},"modified":"2023-01-05T22:52:15","modified_gmt":"2023-01-05T22:52:15","slug":"el-gran-libro-de-reflexologia-facial","status":"publish","type":"product","link":"https:\/\/www.bazarmerlin.com\/inicio\/producto\/el-gran-libro-de-reflexologia-facial\/","title":{"rendered":"El Gran Libro De Reflexolog\u00eda Facial"},"content":{"rendered":"<p><strong>EL GRAN LIBRO DE REFLEXOLOG\u00cdA FACIAL<\/strong><br \/>\nAsombrosas t\u00e9cnicas de salud procedentes de Extremo Oriente<\/p>\n<p>&nbsp;<\/p>\n<div class=\"contentArea\">\n<div class=\"bodyContent\">Este tomo 2 est\u00e1 destinado, ante todo, a la pr\u00e1ctica. En su mayor parte est\u00e1 compuesto por el diccionario de Dien&#8217; Cham&#8217;. A cada problema de salud se le asocia un esquema de puntos que hay que estimular y otro de zonas reflejas.<\/div>\n<div class=\"bodyContent\">Es el enfo- que m\u00e1s sencillo de la reflexolog\u00eda facial, accesi- ble para todos; basta seguir las indicaciones para obtener, en la mayor\u00eda de casos, un alivio r\u00e1pido y eficaz.<\/div>\n<div class=\"bodyContent\">En este libro tambi\u00e9n aprender\u00e1s a practicar el Dien&#8217; Cham&#8217; avanzado, lo que te permitir\u00e1 estable- cer un programa de atenci\u00f3n personalizada para ti o para otros.<\/div>\n<div class=\"bodyContent\">Sabr\u00e1s c\u00f3mo probar y seleccionar, en- tre los numerosos puntos de correspondencia, aque- llos que realmente te convienen y ser\u00e1n m\u00e1s efica- ces.<\/div>\n<div class=\"bodyContent\">Asimismo, este nuevo enfoque te permitir\u00e1 comprender mejor las razones de tus diversos s\u00edn- tomas, remont\u00e1ndote a su origen.<\/div>\n<div class=\"bodyContent\">Accesible para todos, esta t\u00e9cnica avanzada resultar\u00e1 muy \u00fatil a los terapeutas, quienes podr\u00e1n proporcionar una ficha a sus pacientes, en la que se indicar\u00e1 un programa personalizado para practicar diariamente.<\/div>\n<\/div>\n<div><\/div>\n<div><\/div>\n<div><strong>BAZAR MERL\u00cdN\u00ae<\/strong><br \/>\n<strong>El Lugar M\u00e1s M\u00edstico de Guadalajara<\/strong><br \/>\n<strong>ENVIAMOS A TODO M\u00c9XICO<\/strong><\/div>\n<div id=\"uploadRedection\" class=\"redetectBtn upload\">\n<div><\/div>\n<\/div>\n<!-- AddThis Advanced Settings generic via filter on the_content --><!-- AddThis Share Buttons generic via filter on the_content -->","protected":false},"excerpt":{"rendered":"<p>EL GRAN LIBRO DE REFLEXOLOG\u00cdA FACIAL Asombrosas t\u00e9cnicas de salud procedentes de Extremo Oriente &nbsp; Este tomo 2 est\u00e1 destinado, ante todo, a la pr\u00e1ctica. En su mayor parte est\u00e1 compuesto por el diccionario de Dien&#8217; Cham&#8217;. A cada problema de salud se le asocia un esquema de puntos que hay que estimular y otro&hellip;<!-- AddThis Advanced Settings generic via filter on get_the_excerpt --><!-- AddThis Share Buttons generic via filter on get_the_excerpt --><\/p>\n","protected":false},"featured_media":11384,"template":"","meta":[],"product_cat":[16],"product_tag":[1151],"_links":{"self":[{"href":"https:\/\/www.bazarmerlin.com\/inicio\/wp-json\/wp\/v2\/product\/3705"}],"collection":[{"href":"https:\/\/www.bazarmerlin.com\/inicio\/wp-json\/wp\/v2\/product"}],"about":[{"href":"https:\/\/www.bazarmerlin.com\/inicio\/wp-json\/wp\/v2\/types\/product"}],"wp:featuredmedia":[{"embeddable":true,"href":"https:\/\/www.bazarmerlin.com\/inicio\/wp-json\/wp\/v2\/media\/11384"}],"wp:attachment":[{"href":"https:\/\/www.bazarmerlin.com\/inicio\/wp-json\/wp\/v2\/media?parent=3705"}],"wp:term":[{"taxonomy":"product_cat","embeddable":true,"href":"https:\/\/www.bazarmerlin.com\/inicio\/wp-json\/wp\/v2\/product_cat?post=3705"},{"taxonomy":"product_tag","embeddable":true,"href":"https:\/\/www.bazarmerlin.com\/inicio\/wp-json\/wp\/v2\/product_tag?post=3705"}],"curies":[{"name":"wp","href":"https:\/\/api.w.org\/{rel}","templated":true}]}}