{"id":3738,"date":"2015-08-07T18:15:28","date_gmt":"2015-08-07T18:15:28","guid":{"rendered":"https:\/\/www.bazarmerlin.com\/inicio\/?post_type=product&#038;p=3738"},"modified":"2023-01-06T22:31:59","modified_gmt":"2023-01-06T22:31:59","slug":"la-biblia-del-reiki-el-mejor-y-definitivo-libro","status":"publish","type":"product","link":"https:\/\/www.bazarmerlin.com\/inicio\/producto\/la-biblia-del-reiki-el-mejor-y-definitivo-libro\/","title":{"rendered":"La Biblia Del Reiki El Mejor Y Definitivo Libro"},"content":{"rendered":"<p><strong>LA BIBLIA DEL REIKI<\/strong><br \/>\n<strong>LA MEJOR Y DEFINITIVA GUIA PARA EL ARTE DEL REIKI<\/strong><\/p>\n<p>&nbsp;<\/p>\n<p>P\u00e1ginas: 400<\/p>\n<p>*M\u00c1S DE TRES MILLONES DE EJEMPLARES VENDIDOS EN TODO EL MUNDO DE LA SERIE BIBLIAS<\/p>\n<p>El Reiki es una t\u00e9cnica sanadora hol\u00edstica y no invasiva que canaliza la energ\u00eda de la fuerza vital natural. Este libro contiene toda la informaci\u00f3n que necesitas conocer sobre el tema, incluyendo su historia y desarrollo, una visi\u00f3n general de las diferentes escuelas de Reiki y sus tradiciones, instrucciones detalladas sobre la energ\u00eda y una serie de ejercicios que favorecen la sanaci\u00f3n, adem\u00e1s de incluir posiciones de manos para los tres grados de Reiki.<\/p>\n<p>Esta gu\u00eda excepcional no s\u00f3lo te ense\u00f1ar\u00e1 a tratarte a ti mismo, sino tambi\u00e9n a otras personas, y te permitir\u00e1 aliviar una amplia variedad de dolencias comunes y trastornos emocionales.<\/p>\n<p>&nbsp;<\/p>\n<p>&nbsp;<\/p>\n<p><strong>BAZAR MERLIN<\/strong><br \/>\n<strong>El Lugar M\u00e1s M\u00edstico de Guadalajara<\/strong><br \/>\n<strong>ENVIAMOS A TODO M\u00c9XICO<\/strong><\/p>\n<!-- AddThis Advanced Settings generic via filter on the_content --><!-- AddThis Share Buttons generic via filter on the_content -->","protected":false},"excerpt":{"rendered":"<p>LA BIBLIA DEL REIKI LA MEJOR Y DEFINITIVA GUIA PARA EL ARTE DEL REIKI &nbsp; P\u00e1ginas: 400 *M\u00c1S DE TRES MILLONES DE EJEMPLARES VENDIDOS EN TODO EL MUNDO DE LA SERIE BIBLIAS El Reiki es una t\u00e9cnica sanadora hol\u00edstica y no invasiva que canaliza la energ\u00eda de la fuerza vital natural. Este libro contiene toda&hellip;<!-- AddThis Advanced Settings generic via filter on get_the_excerpt --><!-- AddThis Share Buttons generic via filter on get_the_excerpt --><\/p>\n","protected":false},"featured_media":11407,"template":"","meta":[],"product_cat":[16],"product_tag":[1156],"_links":{"self":[{"href":"https:\/\/www.bazarmerlin.com\/inicio\/wp-json\/wp\/v2\/product\/3738"}],"collection":[{"href":"https:\/\/www.bazarmerlin.com\/inicio\/wp-json\/wp\/v2\/product"}],"about":[{"href":"https:\/\/www.bazarmerlin.com\/inicio\/wp-json\/wp\/v2\/types\/product"}],"wp:featuredmedia":[{"embeddable":true,"href":"https:\/\/www.bazarmerlin.com\/inicio\/wp-json\/wp\/v2\/media\/11407"}],"wp:attachment":[{"href":"https:\/\/www.bazarmerlin.com\/inicio\/wp-json\/wp\/v2\/media?parent=3738"}],"wp:term":[{"taxonomy":"product_cat","embeddable":true,"href":"https:\/\/www.bazarmerlin.com\/inicio\/wp-json\/wp\/v2\/product_cat?post=3738"},{"taxonomy":"product_tag","embeddable":true,"href":"https:\/\/www.bazarmerlin.com\/inicio\/wp-json\/wp\/v2\/product_tag?post=3738"}],"curies":[{"name":"wp","href":"https:\/\/api.w.org\/{rel}","templated":true}]}}