{"id":3746,"date":"2015-08-07T18:29:34","date_gmt":"2015-08-07T18:29:34","guid":{"rendered":"https:\/\/www.bazarmerlin.com\/inicio\/?post_type=product&#038;p=3746"},"modified":"2023-01-05T23:53:41","modified_gmt":"2023-01-05T23:53:41","slug":"reiki-karuna-terapias-autosanacion-meditacion-y-mantras","status":"publish","type":"product","link":"https:\/\/www.bazarmerlin.com\/inicio\/producto\/reiki-karuna-terapias-autosanacion-meditacion-y-mantras\/","title":{"rendered":"Karuna Reiki &#8211; Jose Maria Jimenez Solana"},"content":{"rendered":"<p><strong>KARUNA REIKI<\/strong><br \/>\n<strong>JOSE MARIA JIMENEZ SOLANA<\/strong><\/p>\n<p>&nbsp;<\/p>\n<p>La enfermedad es una falta de integridad energ\u00e9tica somatizada en el cuerpo f\u00edsico, pero su proceso suele comenzar en las dimensiones no f\u00edsicas (mental, emocional y espiritual) con un proceso psicosom\u00e1tico provocado por conflictos emocionales, mentales, ps\u00edquicos y espirituales no resueltos, no asimilados ni integrados en la multidimensionalidad del ser humano. Independientemente de todas la teor\u00edas y sistemas de Reiki que puedan exponerse en cualquier manual (lo exot\u00e9rico), el practicante s\u00f3lo puede hallar los principios dentro de s\u00ed mismo (lo esot\u00e9rico) porque lleva dentro el reflejo de la energ\u00eda divina. Mediante la concentraci\u00f3n, la meditaci\u00f3n, la oraci\u00f3n y las pr\u00e1cticas energ\u00e9ticas y espirituales compasivas y altruistas de Karuna Reiki podr\u00e1 conseguir penetrar hasta el centro de su propio ser, donde encontrar\u00e1 la esencia de la energ\u00eda divina que le otorga el conocimiento de todo lo existente en la suprema unidad del principio universal.<\/p>\n<p>&nbsp;<\/p>\n<p>&nbsp;<\/p>\n<p><strong>BAZAR MERL\u00cdN\u00ae<\/strong><br \/>\n<strong>El Lugar M\u00e1s M\u00edstico de Guadalajara<\/strong><br \/>\n<strong>ENVIAMOS A TODO M\u00c9XICO<\/strong><\/p>\n<!-- AddThis Advanced Settings generic via filter on the_content --><!-- AddThis Share Buttons generic via filter on the_content -->","protected":false},"excerpt":{"rendered":"<p>KARUNA REIKI JOSE MARIA JIMENEZ SOLANA &nbsp; La enfermedad es una falta de integridad energ\u00e9tica somatizada en el cuerpo f\u00edsico, pero su proceso suele comenzar en las dimensiones no f\u00edsicas (mental, emocional y espiritual) con un proceso psicosom\u00e1tico provocado por conflictos emocionales, mentales, ps\u00edquicos y espirituales no resueltos, no asimilados ni integrados en la multidimensionalidad&hellip;<!-- AddThis Advanced Settings generic via filter on get_the_excerpt --><!-- AddThis Share Buttons generic via filter on get_the_excerpt --><\/p>\n","protected":false},"featured_media":11392,"template":"","meta":[],"product_cat":[16],"product_tag":[1158,1157],"_links":{"self":[{"href":"https:\/\/www.bazarmerlin.com\/inicio\/wp-json\/wp\/v2\/product\/3746"}],"collection":[{"href":"https:\/\/www.bazarmerlin.com\/inicio\/wp-json\/wp\/v2\/product"}],"about":[{"href":"https:\/\/www.bazarmerlin.com\/inicio\/wp-json\/wp\/v2\/types\/product"}],"wp:featuredmedia":[{"embeddable":true,"href":"https:\/\/www.bazarmerlin.com\/inicio\/wp-json\/wp\/v2\/media\/11392"}],"wp:attachment":[{"href":"https:\/\/www.bazarmerlin.com\/inicio\/wp-json\/wp\/v2\/media?parent=3746"}],"wp:term":[{"taxonomy":"product_cat","embeddable":true,"href":"https:\/\/www.bazarmerlin.com\/inicio\/wp-json\/wp\/v2\/product_cat?post=3746"},{"taxonomy":"product_tag","embeddable":true,"href":"https:\/\/www.bazarmerlin.com\/inicio\/wp-json\/wp\/v2\/product_tag?post=3746"}],"curies":[{"name":"wp","href":"https:\/\/api.w.org\/{rel}","templated":true}]}}