{"id":3749,"date":"2015-08-07T18:33:31","date_gmt":"2015-08-07T18:33:31","guid":{"rendered":"https:\/\/www.bazarmerlin.com\/inicio\/?post_type=product&#038;p=3749"},"modified":"2023-01-06T00:14:33","modified_gmt":"2023-01-06T00:14:33","slug":"la-biblia-de-la-medicina-china-libro-definitivo","status":"publish","type":"product","link":"https:\/\/www.bazarmerlin.com\/inicio\/producto\/la-biblia-de-la-medicina-china-libro-definitivo\/","title":{"rendered":"La Biblia De La Medicina China\/ Libro Definitivo"},"content":{"rendered":"<p><strong>LA BIBLIA DE LA MEDICINA CHINA<\/strong><br \/>\n<strong>LIBRO DEFINITIVO<\/strong><\/p>\n<p>&nbsp;<\/p>\n<p>Esta gu\u00eda permitir\u00e1 conocer el poder curativo del antiguo arte medicinal chino. Tras abordar la descripci\u00f3n de sus principios fundamentales (incluyendo el equilibrio del yin y el yang y la teor\u00eda de los cinco elementos), nos introduce en las causas de las enfermedades, los diagn\u00f3sticos y los m\u00e9todos para tratar las dolencias m\u00e1s comunes. Encontrar\u00e1s tambi\u00e9n un directorio detallado de medicina herbal china, una descripci\u00f3n de los principios de la acupuntura y la acupresi\u00f3n, y una gu\u00eda de diversa t\u00e9cnicas de autoayuda, como el tai chi y el chi kung.<\/p>\n<p>&nbsp;<\/p>\n<p>&nbsp;<\/p>\n<p>&nbsp;<\/p>\n<p><strong>BAZAR MERL\u00cdN\u00ae<\/strong><br \/>\n<strong>El Lugar M\u00e1s M\u00edstico de Guadalajara<\/strong><br \/>\n<strong>ENVIAMOS A TODO M\u00c9XICO<\/strong><\/p>\n<!-- AddThis Advanced Settings generic via filter on the_content --><!-- AddThis Share Buttons generic via filter on the_content -->","protected":false},"excerpt":{"rendered":"<p>LA BIBLIA DE LA MEDICINA CHINA LIBRO DEFINITIVO &nbsp; Esta gu\u00eda permitir\u00e1 conocer el poder curativo del antiguo arte medicinal chino. Tras abordar la descripci\u00f3n de sus principios fundamentales (incluyendo el equilibrio del yin y el yang y la teor\u00eda de los cinco elementos), nos introduce en las causas de las enfermedades, los diagn\u00f3sticos y&hellip;<!-- AddThis Advanced Settings generic via filter on get_the_excerpt --><!-- AddThis Share Buttons generic via filter on get_the_excerpt --><\/p>\n","protected":false},"featured_media":11396,"template":"","meta":[],"product_cat":[16],"product_tag":[1159,1160],"_links":{"self":[{"href":"https:\/\/www.bazarmerlin.com\/inicio\/wp-json\/wp\/v2\/product\/3749"}],"collection":[{"href":"https:\/\/www.bazarmerlin.com\/inicio\/wp-json\/wp\/v2\/product"}],"about":[{"href":"https:\/\/www.bazarmerlin.com\/inicio\/wp-json\/wp\/v2\/types\/product"}],"wp:featuredmedia":[{"embeddable":true,"href":"https:\/\/www.bazarmerlin.com\/inicio\/wp-json\/wp\/v2\/media\/11396"}],"wp:attachment":[{"href":"https:\/\/www.bazarmerlin.com\/inicio\/wp-json\/wp\/v2\/media?parent=3749"}],"wp:term":[{"taxonomy":"product_cat","embeddable":true,"href":"https:\/\/www.bazarmerlin.com\/inicio\/wp-json\/wp\/v2\/product_cat?post=3749"},{"taxonomy":"product_tag","embeddable":true,"href":"https:\/\/www.bazarmerlin.com\/inicio\/wp-json\/wp\/v2\/product_tag?post=3749"}],"curies":[{"name":"wp","href":"https:\/\/api.w.org\/{rel}","templated":true}]}}