{"id":3785,"date":"2015-08-07T19:15:47","date_gmt":"2015-08-07T19:15:47","guid":{"rendered":"https:\/\/www.bazarmerlin.com\/inicio\/?post_type=product&#038;p=3785"},"modified":"2023-01-05T00:28:25","modified_gmt":"2023-01-05T00:28:25","slug":"ciencia-y-practica-de-la-iridologia","status":"publish","type":"product","link":"https:\/\/www.bazarmerlin.com\/inicio\/producto\/ciencia-y-practica-de-la-iridologia\/","title":{"rendered":"Ciencia Y Pr\u00e1ctica De La Iridolog\u00eda &#8211; Dr. Bernard Jensen"},"content":{"rendered":"<p><strong>CIENCIA Y PRACTICA DE LA IRIDOLOG\u00cdA\u00a0<\/strong><br \/>\n<strong>Por: DR. BERNARD JENSEN<\/strong><\/p>\n<p>P\u00e1ginas: 389<\/p>\n<p>EL OJO, EL TEJIDO CORPORAL M\u00c1S COMPLEJO REVELA EL CAMINO DE LA SALUD.<\/p>\n<p>El estudio de esta informaci\u00f3nsobre el nivel de la salud, sus fortalezas y sus debilidades, su historia y sus requerimientos de vida y nutrici\u00f3n, se llama IRIDOLOG\u00cdA y es una de las mas fascinantes t\u00e9cnicas de la terapia alternativa.<\/p>\n<p>LA CONSTITUCI\u00d3N DEL IRIS, SUS COLORES, DENSIDAD Y MARCAS PROPIAS REFLEJAN FIELMENTE NUESTRO ESTADO INTERNO PUDIENDO REVELAR AS\u00cd:<\/p>\n<p>* LAS NECESIDADES NUTRICIONALES B\u00c1SICAS<br \/>\n* LAS AREAS DE TEJIDO EN RIESGO<br \/>\n* LOS EFECTOS DEL ESTRES<br \/>\n* EL NIVEL DE IMPULSO SEXUAL<br \/>\n* LAS FUENTES DE INFECCI\u00d3N<br \/>\n* LA SENSIBILIDAD POTENCIAL<br \/>\n* LA RESISTENCIA A LA ENFERMEDAD<br \/>\n* LA RESPUESTA AL TRATAMIENTO, ETC&#8230;<\/p>\n<p>Esta obra es una verdadera enciclopedia, aprendemos la historia, las bases, las herramientas la aplicaci\u00f3n de la IRIDOLOG\u00cdA, una disciplina hol\u00edstica que revela lo que otros m\u00e9todos no pueden, y es un gran complemento de la medicina al\u00f3pata y de todas las ciencias de la salud moderna.<\/p>\n<p>Este libro contiene TODA LA CIENCIA DE LA IRIDOLOG\u00cdA y el trabajo que su autor, un verdadero ap\u00f3stol del an\u00e1lisis del iris y la medicina natural que desarroll\u00f3 en su practica.<\/p>\n<p>&nbsp;<\/p>\n<p>&nbsp;<\/p>\n<p><strong>BAZAR MERLIN<\/strong><br \/>\n<strong>El Lugar M\u00e1s M\u00edstico de Guadalajara<\/strong><br \/>\n<strong>ENVIAMOS A TODO M\u00c9XICO<\/strong><\/p>\n<!-- AddThis Advanced Settings generic via filter on the_content --><!-- AddThis Share Buttons generic via filter on the_content -->","protected":false},"excerpt":{"rendered":"<p>CIENCIA Y PRACTICA DE LA IRIDOLOG\u00cdA\u00a0 Por: DR. BERNARD JENSEN P\u00e1ginas: 389 EL OJO, EL TEJIDO CORPORAL M\u00c1S COMPLEJO REVELA EL CAMINO DE LA SALUD. El estudio de esta informaci\u00f3nsobre el nivel de la salud, sus fortalezas y sus debilidades, su historia y sus requerimientos de vida y nutrici\u00f3n, se llama IRIDOLOG\u00cdA y es una&hellip;<!-- AddThis Advanced Settings generic via filter on get_the_excerpt --><!-- AddThis Share Buttons generic via filter on get_the_excerpt --><\/p>\n","protected":false},"featured_media":11368,"template":"","meta":[],"product_cat":[16],"product_tag":[1163,1162],"_links":{"self":[{"href":"https:\/\/www.bazarmerlin.com\/inicio\/wp-json\/wp\/v2\/product\/3785"}],"collection":[{"href":"https:\/\/www.bazarmerlin.com\/inicio\/wp-json\/wp\/v2\/product"}],"about":[{"href":"https:\/\/www.bazarmerlin.com\/inicio\/wp-json\/wp\/v2\/types\/product"}],"wp:featuredmedia":[{"embeddable":true,"href":"https:\/\/www.bazarmerlin.com\/inicio\/wp-json\/wp\/v2\/media\/11368"}],"wp:attachment":[{"href":"https:\/\/www.bazarmerlin.com\/inicio\/wp-json\/wp\/v2\/media?parent=3785"}],"wp:term":[{"taxonomy":"product_cat","embeddable":true,"href":"https:\/\/www.bazarmerlin.com\/inicio\/wp-json\/wp\/v2\/product_cat?post=3785"},{"taxonomy":"product_tag","embeddable":true,"href":"https:\/\/www.bazarmerlin.com\/inicio\/wp-json\/wp\/v2\/product_tag?post=3785"}],"curies":[{"name":"wp","href":"https:\/\/api.w.org\/{rel}","templated":true}]}}