{"id":3797,"date":"2015-08-07T19:27:43","date_gmt":"2015-08-07T19:27:43","guid":{"rendered":"https:\/\/www.bazarmerlin.com\/inicio\/?post_type=product&#038;p=3797"},"modified":"2023-01-06T23:56:34","modified_gmt":"2023-01-06T23:56:34","slug":"medicina-tradicional-china-3-posters-acupuntura","status":"publish","type":"product","link":"https:\/\/www.bazarmerlin.com\/inicio\/producto\/medicina-tradicional-china-3-posters-acupuntura\/","title":{"rendered":"Medicina Tradicional China &#8211; 3 Posters Acupuntura"},"content":{"rendered":"<p><strong>LIBRO MEDICINA TRADICIONAL CHINA<\/strong><br \/>\n<strong>(INCLUYE 3 POSTERS)<\/strong><\/p>\n<p>&nbsp;<\/p>\n<p>La versi\u00f3n en lengua espa\u00f1ola de \u201cCanales y Puntos Acupunturales Estandarizados (Gr\u00e1ficos)\u201d fue recopilada y editada por el Instituto de Acupuntura y Moxibusti\u00f3n de la Academia Tradicional China, y publicada por ediciones en Lenguajes Extrajeras, Beijing, en 1993. La edici\u00f3n fue bien acogida por el p\u00fablico hispanohablante.<\/p>\n<p>Aprovechando la reedici\u00f3n de esta obra, y a demanda de los lectores, hemos cambiado la presentaci\u00f3n de los puntos acupunturales, que antes se hac\u00eda con caracteres chinos y pinyin, utilizando la numeraci\u00f3n estandarizada de los primeros puntos y letras, lo que facilitara mucho la lectura.<\/p>\n<p>La colecci\u00f3n est\u00e1 compuesta por tres l\u00e1minas que muestran, por separado, los canales y colaterales, los nombres de los puntos y sus localizaciones en las partes frontal, dorsal y lateral del cuerpo humano. Acompa\u00f1a a los gr\u00e1ficos un folleto de explicaciones detalladas. Tanto los gr\u00e1ficos como el folleto sirven como materiales de consulta indispensables para los acupunturitas en su pr\u00e1ctica cl\u00ednica, la ense\u00f1anza y la investigaci\u00f3n.<\/p>\n<p>&nbsp;<\/p>\n<p>&nbsp;<\/p>\n<p><strong>BAZAR MERLIN<\/strong><br \/>\n<strong>El Lugar M\u00e1s M\u00edstico de Guadalajara<\/strong><br \/>\n<strong>ENVIAMOS A TODO M\u00c9XICO<\/strong><\/p>\n<!-- AddThis Advanced Settings generic via filter on the_content --><!-- AddThis Share Buttons generic via filter on the_content -->","protected":false},"excerpt":{"rendered":"<p>LIBRO MEDICINA TRADICIONAL CHINA (INCLUYE 3 POSTERS) &nbsp; La versi\u00f3n en lengua espa\u00f1ola de \u201cCanales y Puntos Acupunturales Estandarizados (Gr\u00e1ficos)\u201d fue recopilada y editada por el Instituto de Acupuntura y Moxibusti\u00f3n de la Academia Tradicional China, y publicada por ediciones en Lenguajes Extrajeras, Beijing, en 1993. La edici\u00f3n fue bien acogida por el p\u00fablico hispanohablante.&hellip;<!-- AddThis Advanced Settings generic via filter on get_the_excerpt --><!-- AddThis Share Buttons generic via filter on get_the_excerpt --><\/p>\n","protected":false},"featured_media":11423,"template":"","meta":[],"product_cat":[16],"product_tag":[1165,1164],"_links":{"self":[{"href":"https:\/\/www.bazarmerlin.com\/inicio\/wp-json\/wp\/v2\/product\/3797"}],"collection":[{"href":"https:\/\/www.bazarmerlin.com\/inicio\/wp-json\/wp\/v2\/product"}],"about":[{"href":"https:\/\/www.bazarmerlin.com\/inicio\/wp-json\/wp\/v2\/types\/product"}],"wp:featuredmedia":[{"embeddable":true,"href":"https:\/\/www.bazarmerlin.com\/inicio\/wp-json\/wp\/v2\/media\/11423"}],"wp:attachment":[{"href":"https:\/\/www.bazarmerlin.com\/inicio\/wp-json\/wp\/v2\/media?parent=3797"}],"wp:term":[{"taxonomy":"product_cat","embeddable":true,"href":"https:\/\/www.bazarmerlin.com\/inicio\/wp-json\/wp\/v2\/product_cat?post=3797"},{"taxonomy":"product_tag","embeddable":true,"href":"https:\/\/www.bazarmerlin.com\/inicio\/wp-json\/wp\/v2\/product_tag?post=3797"}],"curies":[{"name":"wp","href":"https:\/\/api.w.org\/{rel}","templated":true}]}}