{"id":383,"date":"2015-06-26T17:27:59","date_gmt":"2015-06-26T17:27:59","guid":{"rendered":"https:\/\/www.bazarmerlin.com\/inicio\/?post_type=product&#038;p=383"},"modified":"2022-10-04T23:08:25","modified_gmt":"2022-10-04T23:08:25","slug":"jabon-lluvia-de-suerte","status":"publish","type":"product","link":"https:\/\/www.bazarmerlin.com\/inicio\/producto\/jabon-lluvia-de-suerte\/","title":{"rendered":"Jabon Lluvia de Suerte"},"content":{"rendered":"<p><strong>JAB\u00d3N LLUVIA DE SUERTE<\/strong><br \/>\n<strong>Presentaci\u00f3n en Barra 100 Gms. c\/u<\/strong><\/p>\n<p>&nbsp;<\/p>\n<p>Este M\u00e1gico Jab\u00f3n es Ideal para atraer la Buena Suerte en Amor, Negocios, Ventas y Oportunidades.<\/p>\n<p>Elaborado especialmente por SANTEROS Y ESCENCIAS M\u00cdSTICAS que nos ayudan a Abrir Caminos en todos los aspectos.<\/p>\n<p>&nbsp;<\/p>\n<p>&nbsp;<\/p>\n<p><strong>BAZAR\u00a0<\/strong><b>MERL\u00cdN<\/b><br \/>\n<strong>El Lugar M\u00e1s M\u00edstico de Guadalajara<\/strong><br \/>\n<strong>ENVIAMOS A TODO M\u00c9XICO..<\/strong><\/p>\n<!-- AddThis Advanced Settings generic via filter on the_content --><!-- AddThis Share Buttons generic via filter on the_content -->","protected":false},"excerpt":{"rendered":"<p>JAB\u00d3N LLUVIA DE SUERTE Presentaci\u00f3n en Barra 100 Gms. c\/u &nbsp; Este M\u00e1gico Jab\u00f3n es Ideal para atraer la Buena Suerte en Amor, Negocios, Ventas y Oportunidades. Elaborado especialmente por SANTEROS Y ESCENCIAS M\u00cdSTICAS que nos ayudan a Abrir Caminos en todos los aspectos. &nbsp; &nbsp; BAZAR\u00a0MERL\u00cdN El Lugar M\u00e1s M\u00edstico de Guadalajara ENVIAMOS A&hellip;<!-- AddThis Advanced Settings generic via filter on get_the_excerpt --><!-- AddThis Share Buttons generic via filter on get_the_excerpt --><\/p>\n","protected":false},"featured_media":10246,"template":"","meta":[],"product_cat":[14],"product_tag":[511],"_links":{"self":[{"href":"https:\/\/www.bazarmerlin.com\/inicio\/wp-json\/wp\/v2\/product\/383"}],"collection":[{"href":"https:\/\/www.bazarmerlin.com\/inicio\/wp-json\/wp\/v2\/product"}],"about":[{"href":"https:\/\/www.bazarmerlin.com\/inicio\/wp-json\/wp\/v2\/types\/product"}],"wp:featuredmedia":[{"embeddable":true,"href":"https:\/\/www.bazarmerlin.com\/inicio\/wp-json\/wp\/v2\/media\/10246"}],"wp:attachment":[{"href":"https:\/\/www.bazarmerlin.com\/inicio\/wp-json\/wp\/v2\/media?parent=383"}],"wp:term":[{"taxonomy":"product_cat","embeddable":true,"href":"https:\/\/www.bazarmerlin.com\/inicio\/wp-json\/wp\/v2\/product_cat?post=383"},{"taxonomy":"product_tag","embeddable":true,"href":"https:\/\/www.bazarmerlin.com\/inicio\/wp-json\/wp\/v2\/product_tag?post=383"}],"curies":[{"name":"wp","href":"https:\/\/api.w.org\/{rel}","templated":true}]}}