{"id":3832,"date":"2015-08-08T16:39:55","date_gmt":"2015-08-08T16:39:55","guid":{"rendered":"https:\/\/www.bazarmerlin.com\/inicio\/?post_type=product&#038;p=3832"},"modified":"2023-01-04T23:49:39","modified_gmt":"2023-01-04T23:49:39","slug":"atlas-de-los-puntos-acupunturales-por-secciones-anatomicas","status":"publish","type":"product","link":"https:\/\/www.bazarmerlin.com\/inicio\/producto\/atlas-de-los-puntos-acupunturales-por-secciones-anatomicas\/","title":{"rendered":"Atlas De Los Puntos Acupunturales Por Secciones Anat\u00f3micas"},"content":{"rendered":"<p><strong>ATLAS DE LOS PUNTOS ACUPUNTURALES POR SECCIONES ANAT\u00d3MICAS<\/strong><\/p>\n<p>Autor: Gao Hualing<br \/>\n152 p\u00e1ginas<\/p>\n<p>La aplicaci\u00f3n de la acupuntura y la moxibusti\u00f3n para prevenir y tratar las enfermedades y fortalecer la salud escogiendo determinados puntos distribuidos en los diversos meridianos o canales del cuerpo humano es un importante m\u00e9todo de la medicina tradicional china. No obstante, \u00bfCu\u00e1l es la posici\u00f3n subcut\u00e1nea de los puntos ubicados en la epidermis? \u00bfQu\u00e9 profundidad tiene cada punto? \u00bfCu\u00e1l es la direcci\u00f3n que sigue? Hasta hoy no se ha publicado ninguna obra especializada al respecto.<\/p>\n<p>El presente libro aprovecha la forma de atlas para dar a conocer la distribuci\u00f3n, direcci\u00f3n y profundidad de cada uno de los puntos acupunturales, m\u00e1s de 360, seg\u00fan las secciones anat\u00f3micas, la piel, los m\u00fasculos, los vasos sangu\u00edneos, los nervios, los huesos y los \u00f3rganos internos.<\/p>\n<p>Con datos ilustrativos y cient\u00edficos, el lector tiene acceso al conocimiento de los puntos acupunturales y en el cuerpo humano. El libro ofrece varios anexos con nombres de los puntos, indicaciones y conocimientos generales de la acupuntura y la moxibust\u00edon y advertencias para efectuar las punciones. Sin duda, es un libro clave de referencia para los estudiosos de la medicina y los aficionados a la acupuntura y moxibusti\u00f3n.<\/p>\n<p>&nbsp;<\/p>\n<p>&nbsp;<\/p>\n<p><strong>BAZAR MERL\u00cdN\u00ae<\/strong><br \/>\n<strong>El Lugar M\u00e1s M\u00edstico de Guadalajara<\/strong><br \/>\n<strong>ENVIAMOS A TODO M\u00c9XICO<\/strong><\/p>\n<!-- AddThis Advanced Settings generic via filter on the_content --><!-- AddThis Share Buttons generic via filter on the_content -->","protected":false},"excerpt":{"rendered":"<p>ATLAS DE LOS PUNTOS ACUPUNTURALES POR SECCIONES ANAT\u00d3MICAS Autor: Gao Hualing 152 p\u00e1ginas La aplicaci\u00f3n de la acupuntura y la moxibusti\u00f3n para prevenir y tratar las enfermedades y fortalecer la salud escogiendo determinados puntos distribuidos en los diversos meridianos o canales del cuerpo humano es un importante m\u00e9todo de la medicina tradicional china. No obstante,&hellip;<!-- AddThis Advanced Settings generic via filter on get_the_excerpt --><!-- AddThis Share Buttons generic via filter on get_the_excerpt --><\/p>\n","protected":false},"featured_media":11360,"template":"","meta":[],"product_cat":[16],"product_tag":[1168],"_links":{"self":[{"href":"https:\/\/www.bazarmerlin.com\/inicio\/wp-json\/wp\/v2\/product\/3832"}],"collection":[{"href":"https:\/\/www.bazarmerlin.com\/inicio\/wp-json\/wp\/v2\/product"}],"about":[{"href":"https:\/\/www.bazarmerlin.com\/inicio\/wp-json\/wp\/v2\/types\/product"}],"wp:featuredmedia":[{"embeddable":true,"href":"https:\/\/www.bazarmerlin.com\/inicio\/wp-json\/wp\/v2\/media\/11360"}],"wp:attachment":[{"href":"https:\/\/www.bazarmerlin.com\/inicio\/wp-json\/wp\/v2\/media?parent=3832"}],"wp:term":[{"taxonomy":"product_cat","embeddable":true,"href":"https:\/\/www.bazarmerlin.com\/inicio\/wp-json\/wp\/v2\/product_cat?post=3832"},{"taxonomy":"product_tag","embeddable":true,"href":"https:\/\/www.bazarmerlin.com\/inicio\/wp-json\/wp\/v2\/product_tag?post=3832"}],"curies":[{"name":"wp","href":"https:\/\/api.w.org\/{rel}","templated":true}]}}