{"id":385,"date":"2015-06-26T17:31:04","date_gmt":"2015-06-26T17:31:04","guid":{"rendered":"https:\/\/www.bazarmerlin.com\/inicio\/?post_type=product&#038;p=385"},"modified":"2022-12-01T00:05:36","modified_gmt":"2022-12-01T00:05:36","slug":"33-esencias-magicas-buena-suerte-amor-dinero-y-proteccion","status":"publish","type":"product","link":"https:\/\/www.bazarmerlin.com\/inicio\/producto\/33-esencias-magicas-buena-suerte-amor-dinero-y-proteccion\/","title":{"rendered":"33 Esencias Magicas &#8211; Buena Suerte Amor, Dinero Y Protecci\u00f3n"},"content":{"rendered":"<p><strong>PODEROSO COCKTAIL 33 ESENCIAS<\/strong><br \/>\n<strong>RIEGO PARA CASA O PERSONA.<\/strong><\/p>\n<p>&nbsp;<\/p>\n<p>Para abrir los caminos a la buena suerte, te ayuda a quitar todo obst\u00e1culo y bloqueos que tengas, ya sea en tu vida personal o<br \/>\nlaboral y atrae todo lo bueno a tu vida&#8230;<\/p>\n<p>Te limpia energeticamente para quitarte todo lo malo que pueda estar interfiriendo y as\u00ed abrirte a la prosperidad y<br \/>\nabundancia asi como tambien para que atraigas el amor a tu vida&#8230;<\/p>\n<p>-F\u00f3rmula para atraer \u00c9xito en el AMOR, DINERO Y PROTECCI\u00d3N.-<\/p>\n<p>-Retira Bloqueos y atrae toda la Buena Suerte en un Agradable Aroma.-<\/p>\n<p>Debido a que est\u00e1 hecho con 33 ESENCIAS M\u00cdSTICAS, Hierbas y Aceites M\u00e1gicos, tu Energ\u00eda se Limpia desde los primeros d\u00edas de uso.<\/p>\n<p>&nbsp;<\/p>\n<p>&nbsp;<\/p>\n<p><strong>BAZAR MERLIN\u00ae<\/strong><br \/>\n<strong>El Lugar M\u00e1s M\u00edstico de Guadalajara<\/strong><br \/>\n<strong>ENVIAMOS A TODO M\u00c9XICO<\/strong><\/p>\n<!-- AddThis Advanced Settings generic via filter on the_content --><!-- AddThis Share Buttons generic via filter on the_content -->","protected":false},"excerpt":{"rendered":"<p>PODEROSO COCKTAIL 33 ESENCIAS RIEGO PARA CASA O PERSONA. &nbsp; Para abrir los caminos a la buena suerte, te ayuda a quitar todo obst\u00e1culo y bloqueos que tengas, ya sea en tu vida personal o laboral y atrae todo lo bueno a tu vida&#8230; Te limpia energeticamente para quitarte todo lo malo que pueda estar&hellip;<!-- AddThis Advanced Settings generic via filter on get_the_excerpt --><!-- AddThis Share Buttons generic via filter on get_the_excerpt --><\/p>\n","protected":false},"featured_media":10909,"template":"","meta":[],"product_cat":[20],"product_tag":[512,513,514],"_links":{"self":[{"href":"https:\/\/www.bazarmerlin.com\/inicio\/wp-json\/wp\/v2\/product\/385"}],"collection":[{"href":"https:\/\/www.bazarmerlin.com\/inicio\/wp-json\/wp\/v2\/product"}],"about":[{"href":"https:\/\/www.bazarmerlin.com\/inicio\/wp-json\/wp\/v2\/types\/product"}],"wp:featuredmedia":[{"embeddable":true,"href":"https:\/\/www.bazarmerlin.com\/inicio\/wp-json\/wp\/v2\/media\/10909"}],"wp:attachment":[{"href":"https:\/\/www.bazarmerlin.com\/inicio\/wp-json\/wp\/v2\/media?parent=385"}],"wp:term":[{"taxonomy":"product_cat","embeddable":true,"href":"https:\/\/www.bazarmerlin.com\/inicio\/wp-json\/wp\/v2\/product_cat?post=385"},{"taxonomy":"product_tag","embeddable":true,"href":"https:\/\/www.bazarmerlin.com\/inicio\/wp-json\/wp\/v2\/product_tag?post=385"}],"curies":[{"name":"wp","href":"https:\/\/api.w.org\/{rel}","templated":true}]}}