{"id":3863,"date":"2015-08-08T17:08:58","date_gmt":"2015-08-08T17:08:58","guid":{"rendered":"https:\/\/www.bazarmerlin.com\/inicio\/?post_type=product&#038;p=3863"},"modified":"2022-12-06T22:56:55","modified_gmt":"2022-12-06T22:56:55","slug":"perfume-lluvia-de-dinero-fortuna-exito-economico-suerte","status":"publish","type":"product","link":"https:\/\/www.bazarmerlin.com\/inicio\/producto\/perfume-lluvia-de-dinero-fortuna-exito-economico-suerte\/","title":{"rendered":"Loci\u00f3n Dinero Original &#8211; Atrae Abundancia Y Suerte"},"content":{"rendered":"<h3><strong>LOCI\u00d3N ESOT\u00c9RICA DINERO<\/strong><\/h3>\n<p>&nbsp;<\/p>\n<p>Loci\u00f3n ven dinero atrayente de suerte y abundancia preparada con hierbas y aceites esenciales especialmente tratadas y ritualizadas<br \/>\nEsta loci\u00f3n puedes utilizarla tanto corporalmente como rociarla en alg\u00fan lugar ya sea casa, negocio<\/p>\n<p>&#8211; Preparada por verdaderos conocedores en magia y esoterismo<br \/>\n&#8211; Contenido 100ml<\/p>\n<p>&nbsp;<\/p>\n<p>&nbsp;<\/p>\n<p><strong>BAZAR MERLIN<\/strong><br \/>\n<strong>El Lugar M\u00e1s M\u00edstico de Guadalajara<\/strong><br \/>\n<strong>ENVIAMOS A TODO M\u00c9XICO <\/strong><\/p>\n<!-- AddThis Advanced Settings generic via filter on the_content --><!-- AddThis Share Buttons generic via filter on the_content -->","protected":false},"excerpt":{"rendered":"<p>LOCI\u00d3N ESOT\u00c9RICA DINERO &nbsp; Loci\u00f3n ven dinero atrayente de suerte y abundancia preparada con hierbas y aceites esenciales especialmente tratadas y ritualizadas Esta loci\u00f3n puedes utilizarla tanto corporalmente como rociarla en alg\u00fan lugar ya sea casa, negocio &#8211; Preparada por verdaderos conocedores en magia y esoterismo &#8211; Contenido 100ml &nbsp; &nbsp; BAZAR MERLIN El Lugar&hellip;<!-- AddThis Advanced Settings generic via filter on get_the_excerpt --><!-- AddThis Share Buttons generic via filter on get_the_excerpt --><\/p>\n","protected":false},"featured_media":10981,"template":"","meta":[],"product_cat":[20],"product_tag":[1172,1171],"_links":{"self":[{"href":"https:\/\/www.bazarmerlin.com\/inicio\/wp-json\/wp\/v2\/product\/3863"}],"collection":[{"href":"https:\/\/www.bazarmerlin.com\/inicio\/wp-json\/wp\/v2\/product"}],"about":[{"href":"https:\/\/www.bazarmerlin.com\/inicio\/wp-json\/wp\/v2\/types\/product"}],"wp:featuredmedia":[{"embeddable":true,"href":"https:\/\/www.bazarmerlin.com\/inicio\/wp-json\/wp\/v2\/media\/10981"}],"wp:attachment":[{"href":"https:\/\/www.bazarmerlin.com\/inicio\/wp-json\/wp\/v2\/media?parent=3863"}],"wp:term":[{"taxonomy":"product_cat","embeddable":true,"href":"https:\/\/www.bazarmerlin.com\/inicio\/wp-json\/wp\/v2\/product_cat?post=3863"},{"taxonomy":"product_tag","embeddable":true,"href":"https:\/\/www.bazarmerlin.com\/inicio\/wp-json\/wp\/v2\/product_tag?post=3863"}],"curies":[{"name":"wp","href":"https:\/\/api.w.org\/{rel}","templated":true}]}}