{"id":387,"date":"2015-06-26T17:36:00","date_gmt":"2015-06-26T17:36:00","guid":{"rendered":"https:\/\/www.bazarmerlin.com\/inicio\/?post_type=product&#038;p=387"},"modified":"2022-10-12T21:42:58","modified_gmt":"2022-10-12T21:42:58","slug":"poderoso-spray-contra-danos-corta-toda-mala-vibra","status":"publish","type":"product","link":"https:\/\/www.bazarmerlin.com\/inicio\/producto\/poderoso-spray-contra-danos-corta-toda-mala-vibra\/","title":{"rendered":"Poderoso Spray Contra Da\u00f1os \/ Corta Toda Mala Vibra"},"content":{"rendered":"<p><strong>SPRAY CONTRA DA\u00d1O<\/strong><br \/>\n<strong>Quita Cualquier Trabajo Negro<\/strong><\/p>\n<p>&nbsp;<\/p>\n<p>PODEROSO SPRAY que ayudar\u00e1 contrarrestar da\u00f1os, bloqueos y negatividad. Usan diariamente con mucha fe y obtendr\u00e1 f\u00e1cilmente dinero, salud, suerte y felicidad.<\/p>\n<p>Este PODEROSO SPRAY cortar\u00e1 toda la mala suerte y quitar a cualquier trabajo negro que te hayan impuesto protegi\u00e9ndote adem\u00e1s de las malas vibras y los pensamientos destructivos original lo sabes es por uno mismo. Ayudara a limpiar tu campo \u00e1urico atrayendo oportunidades \u00e9xito y abri\u00e9ndote caminos.<\/p>\n<p>Los SPRAY Esot\u00e9ricos son preparados con productos, esencias y extractos especiales. Cuando tienes un problema que crees de dif\u00edcil soluci\u00f3n es bueno recurrir a los rituales de magia, estos siempre nos ayudan a lograr exitosamente los objetivos que queremos conseguir.<\/p>\n<p>Las limpiezas o rituales con SPRAY sirven para uso diario tanto del cuerpo como de las manos y toda tu energ\u00eda c\u00f3smica y aurica equilibrando tus chakras para as\u00ed cambiar de forma inmediata tu suerte. Su fabricaci\u00f3n y su composici\u00f3n son de forma 100% artesanal por lo que llevan la esencia y extracto natural para equilibrar tu energ\u00eda,<\/p>\n<p>&nbsp;<\/p>\n<p>&nbsp;<\/p>\n<p><strong>BAZAR\u00a0<\/strong><b>MERL\u00cdN<\/b><br \/>\n<strong>El Lugar M\u00e1s M\u00edstico de Guadalajara<\/strong><br \/>\n<strong>ENVIAMOS A TODO M\u00c9XICO&#8230;<\/strong><\/p>\n<!-- AddThis Advanced Settings generic via filter on the_content --><!-- AddThis Share Buttons generic via filter on the_content -->","protected":false},"excerpt":{"rendered":"<p>SPRAY CONTRA DA\u00d1O Quita Cualquier Trabajo Negro &nbsp; PODEROSO SPRAY que ayudar\u00e1 contrarrestar da\u00f1os, bloqueos y negatividad. Usan diariamente con mucha fe y obtendr\u00e1 f\u00e1cilmente dinero, salud, suerte y felicidad. Este PODEROSO SPRAY cortar\u00e1 toda la mala suerte y quitar a cualquier trabajo negro que te hayan impuesto protegi\u00e9ndote adem\u00e1s de las malas vibras y&hellip;<!-- AddThis Advanced Settings generic via filter on get_the_excerpt --><!-- AddThis Share Buttons generic via filter on get_the_excerpt --><\/p>\n","protected":false},"featured_media":10318,"template":"","meta":[],"product_cat":[14],"product_tag":[516,515],"_links":{"self":[{"href":"https:\/\/www.bazarmerlin.com\/inicio\/wp-json\/wp\/v2\/product\/387"}],"collection":[{"href":"https:\/\/www.bazarmerlin.com\/inicio\/wp-json\/wp\/v2\/product"}],"about":[{"href":"https:\/\/www.bazarmerlin.com\/inicio\/wp-json\/wp\/v2\/types\/product"}],"wp:featuredmedia":[{"embeddable":true,"href":"https:\/\/www.bazarmerlin.com\/inicio\/wp-json\/wp\/v2\/media\/10318"}],"wp:attachment":[{"href":"https:\/\/www.bazarmerlin.com\/inicio\/wp-json\/wp\/v2\/media?parent=387"}],"wp:term":[{"taxonomy":"product_cat","embeddable":true,"href":"https:\/\/www.bazarmerlin.com\/inicio\/wp-json\/wp\/v2\/product_cat?post=387"},{"taxonomy":"product_tag","embeddable":true,"href":"https:\/\/www.bazarmerlin.com\/inicio\/wp-json\/wp\/v2\/product_tag?post=387"}],"curies":[{"name":"wp","href":"https:\/\/api.w.org\/{rel}","templated":true}]}}