{"id":3893,"date":"2015-08-08T17:50:41","date_gmt":"2015-08-08T17:50:41","guid":{"rendered":"https:\/\/www.bazarmerlin.com\/inicio\/?post_type=product&#038;p=3893"},"modified":"2023-01-06T23:43:03","modified_gmt":"2023-01-06T23:43:03","slug":"los-7-secretos-de-los-sonidos-sanadores-libro-y-dvd","status":"publish","type":"product","link":"https:\/\/www.bazarmerlin.com\/inicio\/producto\/los-7-secretos-de-los-sonidos-sanadores-libro-y-dvd\/","title":{"rendered":"Los 7 Secretos De Los Sonidos Sanadores &#8211; Libro Y Dvd"},"content":{"rendered":"<p><strong>LOS 7 SECRETOS DE LOS SONIDOS SANADORES &#8211; LIBRO Y DVD<\/strong><\/p>\n<p>&nbsp;<\/p>\n<p>\u00bfEs posible utilizar el sonido para sanar y transformar? \u00a1El pionero de la sanaci\u00f3n a trav\u00e9s del sonido Jonathan Goldman nos revela c\u00f3mo hacerlo! La informaci\u00f3n pr\u00e1ctica y los ejercicios que nos presenta nos permitir\u00e1n comprobar de qu\u00e9 forma el asombroso poder del sonido funciona como terapia vibratoria personal para estimular la mente, el cuerpo y el esp\u00edritu.<\/p>\n<p>\u00ab&#8230;\u00a0<span class=\"a-text-italic\">Los 7 secretos de los sonidos sanadores<\/span>\u00a0es un libro imprescindible en cualquier biblioteca de sanaci\u00f3n y uno que debe leer todo aquel que sienta pasi\u00f3n por la sanaci\u00f3n y la paz.\u00bb Gregg Braden, autor de\u00a0<span class=\"a-text-italic\">La matriz divina<\/span>\u00a0y\u00a0<span class=\"a-text-italic\">The God Code<\/span><\/p>\n<p>&nbsp;<\/p>\n<p>&nbsp;<\/p>\n<p><strong>BAZAR MERL\u00cdN\u00ae<\/strong><br \/>\n<strong>El Lugar M\u00e1s M\u00edstico de Guadalajara<\/strong><br \/>\n<strong>ENVIAMOS A TODO M\u00c9XICO<\/strong><\/p>\n<!-- AddThis Advanced Settings generic via filter on the_content --><!-- AddThis Share Buttons generic via filter on the_content -->","protected":false},"excerpt":{"rendered":"<p>LOS 7 SECRETOS DE LOS SONIDOS SANADORES &#8211; LIBRO Y DVD &nbsp; \u00bfEs posible utilizar el sonido para sanar y transformar? \u00a1El pionero de la sanaci\u00f3n a trav\u00e9s del sonido Jonathan Goldman nos revela c\u00f3mo hacerlo! La informaci\u00f3n pr\u00e1ctica y los ejercicios que nos presenta nos permitir\u00e1n comprobar de qu\u00e9 forma el asombroso poder del&hellip;<!-- AddThis Advanced Settings generic via filter on get_the_excerpt --><!-- AddThis Share Buttons generic via filter on get_the_excerpt --><\/p>\n","protected":false},"featured_media":11419,"template":"","meta":[],"product_cat":[16],"product_tag":[1177,1176],"_links":{"self":[{"href":"https:\/\/www.bazarmerlin.com\/inicio\/wp-json\/wp\/v2\/product\/3893"}],"collection":[{"href":"https:\/\/www.bazarmerlin.com\/inicio\/wp-json\/wp\/v2\/product"}],"about":[{"href":"https:\/\/www.bazarmerlin.com\/inicio\/wp-json\/wp\/v2\/types\/product"}],"wp:featuredmedia":[{"embeddable":true,"href":"https:\/\/www.bazarmerlin.com\/inicio\/wp-json\/wp\/v2\/media\/11419"}],"wp:attachment":[{"href":"https:\/\/www.bazarmerlin.com\/inicio\/wp-json\/wp\/v2\/media?parent=3893"}],"wp:term":[{"taxonomy":"product_cat","embeddable":true,"href":"https:\/\/www.bazarmerlin.com\/inicio\/wp-json\/wp\/v2\/product_cat?post=3893"},{"taxonomy":"product_tag","embeddable":true,"href":"https:\/\/www.bazarmerlin.com\/inicio\/wp-json\/wp\/v2\/product_tag?post=3893"}],"curies":[{"name":"wp","href":"https:\/\/api.w.org\/{rel}","templated":true}]}}