{"id":393,"date":"2015-06-26T17:44:59","date_gmt":"2015-06-26T17:44:59","guid":{"rendered":"https:\/\/www.bazarmerlin.com\/inicio\/?post_type=product&#038;p=393"},"modified":"2022-10-03T22:07:05","modified_gmt":"2022-10-03T22:07:05","slug":"jabon-cuarzo-rosa-atrae-el-amor-y-pasion-del-sexo-opuesto","status":"publish","type":"product","link":"https:\/\/www.bazarmerlin.com\/inicio\/producto\/jabon-cuarzo-rosa-atrae-el-amor-y-pasion-del-sexo-opuesto\/","title":{"rendered":"Jab\u00f3n Cuarzo Rosa Atrae El Amor Y Pasi\u00f3n Del Sexo Opuesto"},"content":{"rendered":"<div style=\"text-align: center;\">\n<div style=\"text-align: center;\">\n<div style=\"text-align: left;\">\n<p><strong>JAB\u00d3N DE CUARZO ROSA IDEAL PARA ATRAER EL AMOR<\/strong><\/p>\n<p>&nbsp;<\/p>\n<p>El cuarzo rosa es la piedra del amor y de la paz infinita. Es la piedra m\u00e1s importante para el coraz\u00f3n y el cuarto chakra (chakra del coraz\u00f3n).<\/p>\n<p>Infunde la energ\u00eda del verdadero por si mismo y por los dem\u00e1s.<br \/>\nEl cuarzo rosa extrae suavemente la energ\u00eda negativa y reemplaza por vibraciones amorosas.<\/p>\n<p>&nbsp;<\/p>\n<\/div>\n<p>&nbsp;<\/p>\n<div style=\"text-align: left;\">\n<p><strong>BAZAR\u00a0<\/strong><b>MERL\u00cdN<\/b><br \/>\n<strong>El Lugar M\u00e1s M\u00edstico de Guadalajara<\/strong><br \/>\n<strong>ENVIAMOS A TODO M\u00c9XICO<\/strong><\/p>\n<\/div>\n<\/div>\n<\/div>\n<p>&nbsp;<\/p>\n<!-- AddThis Advanced Settings generic via filter on the_content --><!-- AddThis Share Buttons generic via filter on the_content -->","protected":false},"excerpt":{"rendered":"<p>JAB\u00d3N DE CUARZO ROSA IDEAL PARA ATRAER EL AMOR &nbsp; El cuarzo rosa es la piedra del amor y de la paz infinita. Es la piedra m\u00e1s importante para el coraz\u00f3n y el cuarto chakra (chakra del coraz\u00f3n). Infunde la energ\u00eda del verdadero por si mismo y por los dem\u00e1s. El cuarzo rosa extrae suavemente&hellip;<!-- AddThis Advanced Settings generic via filter on get_the_excerpt --><!-- AddThis Share Buttons generic via filter on get_the_excerpt --><\/p>\n","protected":false},"featured_media":10226,"template":"","meta":[],"product_cat":[14],"product_tag":[521],"_links":{"self":[{"href":"https:\/\/www.bazarmerlin.com\/inicio\/wp-json\/wp\/v2\/product\/393"}],"collection":[{"href":"https:\/\/www.bazarmerlin.com\/inicio\/wp-json\/wp\/v2\/product"}],"about":[{"href":"https:\/\/www.bazarmerlin.com\/inicio\/wp-json\/wp\/v2\/types\/product"}],"wp:featuredmedia":[{"embeddable":true,"href":"https:\/\/www.bazarmerlin.com\/inicio\/wp-json\/wp\/v2\/media\/10226"}],"wp:attachment":[{"href":"https:\/\/www.bazarmerlin.com\/inicio\/wp-json\/wp\/v2\/media?parent=393"}],"wp:term":[{"taxonomy":"product_cat","embeddable":true,"href":"https:\/\/www.bazarmerlin.com\/inicio\/wp-json\/wp\/v2\/product_cat?post=393"},{"taxonomy":"product_tag","embeddable":true,"href":"https:\/\/www.bazarmerlin.com\/inicio\/wp-json\/wp\/v2\/product_tag?post=393"}],"curies":[{"name":"wp","href":"https:\/\/api.w.org\/{rel}","templated":true}]}}