{"id":3972,"date":"2015-08-10T22:48:42","date_gmt":"2015-08-10T22:48:42","guid":{"rendered":"https:\/\/www.bazarmerlin.com\/inicio\/?post_type=product&#038;p=3972"},"modified":"2023-01-06T23:07:00","modified_gmt":"2023-01-06T23:07:00","slug":"el-libro-de-la-medicina-tibetana-logra-salud-y-bienestar","status":"publish","type":"product","link":"https:\/\/www.bazarmerlin.com\/inicio\/producto\/el-libro-de-la-medicina-tibetana-logra-salud-y-bienestar\/","title":{"rendered":"Libro De La Medicina Tibetana &#8211; Salud Y Bienestar"},"content":{"rendered":"<p><strong>LIBRO DE LA MEDICINA TIBETANA &#8211; SALUD Y BIENESTAR<\/strong><\/p>\n<p>&nbsp;<\/p>\n<p>a medicina tibetana es uno de los sistemas m\u00e9dicos integrales m\u00e1s antiguos del mundo, practicada con \u00e9xito en T\u00edbet. Brinda una eficaz y singular comprensi\u00f3n de la causa y la naturaleza de la enfermedad, de las energ\u00edas vitales internas y de la anatom\u00eda de los m\u00faltiples canales corporales. Adem\u00e1s de contar con una gran farmacopedia curativa, nos brinda un planteamiento hol\u00edstico que combina cambios diet\u00e9ticos y conductuales, curas herbales, masaje y meditaci\u00f3n, constituyendo un m\u00e9todo \u00fanico de sanaci\u00f3n que se fundamenta en los cuatro libros m\u00e9dicos llamados Gyud Zhi. Descubre tu particular combinaci\u00f3n de las tres energ\u00edas clave y c\u00f3mo influyen en tu salud. Nos presenta los principales m\u00e9todos de diagn\u00f3stico, entre los que se incluye el pulso, la lengua y el diagn\u00f3stico astrol\u00f3gico. Aprende sobre hierbas curativas, manir\u00e1s, meditaciones y posturas de yoga. &#8220;Posiblemente \u00e9ste es el mejor libro que he le\u00eddo en mucho, mucho tiempo&#8221; profesor Jan de Vries, experto en medicina complementaria.<\/p>\n<p>&nbsp;<\/p>\n<p>&nbsp;<\/p>\n<p><strong>BAZAR MERL\u00cdN\u00ae<\/strong><br \/>\n<strong>El Lugar M\u00e1s M\u00edstico de Guadalajara<\/strong><br \/>\n<strong>ENVIAMOS A TODO M\u00c9XICO<\/strong><\/p>\n<!-- AddThis Advanced Settings generic via filter on the_content --><!-- AddThis Share Buttons generic via filter on the_content -->","protected":false},"excerpt":{"rendered":"<p>LIBRO DE LA MEDICINA TIBETANA &#8211; SALUD Y BIENESTAR &nbsp; a medicina tibetana es uno de los sistemas m\u00e9dicos integrales m\u00e1s antiguos del mundo, practicada con \u00e9xito en T\u00edbet. Brinda una eficaz y singular comprensi\u00f3n de la causa y la naturaleza de la enfermedad, de las energ\u00edas vitales internas y de la anatom\u00eda de los&hellip;<!-- AddThis Advanced Settings generic via filter on get_the_excerpt --><!-- AddThis Share Buttons generic via filter on get_the_excerpt --><\/p>\n","protected":false},"featured_media":11412,"template":"","meta":[],"product_cat":[16],"product_tag":[1180,1181],"_links":{"self":[{"href":"https:\/\/www.bazarmerlin.com\/inicio\/wp-json\/wp\/v2\/product\/3972"}],"collection":[{"href":"https:\/\/www.bazarmerlin.com\/inicio\/wp-json\/wp\/v2\/product"}],"about":[{"href":"https:\/\/www.bazarmerlin.com\/inicio\/wp-json\/wp\/v2\/types\/product"}],"wp:featuredmedia":[{"embeddable":true,"href":"https:\/\/www.bazarmerlin.com\/inicio\/wp-json\/wp\/v2\/media\/11412"}],"wp:attachment":[{"href":"https:\/\/www.bazarmerlin.com\/inicio\/wp-json\/wp\/v2\/media?parent=3972"}],"wp:term":[{"taxonomy":"product_cat","embeddable":true,"href":"https:\/\/www.bazarmerlin.com\/inicio\/wp-json\/wp\/v2\/product_cat?post=3972"},{"taxonomy":"product_tag","embeddable":true,"href":"https:\/\/www.bazarmerlin.com\/inicio\/wp-json\/wp\/v2\/product_tag?post=3972"}],"curies":[{"name":"wp","href":"https:\/\/api.w.org\/{rel}","templated":true}]}}