{"id":3975,"date":"2015-08-10T22:52:27","date_gmt":"2015-08-10T22:52:27","guid":{"rendered":"https:\/\/www.bazarmerlin.com\/inicio\/?post_type=product&#038;p=3975"},"modified":"2023-01-06T22:05:29","modified_gmt":"2023-01-06T22:05:29","slug":"la-biblia-de-las-reflexologia-el-libro-definitivo","status":"publish","type":"product","link":"https:\/\/www.bazarmerlin.com\/inicio\/producto\/la-biblia-de-las-reflexologia-el-libro-definitivo\/","title":{"rendered":"La Biblia De Las Reflexolog\u00eda &#8211; El Libro Definitivo"},"content":{"rendered":"<p><strong>LA BIBLIA DE LAS REFLEXOLOG\u00cdA<\/strong><br \/>\n<strong>EL LIBRO DEFINITIVO<\/strong><\/p>\n<p>&nbsp;<\/p>\n<p>La reflexolog\u00eda es una terapia segura e inocua que estimula los sistemas curativos del cuerpo y es realmente eficaz -entre otras muchas dolencias- frente al estr\u00e9s. Esta gu\u00eda completa contiene todo lo que necesitas conocer acerca de esta terapia, incluyendo los mapas zonales de las manos y de los pies, t\u00e9cnicas para trabajar los puntos reflejos, consejos acerca de c\u00f3mo preparar una sesi\u00f3n de reflexolog\u00eda y una rutina paso a paso para el tratamiento de todo el cuerpo. Incluye una gu\u00eda detallada que proporciona instrucciones para aliviar trastornos comunes que abarcan desde problemas digestivos hasta problemas de la piel, adem\u00e1s de tratamientos especializados para ni\u00f1os, parejas y personas mayores. M\u00e1s de tres millones de ejemplares vendidos en todo el mundo de la serie Biblias.<\/p>\n<p>&nbsp;<\/p>\n<p>&nbsp;<\/p>\n<p><strong>BAZAR MERL\u00cdN\u00ae<\/strong><br \/>\n<strong>El Lugar M\u00e1s M\u00edstico de Guadalajara<\/strong><br \/>\n<strong>ENVIAMOS A TODO M\u00c9XICO<\/strong><\/p>\n<!-- AddThis Advanced Settings generic via filter on the_content --><!-- AddThis Share Buttons generic via filter on the_content -->","protected":false},"excerpt":{"rendered":"<p>LA BIBLIA DE LAS REFLEXOLOG\u00cdA EL LIBRO DEFINITIVO &nbsp; La reflexolog\u00eda es una terapia segura e inocua que estimula los sistemas curativos del cuerpo y es realmente eficaz -entre otras muchas dolencias- frente al estr\u00e9s. Esta gu\u00eda completa contiene todo lo que necesitas conocer acerca de esta terapia, incluyendo los mapas zonales de las manos&hellip;<!-- AddThis Advanced Settings generic via filter on get_the_excerpt --><!-- AddThis Share Buttons generic via filter on get_the_excerpt --><\/p>\n","protected":false},"featured_media":11403,"template":"","meta":[],"product_cat":[16],"product_tag":[1183,1182],"_links":{"self":[{"href":"https:\/\/www.bazarmerlin.com\/inicio\/wp-json\/wp\/v2\/product\/3975"}],"collection":[{"href":"https:\/\/www.bazarmerlin.com\/inicio\/wp-json\/wp\/v2\/product"}],"about":[{"href":"https:\/\/www.bazarmerlin.com\/inicio\/wp-json\/wp\/v2\/types\/product"}],"wp:featuredmedia":[{"embeddable":true,"href":"https:\/\/www.bazarmerlin.com\/inicio\/wp-json\/wp\/v2\/media\/11403"}],"wp:attachment":[{"href":"https:\/\/www.bazarmerlin.com\/inicio\/wp-json\/wp\/v2\/media?parent=3975"}],"wp:term":[{"taxonomy":"product_cat","embeddable":true,"href":"https:\/\/www.bazarmerlin.com\/inicio\/wp-json\/wp\/v2\/product_cat?post=3975"},{"taxonomy":"product_tag","embeddable":true,"href":"https:\/\/www.bazarmerlin.com\/inicio\/wp-json\/wp\/v2\/product_tag?post=3975"}],"curies":[{"name":"wp","href":"https:\/\/api.w.org\/{rel}","templated":true}]}}