{"id":3978,"date":"2015-08-10T22:55:35","date_gmt":"2015-08-10T22:55:35","guid":{"rendered":"https:\/\/www.bazarmerlin.com\/inicio\/?post_type=product&#038;p=3978"},"modified":"2023-01-05T00:21:25","modified_gmt":"2023-01-05T00:21:25","slug":"bio-reiki-libro-completo-de-sanacion-y-espiritualidad","status":"publish","type":"product","link":"https:\/\/www.bazarmerlin.com\/inicio\/producto\/bio-reiki-libro-completo-de-sanacion-y-espiritualidad\/","title":{"rendered":"Bioreiki Libro De Sanaci\u00f3n Y Crecimiento Espiritual"},"content":{"rendered":"<p><strong>BIOREIKI LIBRO DE SANACI\u00d3N Y CRECIMIENTO ESPIRITUAL<\/strong><\/p>\n<p>&nbsp;<\/p>\n<p>El BioReiki es el Reiki elevado a una octava superior. Al integrar los s\u00edmbolos Reiki y sus efectos espec\u00edficos, junto con el sistema tradicional de bioenerg\u00e9tica tao\u00edsta, t\u00e9cnicas de oraci\u00f3n y meditaci\u00f3n oriental, y terapias de sanaci\u00f3n y autosanaci\u00f3n occidentales, el BioReiki permite que el practicante acceda al grado superior de todos estos sitemas energ\u00e9ticos. En BioReiki se trabaja con una gama de frecuencias de la Energ\u00eda Universal m\u00e1s elevada que las canalizadas en los diversos sistemas de Reiki. El practicante accede a una sintonizaci\u00f3n o iniciaci\u00f3n espec\u00edfica de este sistema. Esta iniciaci\u00f3n aumenta espectacularmente su capacidad para canalizar las frecuencias de la Energ\u00eda Universal sanadora y de la Energ\u00eda Universal creativa. El resultado es la autosanaci\u00f3n integral de la persona en todos los planos de la existencia: f\u00edsico, mental, emocional y espiritual. Para trabajar con BioReiki no es necesario ser un iniciado o tener conocimientos previos. Con las ense\u00f1anzas de este manual guiadas paso a paso y sus abundantes ilustraciones, cualquier persona puede iniciarse f\u00e1cilmente en el proceso de su propia autosanaci\u00f3n a todos los niveles, as\u00ed como en la aptitud de sanar a los dem\u00e1s. Jos\u00e9 Mar\u00eda Jim\u00e9nez Solana es el reconocido autor de El Libro completo de Reiki, obra que re\u00fane todos los niveles de Reiki, desde la primera iniciaci\u00f3n hasta el grado m\u00e1s elevado o Maestr\u00eda. Este nuevo y completo manual de BioReiki recoge por primera vez un conjunto de t\u00e9cnicas cuyo objetivo principal es la autosanaci\u00f3n integral de la persona en todos los planos de la existencia: f\u00edsico, mental, emocional y espiritual. Se explican aqu\u00ed con todo detalle las t\u00e9cnicas meditativas y energ\u00e9ticas que despiertan en el alumno su luminosidad interna. Algunos ejercicios -como la \u00f3rbita microc\u00f3smica, los seis sonidos curativos y la fusi\u00f3n de los cinco elementos -est\u00e1n espec\u00edficamente orientados a adquirir una mayor integridad energ\u00e9tica para la autosanaci\u00f3n y la sanaci\u00f3n. Otros van dirigidos a eliminar los bloqueos energ\u00e9ticos y potenciar al m\u00e1ximo la capacidad de conectar y de canalizar la energ\u00eda. Tambi\u00e9n se incluyen t\u00e9cnicas de energ\u00eda sexual para impulsar al practicante en su camino de evoluci\u00f3n y para aumentar su longevidad y creatividad. JOS\u00c9 MAR\u00cdA JIM\u00c9NEZ SOLANA Naci\u00f3 en Cuenca (Espa\u00f1a) en 1954. Es abogado, Master Internacional en Direcci\u00f3n de Empresas, Master en Derecho Tributario y Asesor\u00eda Fiscal, Master en Derecho Laboral y empresario. Desde muy joven practica artes marciales, yoga y meditaci\u00f3n, adem\u00e1s de estudiar bioenerg\u00e9tica occidental, bioenerg\u00e9tica tao\u00edsta y diversos m\u00e9todos de sanaci\u00f3n. Cuando su esposa contrae c\u00e1ncer, comprueba experimentalmente el poder y la eficacia sanadora del Reiki, lo que le empuja a especializarse en este sistema como m\u00e9todo de sanaci\u00f3n. Imparte cursos de Reiki en Espa\u00f1a, los cuales complementa con ejercicios de recarga y manipulaci\u00f3n energ\u00e9tica basados en la bioenerg\u00e9tica de Alexander Lowen, as\u00ed como con t\u00e9cnicas de bioenerg\u00e9tica y meditaci\u00f3n tao\u00edsta, ejercicios de yoga, el uso de los cristales, meditaciones espec\u00edficas y el empleo de la oraci\u00f3n como t\u00e9cnica y sistema de autoayuda.<\/p>\n<p>&nbsp;<\/p>\n<p>&nbsp;<\/p>\n<p>&nbsp;<\/p>\n<p><strong>BAZAR MERL\u00cdN\u00ae<\/strong><br \/>\n<strong>El Lugar M\u00e1s M\u00edstico de Guadalajara<\/strong><br \/>\n<strong>ENVIAMOS A TODO M\u00c9XICO<\/strong><\/p>\n<!-- AddThis Advanced Settings generic via filter on the_content --><!-- AddThis Share Buttons generic via filter on the_content -->","protected":false},"excerpt":{"rendered":"<p>BIOREIKI LIBRO DE SANACI\u00d3N Y CRECIMIENTO ESPIRITUAL &nbsp; El BioReiki es el Reiki elevado a una octava superior. Al integrar los s\u00edmbolos Reiki y sus efectos espec\u00edficos, junto con el sistema tradicional de bioenerg\u00e9tica tao\u00edsta, t\u00e9cnicas de oraci\u00f3n y meditaci\u00f3n oriental, y terapias de sanaci\u00f3n y autosanaci\u00f3n occidentales, el BioReiki permite que el practicante acceda&hellip;<!-- AddThis Advanced Settings generic via filter on get_the_excerpt --><!-- AddThis Share Buttons generic via filter on get_the_excerpt --><\/p>\n","protected":false},"featured_media":11366,"template":"","meta":[],"product_cat":[16],"product_tag":[1184],"_links":{"self":[{"href":"https:\/\/www.bazarmerlin.com\/inicio\/wp-json\/wp\/v2\/product\/3978"}],"collection":[{"href":"https:\/\/www.bazarmerlin.com\/inicio\/wp-json\/wp\/v2\/product"}],"about":[{"href":"https:\/\/www.bazarmerlin.com\/inicio\/wp-json\/wp\/v2\/types\/product"}],"wp:featuredmedia":[{"embeddable":true,"href":"https:\/\/www.bazarmerlin.com\/inicio\/wp-json\/wp\/v2\/media\/11366"}],"wp:attachment":[{"href":"https:\/\/www.bazarmerlin.com\/inicio\/wp-json\/wp\/v2\/media?parent=3978"}],"wp:term":[{"taxonomy":"product_cat","embeddable":true,"href":"https:\/\/www.bazarmerlin.com\/inicio\/wp-json\/wp\/v2\/product_cat?post=3978"},{"taxonomy":"product_tag","embeddable":true,"href":"https:\/\/www.bazarmerlin.com\/inicio\/wp-json\/wp\/v2\/product_tag?post=3978"}],"curies":[{"name":"wp","href":"https:\/\/api.w.org\/{rel}","templated":true}]}}