{"id":3987,"date":"2015-08-10T23:06:58","date_gmt":"2015-08-10T23:06:58","guid":{"rendered":"https:\/\/www.bazarmerlin.com\/inicio\/?post_type=product&#038;p=3987"},"modified":"2023-01-05T00:05:09","modified_gmt":"2023-01-05T00:05:09","slug":"biblia-de-los-mandalas-curacion-y-desarrollo-espiritual","status":"publish","type":"product","link":"https:\/\/www.bazarmerlin.com\/inicio\/producto\/biblia-de-los-mandalas-curacion-y-desarrollo-espiritual\/","title":{"rendered":"Biblia De Los Mandalas &#8211; Curaci\u00f3n Y Desarrollo Espiritual"},"content":{"rendered":"<p><strong>BIBLIA DE LOS M\u00c1NDALAS<\/strong><br \/>\n<strong>CURACI\u00d3N Y DESARROLLO ESPIRITUAL<\/strong><\/p>\n<p>&nbsp;<\/p>\n<p>Gu\u00eda esencial para el uso de las formas sagradas<\/p>\n<p>M\u00e1s de tres millones de ejemplares vendidos en todo el mundo de la Serie Biblias<\/p>\n<p>El mandala es un s\u00edmbolo de plenitud que se encuentra en culturas de todo el mundo. Estos diagramas simb\u00f3licos reflejan la simetr\u00eda de las formas naturales, el ciclo del tiempo y el c\u00edrculo de la comunidad. En este libro se presentan las m\u00faltiples y diferentes formas que pueden adoptar, abordando tanto los antiguos mandalas hind\u00faes como las formas complicadas de las pinturas de arena de los indios americanos o de los nudos celtas, y proporciona informaci\u00f3n pr\u00e1ctica sobre el modo de emplearlos en beneficio de la salud y el bienestar espiritual. M\u00e1s de tres millones de ejemplares vendidos en todo el mundo de la serie Biblias.<\/p>\n<p>&nbsp;<\/p>\n<p>&nbsp;<\/p>\n<p><strong>BAZAR MERL\u00cdN\u00ae<\/strong><br \/>\n<strong>El Lugar M\u00e1s M\u00edstico de Guadalajara<\/strong><br \/>\n<strong>ENVIAMOS A TODO M\u00c9XICO<\/strong><\/p>\n<!-- AddThis Advanced Settings generic via filter on the_content --><!-- AddThis Share Buttons generic via filter on the_content -->","protected":false},"excerpt":{"rendered":"<p>BIBLIA DE LOS M\u00c1NDALAS CURACI\u00d3N Y DESARROLLO ESPIRITUAL &nbsp; Gu\u00eda esencial para el uso de las formas sagradas M\u00e1s de tres millones de ejemplares vendidos en todo el mundo de la Serie Biblias El mandala es un s\u00edmbolo de plenitud que se encuentra en culturas de todo el mundo. Estos diagramas simb\u00f3licos reflejan la simetr\u00eda&hellip;<!-- AddThis Advanced Settings generic via filter on get_the_excerpt --><!-- AddThis Share Buttons generic via filter on get_the_excerpt --><\/p>\n","protected":false},"featured_media":11362,"template":"","meta":[],"product_cat":[16],"product_tag":[1185,1186],"_links":{"self":[{"href":"https:\/\/www.bazarmerlin.com\/inicio\/wp-json\/wp\/v2\/product\/3987"}],"collection":[{"href":"https:\/\/www.bazarmerlin.com\/inicio\/wp-json\/wp\/v2\/product"}],"about":[{"href":"https:\/\/www.bazarmerlin.com\/inicio\/wp-json\/wp\/v2\/types\/product"}],"wp:featuredmedia":[{"embeddable":true,"href":"https:\/\/www.bazarmerlin.com\/inicio\/wp-json\/wp\/v2\/media\/11362"}],"wp:attachment":[{"href":"https:\/\/www.bazarmerlin.com\/inicio\/wp-json\/wp\/v2\/media?parent=3987"}],"wp:term":[{"taxonomy":"product_cat","embeddable":true,"href":"https:\/\/www.bazarmerlin.com\/inicio\/wp-json\/wp\/v2\/product_cat?post=3987"},{"taxonomy":"product_tag","embeddable":true,"href":"https:\/\/www.bazarmerlin.com\/inicio\/wp-json\/wp\/v2\/product_tag?post=3987"}],"curies":[{"name":"wp","href":"https:\/\/api.w.org\/{rel}","templated":true}]}}