{"id":4005,"date":"2015-08-10T23:26:06","date_gmt":"2015-08-10T23:26:06","guid":{"rendered":"https:\/\/www.bazarmerlin.com\/inicio\/?post_type=product&#038;p=4005"},"modified":"2023-01-06T00:06:21","modified_gmt":"2023-01-06T00:06:21","slug":"la-biblia-de-la-homeopatia-mejora-tu-calidad-de-vida","status":"publish","type":"product","link":"https:\/\/www.bazarmerlin.com\/inicio\/producto\/la-biblia-de-la-homeopatia-mejora-tu-calidad-de-vida\/","title":{"rendered":"La Biblia De La Homeopat\u00eda \/ Mejora Tu Calidad De Vida"},"content":{"rendered":"<p><strong>LA BIBLIA DE LA HOMEOPAT\u00cdA<\/strong><br \/>\n<strong>MEJORA TU CALIDAD DE VIDA<\/strong><\/p>\n<p>&nbsp;<\/p>\n<p>Esta gu\u00eda completa te ense\u00f1ar\u00e1 c\u00f3mo la homeopat\u00eda -una terapia segura y no agresiva consigue curar diversas afecciones f\u00edsicas y emocionales. Descubrir\u00e1s su aplicaci\u00f3n, historia y desarrollo, y aprender\u00e1s a discernir el tratamiento m\u00e1s adecuado tanto para ti como para tu familia. Incluye un directorio preciso que te aportar\u00e1 informaci\u00f3n sobre cada remedio y las dolencias que mejor trata. Hallar\u00e1s tambi\u00e9n una secci\u00f3n terap\u00e9utica (de sencilla utilizaci\u00f3n y organizada por sistemas corporales) que te ayudar\u00e1 a diagnosticar las enfermedades y a determinar el tratamiento m\u00e1s conveniente. Al contar, adem\u00e1s, con una serie de advertencias sobre posibles contra indicaciones y de una relaci\u00f3n de los remedios de apoyo m\u00e1s beneficiosos, esta gu\u00eda homeopat\u00eda te servir\u00e1 de gran ayuda para cuidar tu salud y la de los tuyos.<\/p>\n<p>&nbsp;<\/p>\n<p>&nbsp;<\/p>\n<p>&nbsp;<\/p>\n<p><strong>BAZAR MERL\u00cdN\u00ae<\/strong><br \/>\n<strong>El Lugar M\u00e1s M\u00edstico de Guadalajara<\/strong><br \/>\n<strong>ENVIAMOS A TODO M\u00c9XICO<\/strong><\/p>\n<!-- AddThis Advanced Settings generic via filter on the_content --><!-- AddThis Share Buttons generic via filter on the_content -->","protected":false},"excerpt":{"rendered":"<p>LA BIBLIA DE LA HOMEOPAT\u00cdA MEJORA TU CALIDAD DE VIDA &nbsp; Esta gu\u00eda completa te ense\u00f1ar\u00e1 c\u00f3mo la homeopat\u00eda -una terapia segura y no agresiva consigue curar diversas afecciones f\u00edsicas y emocionales. Descubrir\u00e1s su aplicaci\u00f3n, historia y desarrollo, y aprender\u00e1s a discernir el tratamiento m\u00e1s adecuado tanto para ti como para tu familia. Incluye un&hellip;<!-- AddThis Advanced Settings generic via filter on get_the_excerpt --><!-- AddThis Share Buttons generic via filter on get_the_excerpt --><\/p>\n","protected":false},"featured_media":11394,"template":"","meta":[],"product_cat":[16],"product_tag":[1187,1188],"_links":{"self":[{"href":"https:\/\/www.bazarmerlin.com\/inicio\/wp-json\/wp\/v2\/product\/4005"}],"collection":[{"href":"https:\/\/www.bazarmerlin.com\/inicio\/wp-json\/wp\/v2\/product"}],"about":[{"href":"https:\/\/www.bazarmerlin.com\/inicio\/wp-json\/wp\/v2\/types\/product"}],"wp:featuredmedia":[{"embeddable":true,"href":"https:\/\/www.bazarmerlin.com\/inicio\/wp-json\/wp\/v2\/media\/11394"}],"wp:attachment":[{"href":"https:\/\/www.bazarmerlin.com\/inicio\/wp-json\/wp\/v2\/media?parent=4005"}],"wp:term":[{"taxonomy":"product_cat","embeddable":true,"href":"https:\/\/www.bazarmerlin.com\/inicio\/wp-json\/wp\/v2\/product_cat?post=4005"},{"taxonomy":"product_tag","embeddable":true,"href":"https:\/\/www.bazarmerlin.com\/inicio\/wp-json\/wp\/v2\/product_tag?post=4005"}],"curies":[{"name":"wp","href":"https:\/\/api.w.org\/{rel}","templated":true}]}}