{"id":403,"date":"2015-06-26T17:59:42","date_gmt":"2015-06-26T17:59:42","guid":{"rendered":"https:\/\/www.bazarmerlin.com\/inicio\/?post_type=product&#038;p=403"},"modified":"2022-10-18T23:40:08","modified_gmt":"2022-10-18T23:40:08","slug":"spray-de-san-martin-caballero-atrae-abundancia-y-prosperidad","status":"publish","type":"product","link":"https:\/\/www.bazarmerlin.com\/inicio\/producto\/spray-de-san-martin-caballero-atrae-abundancia-y-prosperidad\/","title":{"rendered":"Spray San Martin Caballero &#8211; Proteccion Comercios"},"content":{"rendered":"<p><strong>Spray Esot\u00e9rico de San Martin Caballero<\/strong><br \/>\n<strong>Contiene 400 ml.<\/strong><\/p>\n<p>&nbsp;<\/p>\n<p>Con este spray de San Martin te ayudara a quitar cualquier mala suerte o problema y atraer\u00e1 las bendiciones para su trabajo, persona o negocio. Si desea que las cosas mejoren, San Martin es el indicado para ello.<\/p>\n<p>Puedes usarlo en ti o en tu negocio y casa, as\u00ed como para cualquier integrante de tu familia.<\/p>\n<p>Son fabricados artesanalmente y de uso frecuente por muchos curanderos y esot\u00e9ricos<\/p>\n<p>Modo de uso:<\/p>\n<p>1. Apl\u00edcalo en las esquinas y en cada habitaci\u00f3n de tu casa o negocio, lo mas arriba posible para que el aroma roci\u00e9 completamente.<br \/>\n2. Puede usarse para aplicar en trabajos de limpia y en veladoras antes de encenderlas.<\/p>\n<p>&nbsp;<\/p>\n<p>&nbsp;<\/p>\n<p><strong>BAZAR MERLIN<\/strong><br \/>\n<strong>El Lugar M\u00e1s M\u00edstico de Guadalajara<\/strong><br \/>\n<strong>ENVIAMOS A TODO M\u00c9XICO\u2026<\/strong><\/p>\n<!-- AddThis Advanced Settings generic via filter on the_content --><!-- AddThis Share Buttons generic via filter on the_content -->","protected":false},"excerpt":{"rendered":"<p>Spray Esot\u00e9rico de San Martin Caballero Contiene 400 ml. &nbsp; Con este spray de San Martin te ayudara a quitar cualquier mala suerte o problema y atraer\u00e1 las bendiciones para su trabajo, persona o negocio. Si desea que las cosas mejoren, San Martin es el indicado para ello. Puedes usarlo en ti o en tu&hellip;<!-- AddThis Advanced Settings generic via filter on get_the_excerpt --><!-- AddThis Share Buttons generic via filter on get_the_excerpt --><\/p>\n","protected":false},"featured_media":8213,"template":"","meta":[],"product_cat":[14],"product_tag":[527,526],"_links":{"self":[{"href":"https:\/\/www.bazarmerlin.com\/inicio\/wp-json\/wp\/v2\/product\/403"}],"collection":[{"href":"https:\/\/www.bazarmerlin.com\/inicio\/wp-json\/wp\/v2\/product"}],"about":[{"href":"https:\/\/www.bazarmerlin.com\/inicio\/wp-json\/wp\/v2\/types\/product"}],"wp:featuredmedia":[{"embeddable":true,"href":"https:\/\/www.bazarmerlin.com\/inicio\/wp-json\/wp\/v2\/media\/8213"}],"wp:attachment":[{"href":"https:\/\/www.bazarmerlin.com\/inicio\/wp-json\/wp\/v2\/media?parent=403"}],"wp:term":[{"taxonomy":"product_cat","embeddable":true,"href":"https:\/\/www.bazarmerlin.com\/inicio\/wp-json\/wp\/v2\/product_cat?post=403"},{"taxonomy":"product_tag","embeddable":true,"href":"https:\/\/www.bazarmerlin.com\/inicio\/wp-json\/wp\/v2\/product_tag?post=403"}],"curies":[{"name":"wp","href":"https:\/\/api.w.org\/{rel}","templated":true}]}}