{"id":4058,"date":"2015-08-11T16:41:56","date_gmt":"2015-08-11T16:41:56","guid":{"rendered":"https:\/\/www.bazarmerlin.com\/inicio\/?post_type=product&#038;p=4058"},"modified":"2022-11-01T23:58:58","modified_gmt":"2022-11-01T23:58:58","slug":"tarot-de-las-sirenas-78-cartas-con-instrucciones","status":"publish","type":"product","link":"https:\/\/www.bazarmerlin.com\/inicio\/producto\/tarot-de-las-sirenas-78-cartas-con-instrucciones\/","title":{"rendered":"Tarot De Las Sirenas &#8211; 78 Cartas Con Instrucciones"},"content":{"rendered":"<p><strong>TAROT DE LAS SIRENAS &#8211; 78 CARTAS CON INSTRUCCIONES<\/strong><\/p>\n<p>&nbsp;<\/p>\n<p align=\"start\" data-spm-anchor-id=\"a2g0o.detail.1000023.i0.41ffea807XKMbW\">Las sirenas, fascinantes criaturas de la imaginaci\u00f3n, ocupan su lugar en el escenario del Tarot. Esta baraja contempor\u00e1nea evoca sue\u00f1os y sensaciones a trav\u00e9s de su elegante belleza y el simbolismo cl\u00e1sico del Tarot. Dale a la canci\u00f3n y deja que estas cartas te lleven a trav\u00e9s de las profundidades de tu subconsciente para encontrar las respuestas que buscas.<\/p>\n<p align=\"start\" data-spm-anchor-id=\"a2g0o.detail.1000023.i1.41ffea807XKMbW\">Tama\u00f1o: 10,7*6,3 cm 4,3 pulgadas * 2,5 pulgadas<\/p>\n<p align=\"start\" data-spm-anchor-id=\"a2g0o.detail.1000023.i1.41ffea807XKMbW\">\n<p align=\"start\" data-spm-anchor-id=\"a2g0o.detail.1000023.i1.41ffea807XKMbW\"><strong>BAZAR MERLIN<\/strong><br \/>\n<strong>El Lugar M\u00e1s M\u00edstico de Guadalajara<\/strong><br \/>\n<strong>ENVIAMOS A TODO M\u00c9XICO<\/strong><\/p>\n<!-- AddThis Advanced Settings generic via filter on the_content --><!-- AddThis Share Buttons generic via filter on the_content -->","protected":false},"excerpt":{"rendered":"<p>TAROT DE LAS SIRENAS &#8211; 78 CARTAS CON INSTRUCCIONES &nbsp; Las sirenas, fascinantes criaturas de la imaginaci\u00f3n, ocupan su lugar en el escenario del Tarot. Esta baraja contempor\u00e1nea evoca sue\u00f1os y sensaciones a trav\u00e9s de su elegante belleza y el simbolismo cl\u00e1sico del Tarot. Dale a la canci\u00f3n y deja que estas cartas te lleven&hellip;<!-- AddThis Advanced Settings generic via filter on get_the_excerpt --><!-- AddThis Share Buttons generic via filter on get_the_excerpt --><\/p>\n","protected":false},"featured_media":10503,"template":"","meta":[],"product_cat":[15],"product_tag":[1193],"_links":{"self":[{"href":"https:\/\/www.bazarmerlin.com\/inicio\/wp-json\/wp\/v2\/product\/4058"}],"collection":[{"href":"https:\/\/www.bazarmerlin.com\/inicio\/wp-json\/wp\/v2\/product"}],"about":[{"href":"https:\/\/www.bazarmerlin.com\/inicio\/wp-json\/wp\/v2\/types\/product"}],"wp:featuredmedia":[{"embeddable":true,"href":"https:\/\/www.bazarmerlin.com\/inicio\/wp-json\/wp\/v2\/media\/10503"}],"wp:attachment":[{"href":"https:\/\/www.bazarmerlin.com\/inicio\/wp-json\/wp\/v2\/media?parent=4058"}],"wp:term":[{"taxonomy":"product_cat","embeddable":true,"href":"https:\/\/www.bazarmerlin.com\/inicio\/wp-json\/wp\/v2\/product_cat?post=4058"},{"taxonomy":"product_tag","embeddable":true,"href":"https:\/\/www.bazarmerlin.com\/inicio\/wp-json\/wp\/v2\/product_tag?post=4058"}],"curies":[{"name":"wp","href":"https:\/\/api.w.org\/{rel}","templated":true}]}}