{"id":4079,"date":"2015-08-11T17:10:51","date_gmt":"2015-08-11T17:10:51","guid":{"rendered":"https:\/\/www.bazarmerlin.com\/inicio\/?post_type=product&#038;p=4079"},"modified":"2025-10-06T23:15:01","modified_gmt":"2025-10-06T23:15:01","slug":"venta-de-autentico-tarot-rider-waite-en-guadalajara","status":"publish","type":"product","link":"https:\/\/www.bazarmerlin.com\/inicio\/producto\/venta-de-autentico-tarot-rider-waite-en-guadalajara\/","title":{"rendered":"Tarot Rider Profesional &#8211; Cartas Plastificadas Y Manual"},"content":{"rendered":"<p><strong>TAROT PROFESIONAL RIDER CARTAS PLASTIFICADOS<\/strong><\/p>\n<p>&nbsp;<\/p>\n<p>Dimensiones de la carta: 7 x 12 cms<br \/>\nIncluye: Manual para aprender F\u00c1CIL Y R\u00c1PIDO.<br \/>\nMazo de 78 Cartas del Tarot<br \/>\n22 Arcano mayores<br \/>\n56 Arcanos Menores<\/p>\n<p>Incluye libro sencillo con significado de cada carta que te facilitar\u00e1 la lectura, logrando que las interpretes como todo un profesional. EL TAROT ES UN PODEROSO SISTEMA MEDITATIVO Y ADIVINATORIO. El rico simbolismo de las cartas estimula la capacidad intuitiva que todo tenemos. Con la pr\u00e1ctica es posible desarrollar cada vez m\u00e1s la intuici\u00f3n y aprender a expresar con mayor claridad y certeza las sensaciones e intuiciones que brotan al contemplar meditativamente las cartas. S\u00f3lo har\u00e1 falta un poco de paciencia y confianza, y ponto, el aficionado se sorprender\u00e1 de lo acertadas que pueden llegar a ser sus predicciones.<\/p>\n<p>CARTAS PLASTIFICADAS<\/p>\n<p>&nbsp;<\/p>\n<p>&nbsp;<\/p>\n<p><strong>BAZAR MERL\u00cdN<br \/>\nEl Lugar M\u00e1s M\u00edstico de Guadalajara<br \/>\nENVIAMOS A TODO M\u00c9XICO<\/strong><\/p>\n<!-- AddThis Advanced Settings generic via filter on the_content --><!-- AddThis Share Buttons generic via filter on the_content -->","protected":false},"excerpt":{"rendered":"<p>TAROT PROFESIONAL RIDER CARTAS PLASTIFICADOS &nbsp; Dimensiones de la carta: 7 x 12 cms Incluye: Manual para aprender F\u00c1CIL Y R\u00c1PIDO. Mazo de 78 Cartas del Tarot 22 Arcano mayores 56 Arcanos Menores Incluye libro sencillo con significado de cada carta que te facilitar\u00e1 la lectura, logrando que las interpretes como todo un profesional. EL&hellip;<!-- AddThis Advanced Settings generic via filter on get_the_excerpt --><!-- AddThis Share Buttons generic via filter on get_the_excerpt --><\/p>\n","protected":false},"featured_media":10572,"template":"","meta":[],"product_cat":[15],"product_tag":[599,1204],"_links":{"self":[{"href":"https:\/\/www.bazarmerlin.com\/inicio\/wp-json\/wp\/v2\/product\/4079"}],"collection":[{"href":"https:\/\/www.bazarmerlin.com\/inicio\/wp-json\/wp\/v2\/product"}],"about":[{"href":"https:\/\/www.bazarmerlin.com\/inicio\/wp-json\/wp\/v2\/types\/product"}],"wp:featuredmedia":[{"embeddable":true,"href":"https:\/\/www.bazarmerlin.com\/inicio\/wp-json\/wp\/v2\/media\/10572"}],"wp:attachment":[{"href":"https:\/\/www.bazarmerlin.com\/inicio\/wp-json\/wp\/v2\/media?parent=4079"}],"wp:term":[{"taxonomy":"product_cat","embeddable":true,"href":"https:\/\/www.bazarmerlin.com\/inicio\/wp-json\/wp\/v2\/product_cat?post=4079"},{"taxonomy":"product_tag","embeddable":true,"href":"https:\/\/www.bazarmerlin.com\/inicio\/wp-json\/wp\/v2\/product_tag?post=4079"}],"curies":[{"name":"wp","href":"https:\/\/api.w.org\/{rel}","templated":true}]}}