{"id":4082,"date":"2015-08-11T17:15:51","date_gmt":"2015-08-11T17:15:51","guid":{"rendered":"https:\/\/www.bazarmerlin.com\/inicio\/?post_type=product&#038;p=4082"},"modified":"2022-11-17T22:14:53","modified_gmt":"2022-11-17T22:14:53","slug":"tetragramaton-de-thoth-contra-embrujos","status":"publish","type":"product","link":"https:\/\/www.bazarmerlin.com\/inicio\/producto\/tetragramaton-de-thoth-contra-embrujos\/","title":{"rendered":"Tetragramaton De Thoth &#8211; Contra Embrujos"},"content":{"rendered":"<p><strong>TETAGRAMATON CONTRA EMBRUJO DE THOT<\/strong><br \/>\n<strong>en aleaci\u00f3n de 7 metales v\u00edrgenes<\/strong><\/p>\n<p>&nbsp;<\/p>\n<p>Nota importante EL TALISMAN lo tenemos en :<br \/>\nCOLOR PLATA CON FONDO NEGRO O<br \/>\nDORADO CON FONDO NEGRO<\/p>\n<p>Es el dios de la sabidur\u00eda, la escritura, la m\u00fasica, los conjuros, hechizos m\u00e1gicos los conjuro hechizos m\u00e1gicos y s\u00edmbolo de la<br \/>\nLUNA DE LA MITOLOG\u00cdA EGIPCIA.<\/p>\n<p>Oh guardi\u00e1n del orden divino &#8220;THOT&#8221;, inventor de la escritura y del lenguaje, oh anubis juez de los muertos dios de los embalsamientos, no permitan ser influenciados por embrujos corporales, mentales y espirituales. Es mi escudo la familia divina.<\/p>\n<p>Thot fue un importante dios mitol\u00f3gicos egipcio, se lo representaba como un ser h\u00edbrido, con cuerpo de humano y cabeza de ibis, coronada a veces con un disco lunar.<\/p>\n<p>Thot se represento como en Egipto procedente de un pa\u00eds situado mas all\u00e1 de donde se oculta el sol, es decir que vino del oeste, igual que otros dioses del firmamento de egipcios.<\/p>\n<p>TETAGRAMAT\u00d3N:<br \/>\nEs una estrella de 5 puntas encerrada en un c\u00edrculo, significa el hombre como lo pinto Leonardo Da Vinci, la punta de debajo de la estrella son los pies, las de arriba las manos, y las de en medio la cabeza, el circulo es el universo del hombre.<\/p>\n<p>traer este s\u00edmbolo en el pecho<br \/>\nLIBERARA A SU PORTADOR DE LA MUERTE, considerado como EL MEJOR S\u00cdMBOLO CONTRA BRUJER\u00cdA,<br \/>\nya que trae escrito EL VERDADERO NOMBRE DE DIOS,<\/p>\n<p>por ello, espanta a los demonios, s\u00edmbolo inexpugnable de poder se conjugan en este s\u00edmbolo de protecci\u00f3n.<\/p>\n<p>TETAGRAMATON CONTRA EMBRUJO DE THOTH<br \/>\nen aleaci\u00f3n de 7 metales v\u00edrgenes<\/p>\n<p>Nota importante EL TALISMAN lo tenemos en :<br \/>\nCOLOR PLATA CON FONDO NEGRO O<br \/>\nDORADO CON FONDO NEGRO<\/p>\n<p>&nbsp;<\/p>\n<p>&nbsp;<\/p>\n<p><strong>BAZAR MERLIN<\/strong><br \/>\n<strong>El Lugar M\u00e1s M\u00edstico de Guadalajara<\/strong><br \/>\n<strong>ENVIAMOS A TODO M\u00c9XICO<\/strong><\/p>\n<!-- AddThis Advanced Settings generic via filter on the_content --><!-- AddThis Share Buttons generic via filter on the_content -->","protected":false},"excerpt":{"rendered":"<p>TETAGRAMATON CONTRA EMBRUJO DE THOT en aleaci\u00f3n de 7 metales v\u00edrgenes &nbsp; Nota importante EL TALISMAN lo tenemos en : COLOR PLATA CON FONDO NEGRO O DORADO CON FONDO NEGRO Es el dios de la sabidur\u00eda, la escritura, la m\u00fasica, los conjuros, hechizos m\u00e1gicos los conjuro hechizos m\u00e1gicos y s\u00edmbolo de la LUNA DE LA&hellip;<!-- AddThis Advanced Settings generic via filter on get_the_excerpt --><!-- AddThis Share Buttons generic via filter on get_the_excerpt --><\/p>\n","protected":false},"featured_media":10769,"template":"","meta":[],"product_cat":[12],"product_tag":[1206,1205],"_links":{"self":[{"href":"https:\/\/www.bazarmerlin.com\/inicio\/wp-json\/wp\/v2\/product\/4082"}],"collection":[{"href":"https:\/\/www.bazarmerlin.com\/inicio\/wp-json\/wp\/v2\/product"}],"about":[{"href":"https:\/\/www.bazarmerlin.com\/inicio\/wp-json\/wp\/v2\/types\/product"}],"wp:featuredmedia":[{"embeddable":true,"href":"https:\/\/www.bazarmerlin.com\/inicio\/wp-json\/wp\/v2\/media\/10769"}],"wp:attachment":[{"href":"https:\/\/www.bazarmerlin.com\/inicio\/wp-json\/wp\/v2\/media?parent=4082"}],"wp:term":[{"taxonomy":"product_cat","embeddable":true,"href":"https:\/\/www.bazarmerlin.com\/inicio\/wp-json\/wp\/v2\/product_cat?post=4082"},{"taxonomy":"product_tag","embeddable":true,"href":"https:\/\/www.bazarmerlin.com\/inicio\/wp-json\/wp\/v2\/product_tag?post=4082"}],"curies":[{"name":"wp","href":"https:\/\/api.w.org\/{rel}","templated":true}]}}