{"id":4094,"date":"2015-08-11T17:29:02","date_gmt":"2015-08-11T17:29:02","guid":{"rendered":"https:\/\/www.bazarmerlin.com\/inicio\/?post_type=product&#038;p=4094"},"modified":"2022-10-07T20:49:02","modified_gmt":"2022-10-07T20:49:02","slug":"jabon-yo-domino-a-mi-hombre-atraelo-magicamente-a-tu-lado","status":"publish","type":"product","link":"https:\/\/www.bazarmerlin.com\/inicio\/producto\/jabon-yo-domino-a-mi-hombre-atraelo-magicamente-a-tu-lado\/","title":{"rendered":"Jab\u00f3n Yo Domino A Mi Hombre &#8211; Conquistalo M\u00e1gicamente"},"content":{"rendered":"<p><strong>JAB\u00d3N YO DOMINO A MI HOMBRE<\/strong><\/p>\n<p>&nbsp;<\/p>\n<p>Debes utilizar este Jab\u00f3n diariamente<br \/>\nJab\u00f3n yo domino a mi hombre especial para dominar por completo a tu hombre y conseguir que hagas lo que le pidas&#8230;<\/p>\n<p>&nbsp;<\/p>\n<p><strong>BAZAR MERLIN<\/strong><br \/>\n<strong>El Lugar M\u00e1s M\u00edstico de Guadalajara<\/strong><br \/>\n<strong>ENVIAMOS A TODO M\u00c9XICO&#8230;<\/strong><\/p>\n<!-- AddThis Advanced Settings generic via filter on the_content --><!-- AddThis Share Buttons generic via filter on the_content -->","protected":false},"excerpt":{"rendered":"<p>JAB\u00d3N YO DOMINO A MI HOMBRE &nbsp; Debes utilizar este Jab\u00f3n diariamente Jab\u00f3n yo domino a mi hombre especial para dominar por completo a tu hombre y conseguir que hagas lo que le pidas&#8230; &nbsp; BAZAR MERLIN El Lugar M\u00e1s M\u00edstico de Guadalajara ENVIAMOS A TODO M\u00c9XICO&#8230;<!-- AddThis Advanced Settings generic via filter on get_the_excerpt --><!-- AddThis Share Buttons generic via filter on get_the_excerpt --><\/p>\n","protected":false},"featured_media":10268,"template":"","meta":[],"product_cat":[14],"product_tag":[1211,1210],"_links":{"self":[{"href":"https:\/\/www.bazarmerlin.com\/inicio\/wp-json\/wp\/v2\/product\/4094"}],"collection":[{"href":"https:\/\/www.bazarmerlin.com\/inicio\/wp-json\/wp\/v2\/product"}],"about":[{"href":"https:\/\/www.bazarmerlin.com\/inicio\/wp-json\/wp\/v2\/types\/product"}],"wp:featuredmedia":[{"embeddable":true,"href":"https:\/\/www.bazarmerlin.com\/inicio\/wp-json\/wp\/v2\/media\/10268"}],"wp:attachment":[{"href":"https:\/\/www.bazarmerlin.com\/inicio\/wp-json\/wp\/v2\/media?parent=4094"}],"wp:term":[{"taxonomy":"product_cat","embeddable":true,"href":"https:\/\/www.bazarmerlin.com\/inicio\/wp-json\/wp\/v2\/product_cat?post=4094"},{"taxonomy":"product_tag","embeddable":true,"href":"https:\/\/www.bazarmerlin.com\/inicio\/wp-json\/wp\/v2\/product_tag?post=4094"}],"curies":[{"name":"wp","href":"https:\/\/api.w.org\/{rel}","templated":true}]}}