{"id":4117,"date":"2015-08-11T17:55:36","date_gmt":"2015-08-11T17:55:36","guid":{"rendered":"https:\/\/www.bazarmerlin.com\/inicio\/?post_type=product&#038;p=4117"},"modified":"2022-12-20T23:07:53","modified_gmt":"2022-12-20T23:07:53","slug":"la-via-del-tarot-alejandro-jodorowsky-libro-611-paginas","status":"publish","type":"product","link":"https:\/\/www.bazarmerlin.com\/inicio\/producto\/la-via-del-tarot-alejandro-jodorowsky-libro-611-paginas\/","title":{"rendered":"La V\u00eda Del Tarot -alejandro Jodorowsky &#8211; Libro 611 Paginas"},"content":{"rendered":"<p><strong>LA VIA DEL TAROT DE JODOROWSY<\/strong><br \/>\n<strong>611 PAGINAS<\/strong><\/p>\n<p>&nbsp;<\/p>\n<p>Los cap\u00edtulos de este manual exhaustivo permitir\u00e1n al lector iniciarse en la estructura numerol\u00f3gica y simb\u00f3lica de las cartas, comprender y estudiar uno por uno de los 24 arcanos mayores y los 56 arcanos menores, pero tambi\u00e9n le abrir\u00e1n la posibilidad de lanzarse paso a paso a la pr\u00e1ctica, explorando las resonancias existentes entre las cartas y todas las estrategias de lectura, que permiten utilizar el tarot para uno mismo como para los dem\u00e1s.<\/p>\n<p>&nbsp;<\/p>\n<p><strong>BAZAR MERLIN<\/strong><br \/>\n<strong>El Lugar M\u00e1s M\u00edstico de Guadalajara<\/strong><br \/>\n<strong>ENVIAMOS A TODO M\u00c9XICO<\/strong><\/p>\n<!-- AddThis Advanced Settings generic via filter on the_content --><!-- AddThis Share Buttons generic via filter on the_content -->","protected":false},"excerpt":{"rendered":"<p>LA VIA DEL TAROT DE JODOROWSY 611 PAGINAS &nbsp; Los cap\u00edtulos de este manual exhaustivo permitir\u00e1n al lector iniciarse en la estructura numerol\u00f3gica y simb\u00f3lica de las cartas, comprender y estudiar uno por uno de los 24 arcanos mayores y los 56 arcanos menores, pero tambi\u00e9n le abrir\u00e1n la posibilidad de lanzarse paso a paso&hellip;<!-- AddThis Advanced Settings generic via filter on get_the_excerpt --><!-- AddThis Share Buttons generic via filter on get_the_excerpt --><\/p>\n","protected":false},"featured_media":11182,"template":"","meta":[],"product_cat":[13],"product_tag":[639,1220,1221],"_links":{"self":[{"href":"https:\/\/www.bazarmerlin.com\/inicio\/wp-json\/wp\/v2\/product\/4117"}],"collection":[{"href":"https:\/\/www.bazarmerlin.com\/inicio\/wp-json\/wp\/v2\/product"}],"about":[{"href":"https:\/\/www.bazarmerlin.com\/inicio\/wp-json\/wp\/v2\/types\/product"}],"wp:featuredmedia":[{"embeddable":true,"href":"https:\/\/www.bazarmerlin.com\/inicio\/wp-json\/wp\/v2\/media\/11182"}],"wp:attachment":[{"href":"https:\/\/www.bazarmerlin.com\/inicio\/wp-json\/wp\/v2\/media?parent=4117"}],"wp:term":[{"taxonomy":"product_cat","embeddable":true,"href":"https:\/\/www.bazarmerlin.com\/inicio\/wp-json\/wp\/v2\/product_cat?post=4117"},{"taxonomy":"product_tag","embeddable":true,"href":"https:\/\/www.bazarmerlin.com\/inicio\/wp-json\/wp\/v2\/product_tag?post=4117"}],"curies":[{"name":"wp","href":"https:\/\/api.w.org\/{rel}","templated":true}]}}