{"id":4120,"date":"2015-08-11T18:00:09","date_gmt":"2015-08-11T18:00:09","guid":{"rendered":"https:\/\/www.bazarmerlin.com\/inicio\/?post_type=product&#038;p=4120"},"modified":"2022-12-16T23:58:14","modified_gmt":"2022-12-16T23:58:14","slug":"el-holograma-esoterico-h-p-blavatsky","status":"publish","type":"product","link":"https:\/\/www.bazarmerlin.com\/inicio\/producto\/el-holograma-esoterico-h-p-blavatsky\/","title":{"rendered":"Holograma Esot\u00e9rico &#8211; Blavatsky"},"content":{"rendered":"<p><strong>LIBRO EL HOLOGRAMA ESOT\u00c9RICO<\/strong><br \/>\n<strong>H.P.BLAVATSKY.<\/strong><\/p>\n<p>&nbsp;<\/p>\n<p>Es una colecci\u00f3n de art\u00edculos imprescindibles en la biblioteca de todo esoterista. El mismo t\u00edtulo refleja la importancia del contenido: siendo el holograma una pel\u00edcula bidimensional con extra\u00f1os dibujos sin sentido, a no ser que se conozca el c\u00f3digo. Al iluminarlo con una luz se ve, aparentemente, una imagen tridimensional, pues en cripta la informaci\u00f3n completa de un objeto tridimensional sobre una superficie bidimensional. El profundo conocimiento esot\u00e9rico de Blavatsky, al estimular la intuici\u00f3n dellector, funge de luz que, irradiando sobre el simbolismo de estos art\u00edculos,descifra el c\u00f3digo, haciendo inteligible su significado y elevando la cualidad del diario vivir de cada ser humano.<\/p>\n<p>En el libro se hallan joyas, totalmente in\u00e9ditas del esoterismo teos\u00f3fico: extractos de cartas en las que Blavatsky explica el tema altamente rec\u00f3ndito de la Rondas y la Razas que ha dejado perplejo a todo serio estudiante de La Doctrina Secreta. Tambi\u00e9n se incluyen Las Notas Cosmol\u00f3gicas que los maestros de Madame Blavatsky escribieron a Sinnett y que no est\u00e1n incluidas en el libro Las Cartas de los Mahatmas. El todo est\u00e1 coronado por una versi\u00f3n integral de las hermosas Estancias de Dzyan,los versos en que se basa La Doctrina Secreta.<\/p>\n<p>P\u00e1ginas 288.<\/p>\n<p>&nbsp;<\/p>\n<p>&nbsp;<\/p>\n<p>&nbsp;<\/p>\n<p><strong>BAZAR MERLIN\u00ae<\/strong><br \/>\n<strong>El Lugar M\u00e1s M\u00edstico de Guadalajara<\/strong><br \/>\n<strong>ENVIAMOS A TODO M\u00c9XICO<\/strong><\/p>\n<!-- AddThis Advanced Settings generic via filter on the_content --><!-- AddThis Share Buttons generic via filter on the_content -->","protected":false},"excerpt":{"rendered":"<p>LIBRO EL HOLOGRAMA ESOT\u00c9RICO H.P.BLAVATSKY. &nbsp; Es una colecci\u00f3n de art\u00edculos imprescindibles en la biblioteca de todo esoterista. El mismo t\u00edtulo refleja la importancia del contenido: siendo el holograma una pel\u00edcula bidimensional con extra\u00f1os dibujos sin sentido, a no ser que se conozca el c\u00f3digo. Al iluminarlo con una luz se ve, aparentemente, una imagen&hellip;<!-- AddThis Advanced Settings generic via filter on get_the_excerpt --><!-- AddThis Share Buttons generic via filter on get_the_excerpt --><\/p>\n","protected":false},"featured_media":11146,"template":"","meta":[],"product_cat":[13],"product_tag":[1223,1222],"_links":{"self":[{"href":"https:\/\/www.bazarmerlin.com\/inicio\/wp-json\/wp\/v2\/product\/4120"}],"collection":[{"href":"https:\/\/www.bazarmerlin.com\/inicio\/wp-json\/wp\/v2\/product"}],"about":[{"href":"https:\/\/www.bazarmerlin.com\/inicio\/wp-json\/wp\/v2\/types\/product"}],"wp:featuredmedia":[{"embeddable":true,"href":"https:\/\/www.bazarmerlin.com\/inicio\/wp-json\/wp\/v2\/media\/11146"}],"wp:attachment":[{"href":"https:\/\/www.bazarmerlin.com\/inicio\/wp-json\/wp\/v2\/media?parent=4120"}],"wp:term":[{"taxonomy":"product_cat","embeddable":true,"href":"https:\/\/www.bazarmerlin.com\/inicio\/wp-json\/wp\/v2\/product_cat?post=4120"},{"taxonomy":"product_tag","embeddable":true,"href":"https:\/\/www.bazarmerlin.com\/inicio\/wp-json\/wp\/v2\/product_tag?post=4120"}],"curies":[{"name":"wp","href":"https:\/\/api.w.org\/{rel}","templated":true}]}}