{"id":4126,"date":"2015-08-11T18:06:46","date_gmt":"2015-08-11T18:06:46","guid":{"rendered":"https:\/\/www.bazarmerlin.com\/inicio\/?post_type=product&#038;p=4126"},"modified":"2022-12-15T23:52:03","modified_gmt":"2022-12-15T23:52:03","slug":"dogma-y-ritual-de-alta-magia-rituales-y-pactos-de-magia","status":"publish","type":"product","link":"https:\/\/www.bazarmerlin.com\/inicio\/producto\/dogma-y-ritual-de-alta-magia-rituales-y-pactos-de-magia\/","title":{"rendered":"Dogma Y Ritual De Alta Magia Rituales Y Pactos De Magia"},"content":{"rendered":"<h3><strong>DOGMA Y RITUAL DEL ALTA MAGIA.<\/strong><\/h3>\n<p>&nbsp;<\/p>\n<p>La piedra filosofal, la medicina universal, la transmutaci\u00f3n de los metales, la cuadratura del circulo y el secreto del movimiento continuo no son, pues, ni mistificaciones de la ciencia, ni ensue\u00f1os de la locura; son t\u00e9rminos que es preciso comprender en su verdadero sentido, y que manifiestan todos los diferentes caracteres de una misma operaci\u00f3n que se define de una manera m\u00e1s general, llam\u00e1ndola \u00fanicamente la gran obra.<\/p>\n<p>Medidas 16.5 x 22.5 \/ 6\u201d x 9\u201d. N\u00famero de P\u00e1ginas 355.<\/p>\n<p>&nbsp;<\/p>\n<p>&nbsp;<\/p>\n<p><strong>BAZAR MERLIN<\/strong><br \/>\n<strong>El Lugar M\u00e1s M\u00edstico de Guadalajara<\/strong><br \/>\n<strong>ENVIAMOS A TODO M\u00c9XICO<\/strong><\/p>\n<!-- AddThis Advanced Settings generic via filter on the_content --><!-- AddThis Share Buttons generic via filter on the_content -->","protected":false},"excerpt":{"rendered":"<p>DOGMA Y RITUAL DEL ALTA MAGIA. &nbsp; La piedra filosofal, la medicina universal, la transmutaci\u00f3n de los metales, la cuadratura del circulo y el secreto del movimiento continuo no son, pues, ni mistificaciones de la ciencia, ni ensue\u00f1os de la locura; son t\u00e9rminos que es preciso comprender en su verdadero sentido, y que manifiestan todos&hellip;<!-- AddThis Advanced Settings generic via filter on get_the_excerpt --><!-- AddThis Share Buttons generic via filter on get_the_excerpt --><\/p>\n","protected":false},"featured_media":11114,"template":"","meta":[],"product_cat":[13],"product_tag":[1224],"_links":{"self":[{"href":"https:\/\/www.bazarmerlin.com\/inicio\/wp-json\/wp\/v2\/product\/4126"}],"collection":[{"href":"https:\/\/www.bazarmerlin.com\/inicio\/wp-json\/wp\/v2\/product"}],"about":[{"href":"https:\/\/www.bazarmerlin.com\/inicio\/wp-json\/wp\/v2\/types\/product"}],"wp:featuredmedia":[{"embeddable":true,"href":"https:\/\/www.bazarmerlin.com\/inicio\/wp-json\/wp\/v2\/media\/11114"}],"wp:attachment":[{"href":"https:\/\/www.bazarmerlin.com\/inicio\/wp-json\/wp\/v2\/media?parent=4126"}],"wp:term":[{"taxonomy":"product_cat","embeddable":true,"href":"https:\/\/www.bazarmerlin.com\/inicio\/wp-json\/wp\/v2\/product_cat?post=4126"},{"taxonomy":"product_tag","embeddable":true,"href":"https:\/\/www.bazarmerlin.com\/inicio\/wp-json\/wp\/v2\/product_tag?post=4126"}],"curies":[{"name":"wp","href":"https:\/\/api.w.org\/{rel}","templated":true}]}}