{"id":416,"date":"2015-06-26T18:21:35","date_gmt":"2015-06-26T18:21:35","guid":{"rendered":"https:\/\/www.bazarmerlin.com\/inicio\/?post_type=product&#038;p=416"},"modified":"2024-10-12T00:58:11","modified_gmt":"2024-10-12T00:58:11","slug":"cirio-o-velon-doble-suerte-atrae-amor-dinero-y-abre-caminos","status":"publish","type":"product","link":"https:\/\/www.bazarmerlin.com\/inicio\/producto\/cirio-o-velon-doble-suerte-atrae-amor-dinero-y-abre-caminos\/","title":{"rendered":"Cirio O Vel\u00f3n Doble Suerte Atrae Amor, Dinero Y Abre Caminos"},"content":{"rendered":"<p><strong>GENUINO CIRIO ESPIRITUAL DOBLE SUERTE\u00a0<\/strong><\/p>\n<p>&nbsp;<\/p>\n<p>PODEROSO CIRIO PARA AYUDARNOS A ATRAER BUENA SUERTE EN EL AMOR, DINERO, NEGOCIOS Y ABRIR CAMINOS EN TODOS LOS SENTIDOS.<\/p>\n<p>ELIMINA BLOQUEOS Y ATRAE TODA LA BUENA SUERTE<\/p>\n<p>Enciendelo y ver\u00e1s que pronto se retirar\u00e1n todos los da\u00f1os hacia tu persona.<\/p>\n<p>Esta Oraci\u00f3n debe de llevarse a cabo a la hora de prender este Poderoso Cirio:<\/p>\n<p>Divino poder de la suerte, recurre a i en toda necesidad que yo tenga, dame doble suerte en todo lo que yo realice, que cada cosa que haga tenga m\u00faltiples bendiciones y bendigo al Se\u00f1or porque derrama en mi sus dones. \u00a1Oh, Se\u00f1or! conc\u00e9deme este favor y llena mi alma de gozo.<\/p>\n<p>&nbsp;<\/p>\n<p>&nbsp;<\/p>\n<p><strong>BAZAR\u00a0<\/strong><b>MERL\u00cdN<\/b><br \/>\n<strong>El Lugar M\u00e1s M\u00edstico de Guadalajara<\/strong><br \/>\n<strong>ENVIAMOS A TODO M\u00c9XICO<\/strong><\/p>\n<!-- AddThis Advanced Settings generic via filter on the_content --><!-- AddThis Share Buttons generic via filter on the_content -->","protected":false},"excerpt":{"rendered":"<p>GENUINO CIRIO ESPIRITUAL DOBLE SUERTE\u00a0 &nbsp; PODEROSO CIRIO PARA AYUDARNOS A ATRAER BUENA SUERTE EN EL AMOR, DINERO, NEGOCIOS Y ABRIR CAMINOS EN TODOS LOS SENTIDOS. ELIMINA BLOQUEOS Y ATRAE TODA LA BUENA SUERTE Enciendelo y ver\u00e1s que pronto se retirar\u00e1n todos los da\u00f1os hacia tu persona. Esta Oraci\u00f3n debe de llevarse a cabo a&hellip;<!-- AddThis Advanced Settings generic via filter on get_the_excerpt --><!-- AddThis Share Buttons generic via filter on get_the_excerpt --><\/p>\n","protected":false},"featured_media":9503,"template":"","meta":[],"product_cat":[19],"product_tag":[538,539],"_links":{"self":[{"href":"https:\/\/www.bazarmerlin.com\/inicio\/wp-json\/wp\/v2\/product\/416"}],"collection":[{"href":"https:\/\/www.bazarmerlin.com\/inicio\/wp-json\/wp\/v2\/product"}],"about":[{"href":"https:\/\/www.bazarmerlin.com\/inicio\/wp-json\/wp\/v2\/types\/product"}],"wp:featuredmedia":[{"embeddable":true,"href":"https:\/\/www.bazarmerlin.com\/inicio\/wp-json\/wp\/v2\/media\/9503"}],"wp:attachment":[{"href":"https:\/\/www.bazarmerlin.com\/inicio\/wp-json\/wp\/v2\/media?parent=416"}],"wp:term":[{"taxonomy":"product_cat","embeddable":true,"href":"https:\/\/www.bazarmerlin.com\/inicio\/wp-json\/wp\/v2\/product_cat?post=416"},{"taxonomy":"product_tag","embeddable":true,"href":"https:\/\/www.bazarmerlin.com\/inicio\/wp-json\/wp\/v2\/product_tag?post=416"}],"curies":[{"name":"wp","href":"https:\/\/api.w.org\/{rel}","templated":true}]}}