{"id":4180,"date":"2015-08-11T19:32:30","date_gmt":"2015-08-11T19:32:30","guid":{"rendered":"https:\/\/www.bazarmerlin.com\/inicio\/?post_type=product&#038;p=4180"},"modified":"2022-11-15T23:13:49","modified_gmt":"2022-11-15T23:13:49","slug":"talisman-estrella-de-12-puntas-en-7-metales-visibles","status":"publish","type":"product","link":"https:\/\/www.bazarmerlin.com\/inicio\/producto\/talisman-estrella-de-12-puntas-en-7-metales-visibles\/","title":{"rendered":"Talisman Estrella De 12 Puntas &#8211; En 7 Metales Visibles"},"content":{"rendered":"<p><strong>TALISM\u00c1N ESTRELLA 12 PUNTAS ENCAPSULADO EN RESINA FABRICADO CON ALEACI\u00d3N DE 7 METALES<\/strong><\/p>\n<p>&nbsp;<\/p>\n<p>3.5 CMS DE DI\u00c1METRO APROXIMADO<\/p>\n<p>El s\u00edmbolo de la estrella representa la luz, la verdad, la fortaleza espiritual y la esperanza, y su significado depender\u00e1 principalmente del n\u00famero de puntas que tengas y la orientaci\u00f3n de estas.<\/p>\n<p>Simboliza los 12 signos zodiacales ubicados en su casa madre, as\u00ed tambi\u00e9n dadas sus caracter\u00edsticas se puede dibujar de dos maneras la primera trazando 4 tri\u00e1ngulos representa los 4 puntos cardinales as\u00ed como los 4 elementos. La segunda trazando 3 cuadrados representa las cosas cardinales fijas y mutables. Se dice que la estrella de doce puntas protege cuando mercurio se encuentra retrogrado.<\/p>\n<p>Amuleto Protector En esta estrella de 12 puntas se enlazan las energ\u00edas espirituales mas fuertes y m\u00e1gicas de todos los tiempos. Por tanto es uno de los amuletos mas completos ya que atrae la abundancia, favorece el bienestar espiritual, atrae el amor y favorece la salud. Estrella de 12 puntas (reflejo De Bel\u00e9n) es la que representa el tiempo vivido en armon\u00eda.<\/p>\n<p>&nbsp;<\/p>\n<p>&nbsp;<\/p>\n<p><strong>BAZAR MERLIN\u00ae<\/strong><br \/>\n<strong>El Lugar M\u00e1s M\u00edstico de Guadalajara<\/strong><br \/>\n<strong>ENVIAMOS A TODO M\u00c9XICO Y EL MUNDO\u2026<\/strong><\/p>\n<p>&nbsp;<\/p>\n<!-- AddThis Advanced Settings generic via filter on the_content --><!-- AddThis Share Buttons generic via filter on the_content -->","protected":false},"excerpt":{"rendered":"<p>TALISM\u00c1N ESTRELLA 12 PUNTAS ENCAPSULADO EN RESINA FABRICADO CON ALEACI\u00d3N DE 7 METALES &nbsp; 3.5 CMS DE DI\u00c1METRO APROXIMADO El s\u00edmbolo de la estrella representa la luz, la verdad, la fortaleza espiritual y la esperanza, y su significado depender\u00e1 principalmente del n\u00famero de puntas que tengas y la orientaci\u00f3n de estas. Simboliza los 12 signos&hellip;<!-- AddThis Advanced Settings generic via filter on get_the_excerpt --><!-- AddThis Share Buttons generic via filter on get_the_excerpt --><\/p>\n","protected":false},"featured_media":10755,"template":"","meta":[],"product_cat":[12],"product_tag":[1230,1229],"_links":{"self":[{"href":"https:\/\/www.bazarmerlin.com\/inicio\/wp-json\/wp\/v2\/product\/4180"}],"collection":[{"href":"https:\/\/www.bazarmerlin.com\/inicio\/wp-json\/wp\/v2\/product"}],"about":[{"href":"https:\/\/www.bazarmerlin.com\/inicio\/wp-json\/wp\/v2\/types\/product"}],"wp:featuredmedia":[{"embeddable":true,"href":"https:\/\/www.bazarmerlin.com\/inicio\/wp-json\/wp\/v2\/media\/10755"}],"wp:attachment":[{"href":"https:\/\/www.bazarmerlin.com\/inicio\/wp-json\/wp\/v2\/media?parent=4180"}],"wp:term":[{"taxonomy":"product_cat","embeddable":true,"href":"https:\/\/www.bazarmerlin.com\/inicio\/wp-json\/wp\/v2\/product_cat?post=4180"},{"taxonomy":"product_tag","embeddable":true,"href":"https:\/\/www.bazarmerlin.com\/inicio\/wp-json\/wp\/v2\/product_tag?post=4180"}],"curies":[{"name":"wp","href":"https:\/\/api.w.org\/{rel}","templated":true}]}}