{"id":4189,"date":"2015-08-11T19:39:29","date_gmt":"2015-08-11T19:39:29","guid":{"rendered":"https:\/\/www.bazarmerlin.com\/inicio\/?post_type=product&#038;p=4189"},"modified":"2022-11-26T00:13:26","modified_gmt":"2022-11-26T00:13:26","slug":"veladora-de-coco-abre-caminos-y-quita-mala-suerte","status":"publish","type":"product","link":"https:\/\/www.bazarmerlin.com\/inicio\/producto\/veladora-de-coco-abre-caminos-y-quita-mala-suerte\/","title":{"rendered":"Veladora De Coco &#8211; Abre Caminos Y Quita Mala Suerte"},"content":{"rendered":"<p><strong>PODEROSA VELADORA DE COCO<\/strong><br \/>\n<strong>DESBLOQUEA DE FORMA R\u00c1PIDA Y INMEDIATA.<\/strong><\/p>\n<p>&nbsp;<\/p>\n<p>\u00bfLA MALA SUERTE TE PERSIGUE?<br \/>\n\u00bfTE VA MAL ECON\u00d3MICAMENTE?<br \/>\n\u00bfHAY FRACASO EN EL AMOR?<br \/>\n\u00bfO PLEITOS SEGUIDOS CON TU PAREJA?<\/p>\n<p>\u00a1CORTA DE TAJO TODA ESA MALA SUERTE!<\/p>\n<p>Las veladoras son preparadas con productos, esencias y extractos especiales. Cuando tienes un problema que crees de dificil soluci\u00f3n es bueno recurrir a los rituales de magia, estos siempre nos ayudan a lograr exitosa mente los objetivos que queremos conseguir.<\/p>\n<p>Las veladoras sirven para cambiar de forma inmediata tu suerte. Su fabricaci\u00f3n y su composici\u00f3n son de forma 100% artesanal por lo que llevan la esencia y extracto natural para equilibrar tu energ\u00eda, en algunos jabones hierbas en su interior.<\/p>\n<p>Esta poderosa VELADORA te ayudar\u00e1 a alejar esa mala vibra que traes contigo en AMOR, DINERO Y SALUD Logrando equilibrarte y quitando todo da\u00f1o de tu energ\u00eda \u00e1urica o tu persona.<\/p>\n<p>\u00a1PARA QUE LOGRES TODAS TUS METAS CON \u00c9XITO DE FORMA R\u00c1PIDA!<\/p>\n<p>&nbsp;<\/p>\n<p>&nbsp;<\/p>\n<p><strong>BAZAR\u00a0<\/strong><b>MERL\u00cdN<\/b><br \/>\n<strong>El Lugar M\u00e1s M\u00edstico de Guadalajara<\/strong><br \/>\n<strong>ENVIAMOS A TODO M\u00c9XICO&#8230;<\/strong><\/p>\n<!-- AddThis Advanced Settings generic via filter on the_content --><!-- AddThis Share Buttons generic via filter on the_content -->","protected":false},"excerpt":{"rendered":"<p>PODEROSA VELADORA DE COCO DESBLOQUEA DE FORMA R\u00c1PIDA Y INMEDIATA. &nbsp; \u00bfLA MALA SUERTE TE PERSIGUE? \u00bfTE VA MAL ECON\u00d3MICAMENTE? \u00bfHAY FRACASO EN EL AMOR? \u00bfO PLEITOS SEGUIDOS CON TU PAREJA? \u00a1CORTA DE TAJO TODA ESA MALA SUERTE! Las veladoras son preparadas con productos, esencias y extractos especiales. Cuando tienes un problema que crees de&hellip;<!-- AddThis Advanced Settings generic via filter on get_the_excerpt --><!-- AddThis Share Buttons generic via filter on get_the_excerpt --><\/p>\n","protected":false},"featured_media":10837,"template":"","meta":[],"product_cat":[19],"product_tag":[1232,1231],"_links":{"self":[{"href":"https:\/\/www.bazarmerlin.com\/inicio\/wp-json\/wp\/v2\/product\/4189"}],"collection":[{"href":"https:\/\/www.bazarmerlin.com\/inicio\/wp-json\/wp\/v2\/product"}],"about":[{"href":"https:\/\/www.bazarmerlin.com\/inicio\/wp-json\/wp\/v2\/types\/product"}],"wp:featuredmedia":[{"embeddable":true,"href":"https:\/\/www.bazarmerlin.com\/inicio\/wp-json\/wp\/v2\/media\/10837"}],"wp:attachment":[{"href":"https:\/\/www.bazarmerlin.com\/inicio\/wp-json\/wp\/v2\/media?parent=4189"}],"wp:term":[{"taxonomy":"product_cat","embeddable":true,"href":"https:\/\/www.bazarmerlin.com\/inicio\/wp-json\/wp\/v2\/product_cat?post=4189"},{"taxonomy":"product_tag","embeddable":true,"href":"https:\/\/www.bazarmerlin.com\/inicio\/wp-json\/wp\/v2\/product_tag?post=4189"}],"curies":[{"name":"wp","href":"https:\/\/api.w.org\/{rel}","templated":true}]}}