{"id":4198,"date":"2015-08-11T19:48:56","date_gmt":"2015-08-11T19:48:56","guid":{"rendered":"https:\/\/www.bazarmerlin.com\/inicio\/?post_type=product&#038;p=4198"},"modified":"2022-12-29T00:54:53","modified_gmt":"2022-12-29T00:54:53","slug":"velon-corte-y-juzgado-problemas-y-asuntos-de-ley","status":"publish","type":"product","link":"https:\/\/www.bazarmerlin.com\/inicio\/producto\/velon-corte-y-juzgado-problemas-y-asuntos-de-ley\/","title":{"rendered":"Velon Corte Y Juzgado &#8211; Problemas Y Asuntos De Ley"},"content":{"rendered":"<p><strong>VEL\u00d3N CORTE Y JUZGADO.<\/strong><\/p>\n<p>&nbsp;<\/p>\n<p>Vel\u00f3n para Peticiones y que salgan vencedores con los problemas con la Ley en General.<\/p>\n<p>vel\u00f3n Corte y Juzgado<br \/>\nvel\u00f3n ritualizado acompa\u00f1ado por polvos para envolverlo y potenciar el requerimiento a realizar: indicado para antes de presentarse ante la ley, juzgado o abogado y tendr\u00e1 la soluci\u00f3n m\u00e1s favorable del caso en que est\u00e9 involucrado.<\/p>\n<p>&nbsp;<\/p>\n<p>&nbsp;<\/p>\n<p><strong>BAZAR\u00a0<\/strong><b>MERL\u00cdN<\/b><br \/>\n<strong>El Lugar M\u00e1s M\u00edstico de Guadalajara<\/strong><br \/>\n<strong>ENVIAMOS A TODO M\u00c9XICO&#8230;<\/strong><\/p>\n<!-- AddThis Advanced Settings generic via filter on the_content --><!-- AddThis Share Buttons generic via filter on the_content -->","protected":false},"excerpt":{"rendered":"<p>VEL\u00d3N CORTE Y JUZGADO. &nbsp; Vel\u00f3n para Peticiones y que salgan vencedores con los problemas con la Ley en General. vel\u00f3n Corte y Juzgado vel\u00f3n ritualizado acompa\u00f1ado por polvos para envolverlo y potenciar el requerimiento a realizar: indicado para antes de presentarse ante la ley, juzgado o abogado y tendr\u00e1 la soluci\u00f3n m\u00e1s favorable del&hellip;<!-- AddThis Advanced Settings generic via filter on get_the_excerpt --><!-- AddThis Share Buttons generic via filter on get_the_excerpt --><\/p>\n","protected":false},"featured_media":10891,"template":"","meta":[],"product_cat":[19],"product_tag":[1234,1233],"_links":{"self":[{"href":"https:\/\/www.bazarmerlin.com\/inicio\/wp-json\/wp\/v2\/product\/4198"}],"collection":[{"href":"https:\/\/www.bazarmerlin.com\/inicio\/wp-json\/wp\/v2\/product"}],"about":[{"href":"https:\/\/www.bazarmerlin.com\/inicio\/wp-json\/wp\/v2\/types\/product"}],"wp:featuredmedia":[{"embeddable":true,"href":"https:\/\/www.bazarmerlin.com\/inicio\/wp-json\/wp\/v2\/media\/10891"}],"wp:attachment":[{"href":"https:\/\/www.bazarmerlin.com\/inicio\/wp-json\/wp\/v2\/media?parent=4198"}],"wp:term":[{"taxonomy":"product_cat","embeddable":true,"href":"https:\/\/www.bazarmerlin.com\/inicio\/wp-json\/wp\/v2\/product_cat?post=4198"},{"taxonomy":"product_tag","embeddable":true,"href":"https:\/\/www.bazarmerlin.com\/inicio\/wp-json\/wp\/v2\/product_tag?post=4198"}],"curies":[{"name":"wp","href":"https:\/\/api.w.org\/{rel}","templated":true}]}}