{"id":4226,"date":"2015-08-12T16:42:09","date_gmt":"2015-08-12T16:42:09","guid":{"rendered":"https:\/\/www.bazarmerlin.com\/inicio\/?post_type=product&#038;p=4226"},"modified":"2022-12-06T22:23:43","modified_gmt":"2022-12-06T22:23:43","slug":"locion-de-gel-9-hierbas-conta-envidias-y-malas-vibras","status":"publish","type":"product","link":"https:\/\/www.bazarmerlin.com\/inicio\/producto\/locion-de-gel-9-hierbas-conta-envidias-y-malas-vibras\/","title":{"rendered":"Locion De Gel 9 Hierbas &#8211; Conta Envidias Y Malas Vibras"},"content":{"rendered":"<h3><strong>LOCION COMPUESTA DE GEL DE 9 HIERBAS DEL INDIO<\/strong><\/h3>\n<p>&nbsp;<\/p>\n<p>Para contrarrestar Envidias, Malas Vibras y cualquier Energ\u00eda negativa de tu persona.<\/p>\n<p>&nbsp;<\/p>\n<p>APLICAR LA LOCI\u00d3N Y DECIR.<br \/>\nEN EL NOMBRE DEL PADRE DEL HIJO Y DEL ESP\u00cdRITU SANTO YO FIEL CREYENTE DE TU PODER TE INVOCO EN ESTE MOMENTO.<br \/>\nTU GRAN ESP\u00cdRITU INDIO CONOCES LAS AFLICCIONES DE MI MATERIA INTERCEDE CON NUESTRO PADRE ETERNO Y BRINDAME TU DIVINA PROTECCI\u00d3N QUE CON TU HACHA DE PIEDRA ROMPAS LAS MALAS CADENAS QUE MIS ENEMIGOS ME TIENDAN MATERIALES Y ESPIRITUALES. CON EL VENENO DE TU FLECHA DESTRUYAS LOS MALOS PENSAMIENTOS QUE CONTRA MI VENGAN. OH! GRAN ESP\u00cdRITU INDIO CON TUS OJOS DE \u00c1GUILA VIGILA MI SENDERO. QUE NO HAYA BRUJO CIRIO NI MAL PENSAMIENTO QUE PUEDA HACERME DANO CORPORAL O MATERIAL. OH! GRAN ESP\u00cdRITU INDIO TE DEDICO ESTA LOCI\u00d3N EN PAGO DE TU PROTECCI\u00d3N PARA<br \/>\nREGOCIJO LUZ Y PROGRESO DE TU SANTO ESP\u00cdRITU. AMEN.<\/p>\n<p>&nbsp;<\/p>\n<p>&nbsp;<\/p>\n<p><strong>BAZAR MERL\u00cdN<\/strong><br \/>\n<strong>El Lugar M\u00e1s M\u00edstico de Guadalajara<\/strong><br \/>\n<strong>ENVIAMOS A TODO M\u00c9XICO&#8230;<\/strong><\/p>\n<!-- AddThis Advanced Settings generic via filter on the_content --><!-- AddThis Share Buttons generic via filter on the_content -->","protected":false},"excerpt":{"rendered":"<p>LOCION COMPUESTA DE GEL DE 9 HIERBAS DEL INDIO &nbsp; Para contrarrestar Envidias, Malas Vibras y cualquier Energ\u00eda negativa de tu persona. &nbsp; APLICAR LA LOCI\u00d3N Y DECIR. EN EL NOMBRE DEL PADRE DEL HIJO Y DEL ESP\u00cdRITU SANTO YO FIEL CREYENTE DE TU PODER TE INVOCO EN ESTE MOMENTO. TU GRAN ESP\u00cdRITU INDIO CONOCES&hellip;<!-- AddThis Advanced Settings generic via filter on get_the_excerpt --><!-- AddThis Share Buttons generic via filter on get_the_excerpt --><\/p>\n","protected":false},"featured_media":10975,"template":"","meta":[],"product_cat":[20],"product_tag":[1238,1237],"_links":{"self":[{"href":"https:\/\/www.bazarmerlin.com\/inicio\/wp-json\/wp\/v2\/product\/4226"}],"collection":[{"href":"https:\/\/www.bazarmerlin.com\/inicio\/wp-json\/wp\/v2\/product"}],"about":[{"href":"https:\/\/www.bazarmerlin.com\/inicio\/wp-json\/wp\/v2\/types\/product"}],"wp:featuredmedia":[{"embeddable":true,"href":"https:\/\/www.bazarmerlin.com\/inicio\/wp-json\/wp\/v2\/media\/10975"}],"wp:attachment":[{"href":"https:\/\/www.bazarmerlin.com\/inicio\/wp-json\/wp\/v2\/media?parent=4226"}],"wp:term":[{"taxonomy":"product_cat","embeddable":true,"href":"https:\/\/www.bazarmerlin.com\/inicio\/wp-json\/wp\/v2\/product_cat?post=4226"},{"taxonomy":"product_tag","embeddable":true,"href":"https:\/\/www.bazarmerlin.com\/inicio\/wp-json\/wp\/v2\/product_tag?post=4226"}],"curies":[{"name":"wp","href":"https:\/\/api.w.org\/{rel}","templated":true}]}}