{"id":4229,"date":"2015-08-12T16:44:58","date_gmt":"2015-08-12T16:44:58","guid":{"rendered":"https:\/\/www.bazarmerlin.com\/inicio\/?post_type=product&#038;p=4229"},"modified":"2022-10-03T20:53:00","modified_gmt":"2022-10-03T20:53:00","slug":"fetiches-para-trabajos-de-atraccion-o-amarres","status":"publish","type":"product","link":"https:\/\/www.bazarmerlin.com\/inicio\/producto\/fetiches-para-trabajos-de-atraccion-o-amarres\/","title":{"rendered":"Fetiches &#8211; Para Trabajos De Atracci\u00f3n O Amarres"},"content":{"rendered":"<p><strong>MU\u00d1ECOS FETICHE HOMBRE Y MUJER<\/strong><\/p>\n<p>&nbsp;<\/p>\n<p>Fetiches para hacer trabajos de atracci\u00f3n para una persona.<\/p>\n<p>Entierros, Amarre blanco,amarre negro,<br \/>\nSeparaciones, Destierros, Dominios, condenaciones,amansamientos, endulzamientos, El uso que uno le quiera dar, sabiendo usar esta poderosa herramienta podemos lograr cualquier<br \/>\nobjetivo.<\/p>\n<p>Cuando realice el mu\u00f1eco, trate de imprimirle alg\u00fan detalle que sea caracter\u00edstico de la personalidad o del f\u00edsico de aqu\u00e9l a quien representa, ya sea usted u otra persona, Por ejemplo: un lunar, una cicatriz, el color del pelo, una ceja m\u00e1s levantada para denotar su perspicacia, etc.<\/p>\n<p>Estos detalles son de libre elecci\u00f3n, pero recuerde que deber\u00e1 tenerlos en \u00b7cuenta, a fin de lograr la mejor representaci\u00f3n f\u00edsica posible de la persona a la que desea simbolizar m\u00e1gicamente.<\/p>\n<p>Una vez que realice el modelo base, el mu\u00f1eco vud\u00fa de poder estar\u00e1 terminado, pero sin cerrar, con una peque\u00f1a abertura para ser cosida durante el ritual.<\/p>\n<p>&nbsp;<\/p>\n<p>*Para rellenar el mu\u00f1eco vud\u00fa que intervendr\u00e1 en el ritual encargado de atraer el amor, se utilizar\u00e1n semillas de: canela.<br \/>\n*Para aumentar la pasi\u00f3n: semillas de casta\u00f1a.<br \/>\n*Para apresurar la boda: semillas de naranjo.<br \/>\n*Para que se cumplan sus pedidos econ\u00f3micos: semillas de girasol.<br \/>\n*Para el \u00e9xito en los negocios: semillas de s\u00e9samo, avena, trigo.<br \/>\n*Para aumentar sus ingresos: semillas de arroz, ma\u00edz, lentejas.<br \/>\n*Para pedir por la salud de un enfermo: semillas de manzano, pino.<br \/>\n*Para superar una audici\u00f3n no olvide rellenar su mu\u00f1eco vud\u00fa con: semillas de roble y sauce.<br \/>\n*Para recuperar la vitalidad: semillas de mandarina o durazno.<\/p>\n<p>&nbsp;<\/p>\n<p>ADVERTENCIA: EL USO DE ESTE PRODUCTO ES RESPONSABILIDAD DE QUIEN LO COMPRA Y REALIZA EL TRABAJO \u00daSELO CON RESPONSABILIDAD.<\/p>\n<p>&nbsp;<\/p>\n<p>&nbsp;<\/p>\n<p><strong>BAZAR\u00a0<\/strong><b>MERL\u00cdN<\/b><br \/>\n<strong>El Lugar M\u00e1s M\u00edstico de Guadalajara<\/strong><br \/>\n<strong>ENVIAMOS A TODO M\u00c9XICO&#8230;<\/strong><\/p>\n<!-- AddThis Advanced Settings generic via filter on the_content --><!-- AddThis Share Buttons generic via filter on the_content -->","protected":false},"excerpt":{"rendered":"<p>MU\u00d1ECOS FETICHE HOMBRE Y MUJER &nbsp; Fetiches para hacer trabajos de atracci\u00f3n para una persona. Entierros, Amarre blanco,amarre negro, Separaciones, Destierros, Dominios, condenaciones,amansamientos, endulzamientos, El uso que uno le quiera dar, sabiendo usar esta poderosa herramienta podemos lograr cualquier objetivo. Cuando realice el mu\u00f1eco, trate de imprimirle alg\u00fan detalle que sea caracter\u00edstico de la personalidad&hellip;<!-- AddThis Advanced Settings generic via filter on get_the_excerpt --><!-- AddThis Share Buttons generic via filter on get_the_excerpt --><\/p>\n","protected":false},"featured_media":10218,"template":"","meta":[],"product_cat":[14],"product_tag":[1239,1240],"_links":{"self":[{"href":"https:\/\/www.bazarmerlin.com\/inicio\/wp-json\/wp\/v2\/product\/4229"}],"collection":[{"href":"https:\/\/www.bazarmerlin.com\/inicio\/wp-json\/wp\/v2\/product"}],"about":[{"href":"https:\/\/www.bazarmerlin.com\/inicio\/wp-json\/wp\/v2\/types\/product"}],"wp:featuredmedia":[{"embeddable":true,"href":"https:\/\/www.bazarmerlin.com\/inicio\/wp-json\/wp\/v2\/media\/10218"}],"wp:attachment":[{"href":"https:\/\/www.bazarmerlin.com\/inicio\/wp-json\/wp\/v2\/media?parent=4229"}],"wp:term":[{"taxonomy":"product_cat","embeddable":true,"href":"https:\/\/www.bazarmerlin.com\/inicio\/wp-json\/wp\/v2\/product_cat?post=4229"},{"taxonomy":"product_tag","embeddable":true,"href":"https:\/\/www.bazarmerlin.com\/inicio\/wp-json\/wp\/v2\/product_tag?post=4229"}],"curies":[{"name":"wp","href":"https:\/\/api.w.org\/{rel}","templated":true}]}}