{"id":4244,"date":"2015-08-12T16:59:21","date_gmt":"2015-08-12T16:59:21","guid":{"rendered":"https:\/\/www.bazarmerlin.com\/inicio\/?post_type=product&#038;p=4244"},"modified":"2023-02-04T00:11:10","modified_gmt":"2023-02-04T00:11:10","slug":"locion-de-gel-destrancadera-rompe-ataduras-y-mala-suerte","status":"publish","type":"product","link":"https:\/\/www.bazarmerlin.com\/inicio\/producto\/locion-de-gel-destrancadera-rompe-ataduras-y-mala-suerte\/","title":{"rendered":"Locion Destrancadera &#8211; Rompe Mala Suerte Y Brujerias"},"content":{"rendered":"<p><strong>LOCI\u00d3N COMPUESTA DE GEL DESTRANCADERA<\/strong><\/p>\n<p>&nbsp;<\/p>\n<p>Para romper ataduras y alejar mala suerte, rompe brujer\u00edas. Util\u00edzala para resolver problemas muy dif\u00edciles a la vez que abre caminos.<\/p>\n<p>Desbloquea, retira y previene de trabajos negros, brujer\u00edas o da\u00f1os a tu persona, por fuertes que parezcan.<\/p>\n<p>Elaborada con esencias especialmente tratadas y ritualizadas por especialistas de alta magia. Te liberar\u00e1 de energ\u00eda negativa estancada, atrayendo s\u00f3lo vibras positivas y alejando a esas personas que s\u00f3lo quieren da\u00f1ar.<\/p>\n<p>&nbsp;<\/p>\n<p>&nbsp;<\/p>\n<p><strong>BAZAR MERLIN<\/strong><br \/>\n<strong>El Lugar M\u00e1s M\u00edstico de Guadalajara<\/strong><br \/>\n<strong>ENVIAMOS A TODO M\u00c9XICO<\/strong><\/p>\n<!-- AddThis Advanced Settings generic via filter on the_content --><!-- AddThis Share Buttons generic via filter on the_content -->","protected":false},"excerpt":{"rendered":"<p>LOCI\u00d3N COMPUESTA DE GEL DESTRANCADERA &nbsp; Para romper ataduras y alejar mala suerte, rompe brujer\u00edas. Util\u00edzala para resolver problemas muy dif\u00edciles a la vez que abre caminos. Desbloquea, retira y previene de trabajos negros, brujer\u00edas o da\u00f1os a tu persona, por fuertes que parezcan. Elaborada con esencias especialmente tratadas y ritualizadas por especialistas de alta&hellip;<!-- AddThis Advanced Settings generic via filter on get_the_excerpt --><!-- AddThis Share Buttons generic via filter on get_the_excerpt --><\/p>\n","protected":false},"featured_media":10980,"template":"","meta":[],"product_cat":[20],"product_tag":[1249,1250],"_links":{"self":[{"href":"https:\/\/www.bazarmerlin.com\/inicio\/wp-json\/wp\/v2\/product\/4244"}],"collection":[{"href":"https:\/\/www.bazarmerlin.com\/inicio\/wp-json\/wp\/v2\/product"}],"about":[{"href":"https:\/\/www.bazarmerlin.com\/inicio\/wp-json\/wp\/v2\/types\/product"}],"wp:featuredmedia":[{"embeddable":true,"href":"https:\/\/www.bazarmerlin.com\/inicio\/wp-json\/wp\/v2\/media\/10980"}],"wp:attachment":[{"href":"https:\/\/www.bazarmerlin.com\/inicio\/wp-json\/wp\/v2\/media?parent=4244"}],"wp:term":[{"taxonomy":"product_cat","embeddable":true,"href":"https:\/\/www.bazarmerlin.com\/inicio\/wp-json\/wp\/v2\/product_cat?post=4244"},{"taxonomy":"product_tag","embeddable":true,"href":"https:\/\/www.bazarmerlin.com\/inicio\/wp-json\/wp\/v2\/product_tag?post=4244"}],"curies":[{"name":"wp","href":"https:\/\/api.w.org\/{rel}","templated":true}]}}