{"id":4259,"date":"2015-08-12T17:12:23","date_gmt":"2015-08-12T17:12:23","guid":{"rendered":"https:\/\/www.bazarmerlin.com\/inicio\/?post_type=product&#038;p=4259"},"modified":"2022-11-29T22:49:14","modified_gmt":"2022-11-29T22:49:14","slug":"velon-7-mechas-blanco-espiritualidad-y-armonia","status":"publish","type":"product","link":"https:\/\/www.bazarmerlin.com\/inicio\/producto\/velon-7-mechas-blanco-espiritualidad-y-armonia\/","title":{"rendered":"Velon 7 mechas blanco &#8211; Espiritualidad y Armonia"},"content":{"rendered":"<p><strong>VEL\u00d3N 7 MECHAS BLANCO<\/strong><br \/>\n<strong>PARA LA ESPIRITUALIDAD Y SANACI\u00d3N<\/strong><\/p>\n<p>&nbsp;<\/p>\n<p>SE TE ENV\u00cdA TAMBI\u00c9N LA ORACI\u00d3N PARA REALIZAR TU TRABAJO.<\/p>\n<p>Este vel\u00f3n de 7 mechas te ayudar\u00e1 a encontrar espiritualidad, purificaci\u00f3n, limpieza personal y del hogar.<\/p>\n<p>Para potenciar la usa el aceite del sant\u00edsimo, hierba cilantro, polvo destrancadera. Una vez haya consumido el vel\u00f3n, toman los restos y entierralos en una maceta.<\/p>\n<p>FORMA DE USO:<br \/>\nEscribir sobre el vel\u00f3n con ayuda de un palillo, el nombre de la persona a beneficiar, siendo escrito de arriba-abajo, Luego si lo desea puede potenciar el vel\u00f3n, y habiendo colocado el nombre, ponte el vel\u00f3n con el aceite utilizando la mano derecha de arriba-abajo, Esparza la hierba correspondiente por encima del vel\u00f3n, y por \u00faltimo el polvo.<\/p>\n<p>Una vez terminado dej\u00e9 reposar una hora para que absorba las cualidades de los productos. Transcurriendo este tiempo col\u00f3quelo sobre una cazuela de barro y enci\u00e9ndelo con una cerilla, No olvides seguir unas normas de seguridad siempre que enciende velas.<\/p>\n<p>Comience con las mechas de los costados y por \u00faltimo encienda la mecha que se encuentran en lo m\u00e1s alto del vel\u00f3n. Una vez que se encuentra incandescente repetir la oraci\u00f3n EL RITUAL SE PUEDE REPETIR transcurridos 21 d\u00edas, esto es con el fin de obtener un mejor resultado pero siempre, seg\u00fan la ley divina, se debe efectuar en n\u00famero impares, es decir, que si decides potenciar el trabajo con una repetici\u00f3n, estar\u00e1 obligado a repetirla por tercera vez. As\u00ed lograr\u00e1 obtener el mayor \u00e9xito.<\/p>\n<p>&nbsp;<\/p>\n<p>&nbsp;<\/p>\n<p><strong>BAZAR MERL\u00cdN<\/strong><br \/>\n<strong>El Lugar M\u00e1s M\u00edstico de Guadalajara<\/strong><br \/>\n<strong>ENVIAMOS A TODO M\u00c9XICO<\/strong><\/p>\n<!-- AddThis Advanced Settings generic via filter on the_content --><!-- AddThis Share Buttons generic via filter on the_content -->","protected":false},"excerpt":{"rendered":"<p>VEL\u00d3N 7 MECHAS BLANCO PARA LA ESPIRITUALIDAD Y SANACI\u00d3N &nbsp; SE TE ENV\u00cdA TAMBI\u00c9N LA ORACI\u00d3N PARA REALIZAR TU TRABAJO. Este vel\u00f3n de 7 mechas te ayudar\u00e1 a encontrar espiritualidad, purificaci\u00f3n, limpieza personal y del hogar. Para potenciar la usa el aceite del sant\u00edsimo, hierba cilantro, polvo destrancadera. Una vez haya consumido el vel\u00f3n, toman&hellip;<!-- AddThis Advanced Settings generic via filter on get_the_excerpt --><!-- AddThis Share Buttons generic via filter on get_the_excerpt --><\/p>\n","protected":false},"featured_media":10876,"template":"","meta":[],"product_cat":[19],"product_tag":[1256,1255],"_links":{"self":[{"href":"https:\/\/www.bazarmerlin.com\/inicio\/wp-json\/wp\/v2\/product\/4259"}],"collection":[{"href":"https:\/\/www.bazarmerlin.com\/inicio\/wp-json\/wp\/v2\/product"}],"about":[{"href":"https:\/\/www.bazarmerlin.com\/inicio\/wp-json\/wp\/v2\/types\/product"}],"wp:featuredmedia":[{"embeddable":true,"href":"https:\/\/www.bazarmerlin.com\/inicio\/wp-json\/wp\/v2\/media\/10876"}],"wp:attachment":[{"href":"https:\/\/www.bazarmerlin.com\/inicio\/wp-json\/wp\/v2\/media?parent=4259"}],"wp:term":[{"taxonomy":"product_cat","embeddable":true,"href":"https:\/\/www.bazarmerlin.com\/inicio\/wp-json\/wp\/v2\/product_cat?post=4259"},{"taxonomy":"product_tag","embeddable":true,"href":"https:\/\/www.bazarmerlin.com\/inicio\/wp-json\/wp\/v2\/product_tag?post=4259"}],"curies":[{"name":"wp","href":"https:\/\/api.w.org\/{rel}","templated":true}]}}