{"id":4262,"date":"2015-08-12T17:15:27","date_gmt":"2015-08-12T17:15:27","guid":{"rendered":"https:\/\/www.bazarmerlin.com\/inicio\/?post_type=product&#038;p=4262"},"modified":"2022-11-29T22:57:22","modified_gmt":"2022-11-29T22:57:22","slug":"velon-7-mechas-negro-quita-maleficios-y-libera-de-todo-mal","status":"publish","type":"product","link":"https:\/\/www.bazarmerlin.com\/inicio\/producto\/velon-7-mechas-negro-quita-maleficios-y-libera-de-todo-mal\/","title":{"rendered":"Velon 7 mechas Negro &#8211; Quita maleficios y libera de todo mal"},"content":{"rendered":"<p><strong>VEL\u00d3N 7 MECHAS NEGRO<\/strong><br \/>\n<strong>QUITA MALEFICIOS Y TE LIBERA DE TODO MAL.<\/strong><\/p>\n<p>&nbsp;<\/p>\n<p>ESTE VEL\u00d3N DE 7 MECHAS TE AYUDA A DESHACER MALEFICIOS, TUMBA Y<br \/>\nNOS LIBERA DE TODO MAL QUE NOS HAYAN HECHO.<\/p>\n<p>Para potenciar se usa el Esencia Rompe Maleficio, chile molido o sal negra.<br \/>\nUna vez haya consumido el vel\u00f3n, toma los restos que tiralos al agua,<\/p>\n<p>Ejemplo: Un r\u00edo o flujo de agua<\/p>\n<p>FORMAS DE USO:<br \/>\nEscribir sobre el vel\u00f3n con ayuda de un palillo, el nombre de la persona a beneficiar, siendo escrito de arriba-abajo, Luego si lo desea puede potenciar el vel\u00f3n, y habiendo colocado el nombre, ponte el vel\u00f3n con el aceite utilizando la mano derecha de arriba-abajo, Esparza la hierba correspondiente por encima del vel\u00f3n, y por \u00faltimo el polvo.<\/p>\n<p>Una vez terminado dej\u00e9 reposar una hora para que absorba las cualidades de los productos. Transcurriendo este tiempo col\u00f3quelo sobre una cazuela de barro y enci\u00e9ndelo con una cerilla, No olvides seguir unas normas de seguridad siempre que enciende velas.<\/p>\n<p>Se debe encender la mecha central nada m\u00e1s realizar la petici\u00f3n de deseamos,<br \/>\nUna vez que se encuentra incandescente repetir la oraci\u00f3n EL RITUAL SE PUEDE REPETIR transcurridos 21 d\u00edas, esto es con el fin de obtener un mejor resultado pero siempre, seg\u00fan la ley divina, se debe efectuar en n\u00famero impares, es decir, que si decides potenciar el trabajo con una repetici\u00f3n, estar\u00e1 obligado a repetirla por tercera vez. As\u00ed lograr\u00e1 obtener el mayor \u00e9xito.<\/p>\n<p>&nbsp;<\/p>\n<p>&nbsp;<\/p>\n<p><strong>BAZAR MERLIN<\/strong><br \/>\n<strong>El Lugar M\u00e1s M\u00edstico de Guadalajara<\/strong><br \/>\n<strong>ENVIAMOS A TODO M\u00c9XICO\u2026<\/strong><\/p>\n<!-- AddThis Advanced Settings generic via filter on the_content --><!-- AddThis Share Buttons generic via filter on the_content -->","protected":false},"excerpt":{"rendered":"<p>VEL\u00d3N 7 MECHAS NEGRO QUITA MALEFICIOS Y TE LIBERA DE TODO MAL. &nbsp; ESTE VEL\u00d3N DE 7 MECHAS TE AYUDA A DESHACER MALEFICIOS, TUMBA Y NOS LIBERA DE TODO MAL QUE NOS HAYAN HECHO. Para potenciar se usa el Esencia Rompe Maleficio, chile molido o sal negra. Una vez haya consumido el vel\u00f3n, toma los&hellip;<!-- AddThis Advanced Settings generic via filter on get_the_excerpt --><!-- AddThis Share Buttons generic via filter on get_the_excerpt --><\/p>\n","protected":false},"featured_media":10882,"template":"","meta":[],"product_cat":[19],"product_tag":[1258,1257],"_links":{"self":[{"href":"https:\/\/www.bazarmerlin.com\/inicio\/wp-json\/wp\/v2\/product\/4262"}],"collection":[{"href":"https:\/\/www.bazarmerlin.com\/inicio\/wp-json\/wp\/v2\/product"}],"about":[{"href":"https:\/\/www.bazarmerlin.com\/inicio\/wp-json\/wp\/v2\/types\/product"}],"wp:featuredmedia":[{"embeddable":true,"href":"https:\/\/www.bazarmerlin.com\/inicio\/wp-json\/wp\/v2\/media\/10882"}],"wp:attachment":[{"href":"https:\/\/www.bazarmerlin.com\/inicio\/wp-json\/wp\/v2\/media?parent=4262"}],"wp:term":[{"taxonomy":"product_cat","embeddable":true,"href":"https:\/\/www.bazarmerlin.com\/inicio\/wp-json\/wp\/v2\/product_cat?post=4262"},{"taxonomy":"product_tag","embeddable":true,"href":"https:\/\/www.bazarmerlin.com\/inicio\/wp-json\/wp\/v2\/product_tag?post=4262"}],"curies":[{"name":"wp","href":"https:\/\/api.w.org\/{rel}","templated":true}]}}