{"id":428,"date":"2015-06-26T18:45:48","date_gmt":"2015-06-26T18:45:48","guid":{"rendered":"https:\/\/www.bazarmerlin.com\/inicio\/?post_type=product&#038;p=428"},"modified":"2022-10-04T23:40:32","modified_gmt":"2022-10-04T23:40:32","slug":"jabon-reversible-quita-todo-dano-trabajo-y-salamiento","status":"publish","type":"product","link":"https:\/\/www.bazarmerlin.com\/inicio\/producto\/jabon-reversible-quita-todo-dano-trabajo-y-salamiento\/","title":{"rendered":"Jab\u00f3n Reversible &#8211; Quita Todo Da\u00f1o, Trabajo Y Salamiento"},"content":{"rendered":"<p><strong>JAB\u00d3N REVERSIBLE<\/strong><br \/>\n<strong>CONTRA DA\u00d1OS Y HECHIZOS<\/strong><\/p>\n<p>&nbsp;<\/p>\n<p>JAB\u00d3N REVERSIBLE CON PROTECCI\u00d3N CONTRA TODO DA\u00d1O,<br \/>\nLIMPIA TU PERSONA de todo da\u00f1o negativo y malas vibras.<\/p>\n<p>Ba\u00f1a diariamente antes de salir de casa, y te ayudar\u00e1 a contrarrestar cualquier tipo de da\u00f1o en su persona, quita Odios, Envidias, Pesares y Fracasos<\/p>\n<p>Se utiliza con la finalidad de vencer:<\/p>\n<p>*HECHICER\u00cdAS<br \/>\n*MALEFICIOS<br \/>\n*ENVIDIAS<br \/>\n*SALACIONES<br \/>\n*MALES PUESTOS, ETC.<\/p>\n<p>En nuestro diario vivir nos enfrentamos a diferentes tipos de situaciones que muchas veces sin nosotros percibirlo nos van acumulando energ\u00eda negativa, alterando sustancialmente nuestra vida en todos los planos: del AMOR, DINERO y SALUD.<\/p>\n<p>&nbsp;<\/p>\n<p>&nbsp;<\/p>\n<p><strong>BAZAR MERL\u00cdN<\/strong><br \/>\n<strong>El Lugar M\u00e1s M\u00edstico de Guadalajara<\/strong><br \/>\n<strong>ENVIAMOS A TODO M\u00c9XICO&#8230;<\/strong><\/p>\n<!-- AddThis Advanced Settings generic via filter on the_content --><!-- AddThis Share Buttons generic via filter on the_content -->","protected":false},"excerpt":{"rendered":"<p>JAB\u00d3N REVERSIBLE CONTRA DA\u00d1OS Y HECHIZOS &nbsp; JAB\u00d3N REVERSIBLE CON PROTECCI\u00d3N CONTRA TODO DA\u00d1O, LIMPIA TU PERSONA de todo da\u00f1o negativo y malas vibras. Ba\u00f1a diariamente antes de salir de casa, y te ayudar\u00e1 a contrarrestar cualquier tipo de da\u00f1o en su persona, quita Odios, Envidias, Pesares y Fracasos Se utiliza con la finalidad de&hellip;<!-- AddThis Advanced Settings generic via filter on get_the_excerpt --><!-- AddThis Share Buttons generic via filter on get_the_excerpt --><\/p>\n","protected":false},"featured_media":10249,"template":"","meta":[],"product_cat":[14],"product_tag":[545,546,547],"_links":{"self":[{"href":"https:\/\/www.bazarmerlin.com\/inicio\/wp-json\/wp\/v2\/product\/428"}],"collection":[{"href":"https:\/\/www.bazarmerlin.com\/inicio\/wp-json\/wp\/v2\/product"}],"about":[{"href":"https:\/\/www.bazarmerlin.com\/inicio\/wp-json\/wp\/v2\/types\/product"}],"wp:featuredmedia":[{"embeddable":true,"href":"https:\/\/www.bazarmerlin.com\/inicio\/wp-json\/wp\/v2\/media\/10249"}],"wp:attachment":[{"href":"https:\/\/www.bazarmerlin.com\/inicio\/wp-json\/wp\/v2\/media?parent=428"}],"wp:term":[{"taxonomy":"product_cat","embeddable":true,"href":"https:\/\/www.bazarmerlin.com\/inicio\/wp-json\/wp\/v2\/product_cat?post=428"},{"taxonomy":"product_tag","embeddable":true,"href":"https:\/\/www.bazarmerlin.com\/inicio\/wp-json\/wp\/v2\/product_tag?post=428"}],"curies":[{"name":"wp","href":"https:\/\/api.w.org\/{rel}","templated":true}]}}