{"id":4280,"date":"2015-08-12T17:36:18","date_gmt":"2015-08-12T17:36:18","guid":{"rendered":"https:\/\/www.bazarmerlin.com\/inicio\/?post_type=product&#038;p=4280"},"modified":"2022-11-18T22:30:19","modified_gmt":"2022-11-18T22:30:19","slug":"cirio-levanta-negocios-atrae-clientes-y-oportunidades","status":"publish","type":"product","link":"https:\/\/www.bazarmerlin.com\/inicio\/producto\/cirio-levanta-negocios-atrae-clientes-y-oportunidades\/","title":{"rendered":"Cirio Levanta Negocios &#8211; Atrae Clientes Y Oportunidades"},"content":{"rendered":"<p><strong>VEL\u00d3N LEVANTA NEGOCIOS.<\/strong><br \/>\n<strong>ATRAE DINERO, TRABAJO Y MEJORES VENTAS<\/strong><\/p>\n<p>&nbsp;<\/p>\n<p>Cuando sientas que los negocios van decayendo y no rinde el dinero, es este PODEROSO VEL\u00d3N TE PROTEGER\u00c1 DE DA\u00d1OS Y ENVIDIAS abri\u00e9ndote oportunidades para alcanzar la PROSPERIDAD Y EL \u00c9XITO que tanto mereces. S\u00f3lo necesitas prenderlo en tu negocio y decir con mucha fe tu oraci\u00f3n favorita de inmediato invocaras confianza y seguridad en todas las personas con las que trates.<\/p>\n<p>Especial para atraer la buena suerte en lo personal \u00c9XITO EN LOS NEGOCIOS y tener toda la protecci\u00f3n a donde quiera que vaya.<\/p>\n<p>&nbsp;<\/p>\n<p>&nbsp;<\/p>\n<p><strong>BAZAR MERLIN<\/strong><br \/>\n<strong>El Lugar M\u00e1s M\u00edstico de Guadalajara<\/strong><br \/>\n<strong>ENVIAMOS A TODO M\u00c9XICO<\/strong><\/p>\n<!-- AddThis Advanced Settings generic via filter on the_content --><!-- AddThis Share Buttons generic via filter on the_content -->","protected":false},"excerpt":{"rendered":"<p>VEL\u00d3N LEVANTA NEGOCIOS. ATRAE DINERO, TRABAJO Y MEJORES VENTAS &nbsp; Cuando sientas que los negocios van decayendo y no rinde el dinero, es este PODEROSO VEL\u00d3N TE PROTEGER\u00c1 DE DA\u00d1OS Y ENVIDIAS abri\u00e9ndote oportunidades para alcanzar la PROSPERIDAD Y EL \u00c9XITO que tanto mereces. S\u00f3lo necesitas prenderlo en tu negocio y decir con mucha fe&hellip;<!-- AddThis Advanced Settings generic via filter on get_the_excerpt --><!-- AddThis Share Buttons generic via filter on get_the_excerpt --><\/p>\n","protected":false},"featured_media":10783,"template":"","meta":[],"product_cat":[19],"product_tag":[1271,1270],"_links":{"self":[{"href":"https:\/\/www.bazarmerlin.com\/inicio\/wp-json\/wp\/v2\/product\/4280"}],"collection":[{"href":"https:\/\/www.bazarmerlin.com\/inicio\/wp-json\/wp\/v2\/product"}],"about":[{"href":"https:\/\/www.bazarmerlin.com\/inicio\/wp-json\/wp\/v2\/types\/product"}],"wp:featuredmedia":[{"embeddable":true,"href":"https:\/\/www.bazarmerlin.com\/inicio\/wp-json\/wp\/v2\/media\/10783"}],"wp:attachment":[{"href":"https:\/\/www.bazarmerlin.com\/inicio\/wp-json\/wp\/v2\/media?parent=4280"}],"wp:term":[{"taxonomy":"product_cat","embeddable":true,"href":"https:\/\/www.bazarmerlin.com\/inicio\/wp-json\/wp\/v2\/product_cat?post=4280"},{"taxonomy":"product_tag","embeddable":true,"href":"https:\/\/www.bazarmerlin.com\/inicio\/wp-json\/wp\/v2\/product_tag?post=4280"}],"curies":[{"name":"wp","href":"https:\/\/api.w.org\/{rel}","templated":true}]}}