{"id":4289,"date":"2015-08-12T17:46:24","date_gmt":"2015-08-12T17:46:24","guid":{"rendered":"https:\/\/www.bazarmerlin.com\/inicio\/?post_type=product&#038;p=4289"},"modified":"2022-11-15T22:33:04","modified_gmt":"2022-11-15T22:33:04","slug":"talisman-del-rey-salomon-en-7-metales-poder-amor-y-dinero","status":"publish","type":"product","link":"https:\/\/www.bazarmerlin.com\/inicio\/producto\/talisman-del-rey-salomon-en-7-metales-poder-amor-y-dinero\/","title":{"rendered":"Talism\u00e1n Del Rey Salom\u00f3n En 7 Metales &#8211; Poder, Amor Y Dinero"},"content":{"rendered":"<p><strong>TALISM\u00c1N DEL REY SALOM\u00d3N<\/strong><br \/>\n<strong>REFORZADO CON PENTAGRAMA<\/strong><\/p>\n<p>&nbsp;<\/p>\n<p>Dimensiones: Di\u00e1metro 2.8cm x 3.5 Altura<\/p>\n<p>*TU SITUACI\u00d3N PERSONAL, PROFESIONAL O FINANCIERA ESTA EN UN PUNTO CRITICO?.<br \/>\n*SIENTES SER VICTIMA DE UN TRABAJO OBSCURO DE ALGUN ENEMIGO?.<br \/>\n*HAS INTENTADO CASI TODO, INCLUSO MAGIA Y NO VEZ CAMBIOS EN TU VIDA?.<\/p>\n<p>EL TALISMAN DE SALOMON<br \/>\nES LO QUE HAS ESTADO BUSCANDO.<\/p>\n<p>EL PODEROSO TALISM\u00c1N DEL REY SALOM\u00d3N Te Ayudara A Obtener Todo Lo Que Siempre Has So\u00f1ado Como Poder, Amor, Dinero Y Salud. Te ayudara a Lograr El \u00c9xito En Todos Los Aspectos De Tu Vida.<\/p>\n<p>Es Un S\u00edmbolo Secreto Asignado A Cada Persona Acuerdo Con Sus Vibraciones Karmicas, Y Esta Debidamente Ritualizado Para La Apersona Que Lo Portara Haci\u00e9ndolo Un Dije Y Talism\u00e1n \u00danico Y Muy Poderoso Para Su Portador.<\/p>\n<p>Esta Elaborado Totalmente A Mano Y Consagrado Especialmente Para Ti Bajo Un Ritual Muy Poderoso Y De Verdadera Alta Magia. Este Talism\u00e1n Adem\u00e1s Esta Encapsulado En Resina O\/Y Acr\u00edlico Para Que Este Poderoso Talism\u00e1n Dure Toda La Vida..<\/p>\n<p>\u00bfPOR QUE ES TAN PODEROSO ESTE TALISM\u00c1N? Por La Simbolog\u00eda Que Encierra, Porque Se Prepara Y Ritualiza Con Decretos Y Rituales De Alta Magia Que Le Ayudan A Aumentar Su Poder De Protecci\u00f3n. Adem\u00e1s Esta Realizado En Aleaci\u00f3n De 7 Metales Que Corresponden A Los 7 Planetas Alqu\u00edmicos.<\/p>\n<p>&nbsp;<\/p>\n<p>&nbsp;<\/p>\n<p><strong>BAZAR MERL\u00cdN<\/strong><br \/>\n<strong>El Lugar M\u00e1s M\u00edstico de Guadalajara<\/strong><br \/>\n<strong>ENVIAMOS A TODO M\u00c9XICO <\/strong><\/p>\n<!-- AddThis Advanced Settings generic via filter on the_content --><!-- AddThis Share Buttons generic via filter on the_content -->","protected":false},"excerpt":{"rendered":"<p>TALISM\u00c1N DEL REY SALOM\u00d3N REFORZADO CON PENTAGRAMA &nbsp; Dimensiones: Di\u00e1metro 2.8cm x 3.5 Altura *TU SITUACI\u00d3N PERSONAL, PROFESIONAL O FINANCIERA ESTA EN UN PUNTO CRITICO?. *SIENTES SER VICTIMA DE UN TRABAJO OBSCURO DE ALGUN ENEMIGO?. *HAS INTENTADO CASI TODO, INCLUSO MAGIA Y NO VEZ CAMBIOS EN TU VIDA?. EL TALISMAN DE SALOMON ES LO QUE&hellip;<!-- AddThis Advanced Settings generic via filter on get_the_excerpt --><!-- AddThis Share Buttons generic via filter on get_the_excerpt --><\/p>\n","protected":false},"featured_media":10751,"template":"","meta":[],"product_cat":[12],"product_tag":[1275,790,1274],"_links":{"self":[{"href":"https:\/\/www.bazarmerlin.com\/inicio\/wp-json\/wp\/v2\/product\/4289"}],"collection":[{"href":"https:\/\/www.bazarmerlin.com\/inicio\/wp-json\/wp\/v2\/product"}],"about":[{"href":"https:\/\/www.bazarmerlin.com\/inicio\/wp-json\/wp\/v2\/types\/product"}],"wp:featuredmedia":[{"embeddable":true,"href":"https:\/\/www.bazarmerlin.com\/inicio\/wp-json\/wp\/v2\/media\/10751"}],"wp:attachment":[{"href":"https:\/\/www.bazarmerlin.com\/inicio\/wp-json\/wp\/v2\/media?parent=4289"}],"wp:term":[{"taxonomy":"product_cat","embeddable":true,"href":"https:\/\/www.bazarmerlin.com\/inicio\/wp-json\/wp\/v2\/product_cat?post=4289"},{"taxonomy":"product_tag","embeddable":true,"href":"https:\/\/www.bazarmerlin.com\/inicio\/wp-json\/wp\/v2\/product_tag?post=4289"}],"curies":[{"name":"wp","href":"https:\/\/api.w.org\/{rel}","templated":true}]}}