{"id":4296,"date":"2015-08-12T17:52:34","date_gmt":"2015-08-12T17:52:34","guid":{"rendered":"https:\/\/www.bazarmerlin.com\/inicio\/?post_type=product&#038;p=4296"},"modified":"2025-04-23T18:20:05","modified_gmt":"2025-04-23T18:20:05","slug":"anillo-atlante-autentico-en-fina-plata-925-al-mejor-precio","status":"publish","type":"product","link":"https:\/\/www.bazarmerlin.com\/inicio\/producto\/anillo-atlante-autentico-en-fina-plata-925-al-mejor-precio\/","title":{"rendered":"Anillo Atlante Autentico &#8211; En Fina Plata  925 Al Mejor Precio"},"content":{"rendered":"<h3><strong>ANILLO ATLANTE DE M\u00c1XIMA CALIDAD<\/strong><br \/>\n<strong>EN FINA PLATA .925<\/strong><\/h3>\n<p>&nbsp;<\/p>\n<p>Curaci\u00f3n, Protecci\u00f3n, y Percepci\u00f3n Extrasensorial.<\/p>\n<p>7 MIL\u00cdMETROS DE ANCHO.<\/p>\n<p>Es muy importante que conozcas correctamente tu medida ANTES DE COMPRAR<br \/>\npara eso te invitamos a que pases a cualquier joyer\u00eda ah\u00ed te dar\u00e1n tu medida exacta,<br \/>\nNosotros NO manejamos medidas en mil\u00edmetros ni en cent\u00edmetros.<\/p>\n<p>Atrae Curaci\u00f3n, Protecci\u00f3n, y Percepci\u00f3n Extrasensorial.<\/p>\n<p>\u00daNICO EN MERCADO LIBRE.<br \/>\nLAS PROPIEDADES BEN\u00c9FICAS QUE SE LE ATRIBUYEN SON:<\/p>\n<p>*Facilita las relaciones, de pareja y amorosas.<br \/>\n*Desarrollo de la intuici\u00f3n personal.<br \/>\n*Mejora de la premonici\u00f3n y capacidades internas.<br \/>\n*Potenciaci\u00f3n de la agudeza mental equilibrador energ\u00e9tico (comprobado con kinesiolog\u00eda).<br \/>\n*Mayor capacidad para encontrar soluciones a los problemas.<br \/>\n*Incremento de la creatividad.<br \/>\n*Act\u00faa de escudo contra los ataques ps\u00edquicos o la negatividad de otros.<br \/>\n*Atrae las energ\u00edas positivas del ambiente a su portador.<br \/>\n*Protecci\u00f3n contra energ\u00edas negativas sutiles (tel\u00faricas y energ\u00e9ticas).<br \/>\n*Generador de vitalidad.<br \/>\n*Potencia y multiplica la programaci\u00f3n mental hasta niveles incre\u00edbles.<br \/>\n*Amplificador resonante materializador de deseos.<br \/>\n*Incrementa los flujos de energ\u00eda positiva al entorno.<br \/>\n*Desarrollo del aspecto espiritual personal.<\/p>\n<p>ADEM\u00c1S, NUESTROS CLIENTES QUE HAN PORTADO NUESTROS ANILLOS ATLANTE HAN COMENTADO QUE:<\/p>\n<p>*Disminuye o elimina perturbaciones psicol\u00f3gicas, aumenta el buen humor y la autoestima.<br \/>\n*Protege contra accidentes inminentes.<br \/>\n*Propicia mayores ventas y \u00e9xito en los negocios.<br \/>\n*Incrementa la econom\u00eda, disminuye deudas y propicia el ahorro del dinero.<br \/>\n*Acelera la sanaci\u00f3n de enfermedades.<br \/>\n*Potencia la memoria, lo cual favorece a repeler enfermedades como el Aizheimer.<\/p>\n<p>SIMBOLOGIA Y FUNCIONAMIENTO DEL &#8220;ANILLO DE LA CONSCIENCIA&#8221;<\/p>\n<p>La fabricaci\u00f3n del ANILLO ATLANTE\u00ae del anillo atlante se fabrica de acuerdo a tus ascendentes astrol\u00f3gicos o a su signo zodiacal como su planeta regente. El anillo act\u00faa sobre problemas psicol\u00f3gicos y f\u00edsicos seg\u00fan los dedos. La utilizaci\u00f3n del anillo en la mano derecha ser\u00e1 para problemas f\u00edsicos y en la mano izquierda emocional.<\/p>\n<p>Los 2 tri\u00e1ngulos is\u00f3sceles en forma de pir\u00e1mide a los lados de las 6 figuras geom\u00e9tricas, depuran las energ\u00edas transform\u00e1ndolas en positivas que fluyen hacia el interior del anillo por los orificios de sus v\u00e9rtices.<\/p>\n<p>La &#8220;ONDA DE FORMA LUXOR&#8221; es el relieve central que se encuentra en el anillo Atlante. Las tres l\u00edneas forman una rejilla que absorbe las energ\u00edas.<\/p>\n<p>El anillo tiene 4 orificios diametralmente opuestos, son las v\u00edas a trav\u00e9s de los cuales fluyen las energ\u00edas, las positivas hacia el interior, por los orificios de los tri\u00e1ngulos is\u00f3sceles y las negativas hacia el exterior por los otros dos, formando as\u00ed un circulo bioenerg\u00e9tico que transforma permanentemente las energ\u00edas negativas en positivas, que fluyen y se multiplican a trav\u00e9s de la l\u00ednea del infinito.<\/p>\n<p>En el interior del anillo est\u00e1 la figura de la LEMNISCATA, es la figura que describe la forma de vibraci\u00f3n de la energ\u00eda, cuya funci\u00f3n es servir de multiplicador, suministrando energ\u00eda positiva y extrayendo la energ\u00eda negativa. El s\u00edmbolo describe la vibraci\u00f3n de la energ\u00eda, trasfiriendo esta energ\u00eda a los centros energ\u00e9ticos vitales como los chacras, sobre los cuales act\u00faa el anillo.<\/p>\n<p>Las 6 figuras aristas, son las que permiten captar, acumular, potenciar y emitir energ\u00eda c\u00f3smica, en forma de vibraciones electromagn\u00e9ticas, formando una red que condensa la energ\u00eda redistribuyendo en ambos sentidos hacia los tri\u00e1ngulos, por medio de leyes y fen\u00f3menos aun desconocidos, pero comprobados por m\u00faltiples experiencias con la c\u00e1mara DGV (C\u00e1mara kirlian).<\/p>\n<p>El anillo est\u00e1 fabricado en PLATA CON ALEACI\u00d3N DE 7 METALES ALQU\u00cdMICOS, porque la PLATA es un metal pasivo que suministra tranquilidad, y conduce el calor y la electricidad mejor que ning\u00fan otro metal. Por eso incide positiva-mente en la vibraci\u00f3n bioenerg\u00e9tica que genera el anillo. Tiene 7 mm de ancho porque es proporcional a sus figuras, es el ancho id\u00f3neo para generar una mayor &#8220;onda de forma&#8221;.<br \/>\n&#8212;&#8212;&#8212;&#8212;&#8212;&#8212;&#8212;&#8212;&#8212;&#8212;&#8212;&#8212;&#8212;&#8212;<br \/>\nDISPONIBILIDAD DE TALLAS.<\/p>\n<p>ANILLO ATLANTE DE M\u00c1XIMA CALIDAD<br \/>\nEN FINA PLATA .925<\/p>\n<p>Curaci\u00f3n, Protecci\u00f3n, y Percepci\u00f3n Extrasensorial.<\/p>\n<p>&nbsp;<\/p>\n<p>&nbsp;<\/p>\n<p>&nbsp;<\/p>\n<p><strong>BAZAR MERLIN\u00ae<\/strong><br \/>\n<strong>El Lugar M\u00e1s M\u00edstico de Guadalajara<\/strong><br \/>\n<strong>ENVIAMOS A TODO M\u00c9XICO <\/strong><\/p>\n<!-- AddThis Advanced Settings generic via filter on the_content --><!-- AddThis Share Buttons generic via filter on the_content -->","protected":false},"excerpt":{"rendered":"<p>ANILLO ATLANTE DE M\u00c1XIMA CALIDAD EN FINA PLATA .925 &nbsp; Curaci\u00f3n, Protecci\u00f3n, y Percepci\u00f3n Extrasensorial. 7 MIL\u00cdMETROS DE ANCHO. Es muy importante que conozcas correctamente tu medida ANTES DE COMPRAR para eso te invitamos a que pases a cualquier joyer\u00eda ah\u00ed te dar\u00e1n tu medida exacta, Nosotros NO manejamos medidas en mil\u00edmetros ni en cent\u00edmetros.&hellip;<!-- AddThis Advanced Settings generic via filter on get_the_excerpt --><!-- AddThis Share Buttons generic via filter on get_the_excerpt --><\/p>\n","protected":false},"featured_media":10172,"template":"","meta":[],"product_cat":[23],"product_tag":[1276,1277],"_links":{"self":[{"href":"https:\/\/www.bazarmerlin.com\/inicio\/wp-json\/wp\/v2\/product\/4296"}],"collection":[{"href":"https:\/\/www.bazarmerlin.com\/inicio\/wp-json\/wp\/v2\/product"}],"about":[{"href":"https:\/\/www.bazarmerlin.com\/inicio\/wp-json\/wp\/v2\/types\/product"}],"wp:featuredmedia":[{"embeddable":true,"href":"https:\/\/www.bazarmerlin.com\/inicio\/wp-json\/wp\/v2\/media\/10172"}],"wp:attachment":[{"href":"https:\/\/www.bazarmerlin.com\/inicio\/wp-json\/wp\/v2\/media?parent=4296"}],"wp:term":[{"taxonomy":"product_cat","embeddable":true,"href":"https:\/\/www.bazarmerlin.com\/inicio\/wp-json\/wp\/v2\/product_cat?post=4296"},{"taxonomy":"product_tag","embeddable":true,"href":"https:\/\/www.bazarmerlin.com\/inicio\/wp-json\/wp\/v2\/product_tag?post=4296"}],"curies":[{"name":"wp","href":"https:\/\/api.w.org\/{rel}","templated":true}]}}