{"id":4302,"date":"2015-08-12T17:59:08","date_gmt":"2015-08-12T17:59:08","guid":{"rendered":"https:\/\/www.bazarmerlin.com\/inicio\/?post_type=product&#038;p=4302"},"modified":"2022-12-12T22:36:02","modified_gmt":"2022-12-12T22:36:02","slug":"perfume-y-talisman-estrella-de-7-puntas-buena-suerte","status":"publish","type":"product","link":"https:\/\/www.bazarmerlin.com\/inicio\/producto\/perfume-y-talisman-estrella-de-7-puntas-buena-suerte\/","title":{"rendered":"Perfume Y Talisman Estrella De 7 Puntas &#8211; Buena Suerte"},"content":{"rendered":"<h3><strong>PODEROSO PERFUME CUBANO ESTRELLA 7 PUNTAS.<\/strong><\/h3>\n<p>-INCLUYE PODEROSO TALISM\u00c1N CUBANO DE LA ESTRELLA DE 7 PUNTAS-<\/p>\n<p>Abre puertas y caminos por mas cerrados que este<br \/>\ny mas mala suerte que tengas.<\/p>\n<p>Este PODEROSO PERFUME est\u00e1 elaborado a mano junto varios s\u00edmbolos cabal\u00edsticos y rituales capaces de atraer la suerte y protecci\u00f3n de manera inmediata al usar el perfume y el dije juntos los cuales fueron reunidos un talism\u00e1n bellamente confeccionado por un babalawo llamado marabaki, es el nombre de un guerrero muy poderoso dentro de la paler\u00eda y el candomble.<\/p>\n<p>As\u00ed mismo un perfume elaborado con los mas finos aceites, plantas y omieros cubanos que dan ese toque fresco pero atrayente al \u00e9xito en todo lo que emprendas.<\/p>\n<p>Este poderoso perfume y dije se te manda preparado ESPECIALMENTE PARA TI.<\/p>\n<p>El talism\u00e1n ya viene preparado desde cuba en el cual se hace un ritual invocado y orando a las deidades africanas. Usa el perfume antes de salir de tu casa u oficina as\u00ed mismo \u00fantale a tu talism\u00e1n el cual llevaras siempre contigo y deja que la magia y la buena suerte te siga a todas partes a ti y a toda tu familia.<\/p>\n<p>Ideal para:<\/p>\n<p>* LOS QUE NO GANAN EN JUEGOS DE AZAR.<br \/>\n* PARA LOS QUE NO CONSIGUEN TRABAJO.<br \/>\n* PARA LOS QUE NO TIENEN SUERTE EN EL AMOR.<br \/>\n* PARA COMPRAR O OBTENER ESE CR\u00c9DITO TAN ANELADO.<br \/>\n* RECUPERAR LA SALUD.<br \/>\n* EVITAR ENFERMEDADES.<br \/>\n* ROMPER Y ALEJAR CUALQUIER DA\u00d1O O MALA SUERTE DE TU CAMINO.<br \/>\n* ATRAER PERSONAS QUE CAMBIEN TU VIDA Y ENERG\u00cdA.<br \/>\n* PARA LOS QUE QUIEREN VENDER M\u00c1S EN SU NEGOCIO. (COL\u00d3CALO DENTRO DE DONDE GUARDES TU DINERO Y VERAS COMO ATRAE M\u00c1S DINERO Y CLIENTES)<\/p>\n<p>Su poderoso talism\u00e1n que abre puertas y caminos por mas cerrados que este y mas mala suerte que tengas.<\/p>\n<p>&nbsp;<\/p>\n<p>&nbsp;<\/p>\n<p><strong>BAZAR MERLIN\u00ae<\/strong><br \/>\n<strong>El Lugar M\u00e1s M\u00edstico de Guadalajara<\/strong><br \/>\n<strong>ENVIAMOS A TODO M\u00c9XICO<\/strong><\/p>\n<!-- AddThis Advanced Settings generic via filter on the_content --><!-- AddThis Share Buttons generic via filter on the_content -->","protected":false},"excerpt":{"rendered":"<p>PODEROSO PERFUME CUBANO ESTRELLA 7 PUNTAS. -INCLUYE PODEROSO TALISM\u00c1N CUBANO DE LA ESTRELLA DE 7 PUNTAS- Abre puertas y caminos por mas cerrados que este y mas mala suerte que tengas. Este PODEROSO PERFUME est\u00e1 elaborado a mano junto varios s\u00edmbolos cabal\u00edsticos y rituales capaces de atraer la suerte y protecci\u00f3n de manera inmediata al&hellip;<!-- AddThis Advanced Settings generic via filter on get_the_excerpt --><!-- AddThis Share Buttons generic via filter on get_the_excerpt --><\/p>\n","protected":false},"featured_media":11056,"template":"","meta":[],"product_cat":[20],"product_tag":[130,1279],"_links":{"self":[{"href":"https:\/\/www.bazarmerlin.com\/inicio\/wp-json\/wp\/v2\/product\/4302"}],"collection":[{"href":"https:\/\/www.bazarmerlin.com\/inicio\/wp-json\/wp\/v2\/product"}],"about":[{"href":"https:\/\/www.bazarmerlin.com\/inicio\/wp-json\/wp\/v2\/types\/product"}],"wp:featuredmedia":[{"embeddable":true,"href":"https:\/\/www.bazarmerlin.com\/inicio\/wp-json\/wp\/v2\/media\/11056"}],"wp:attachment":[{"href":"https:\/\/www.bazarmerlin.com\/inicio\/wp-json\/wp\/v2\/media?parent=4302"}],"wp:term":[{"taxonomy":"product_cat","embeddable":true,"href":"https:\/\/www.bazarmerlin.com\/inicio\/wp-json\/wp\/v2\/product_cat?post=4302"},{"taxonomy":"product_tag","embeddable":true,"href":"https:\/\/www.bazarmerlin.com\/inicio\/wp-json\/wp\/v2\/product_tag?post=4302"}],"curies":[{"name":"wp","href":"https:\/\/api.w.org\/{rel}","templated":true}]}}