{"id":4305,"date":"2022-05-13T13:44:41","date_gmt":"2022-05-13T13:44:41","guid":{"rendered":"https:\/\/www.bazarmerlin.com\/inicio\/?post_type=product&#038;p=4305"},"modified":"2024-09-30T16:29:17","modified_gmt":"2024-09-30T16:29:17","slug":"perfume-y-talisman-de-la-riqueza-oportunidades-clientes","status":"publish","type":"product","link":"https:\/\/www.bazarmerlin.com\/inicio\/producto\/perfume-y-talisman-de-la-riqueza-oportunidades-clientes\/","title":{"rendered":"Poderoso Perfume Y Talisman De La Riqueza"},"content":{"rendered":"<p><strong>PODEROSO PERFUME DE LA RIQUEZA.<\/strong><\/p>\n<p><em><strong>INCLUYE PODEROSO TALISM\u00c1N DE LA RIQUEZA.<\/strong><\/em><\/p>\n<p>ESTE PODEROSO PERFUME esta elaborado a mano junto varios s\u00edmbolos cabal\u00edsticos y rituales capaces de atraer la suerte y protecci\u00f3n de manera inmediata al usar el perfume y el dije juntos los cuales fueron reunidos un talism\u00e1n bellamente confeccionado por un babalawo llamado marabaki, es el nombre de un guerrero muy poderoso dentro de la paler\u00eda y el candomble.<\/p>\n<p>Asi mismo un perfume elaborado con los mas finos aceites, plantas y omieros que dan ese toque fresco pero atrayente al \u00e9xito en todo lo que emprendas.<\/p>\n<p>ESTE PODEROSO PERFUME Y TALISMAN se encuentra preparado.<\/p>\n<p>El talism\u00e1n ya viene preparado en el cual se hace un ritual invocado y orando a las deidades africanas. Es tan poderoso que atraer\u00e1s el dinero y \u00e9xito a tu vida sin esfuerzo.<\/p>\n<p>Usa el perfume antes de salir de tu casa u oficina as\u00ed mismo \u00fantale a tu talism\u00e1n el cual llevaras siempre contigo y deja que la magia y la buena suerte te siga a todas partes a ti y a toda tu familia.<\/p>\n<p>Ideal para:<\/p>\n<p>*los que no ganan en juegos de azar.<\/p>\n<p>*para los que no consiguen trabajo.<\/p>\n<p>*para comprar o obtener ese cr\u00e9dito tan anhelado.<\/p>\n<p>*para que llegue la fortuna y \u00e9xito a ti.<\/p>\n<p>*para los que quieren vender mas en su negocio. (col\u00f3calo dentro de donde guardes tu dinero y veras como atrae mas dinero y clientes)<\/p>\n<p>su poderoso talism\u00e1n que abre puertas y caminos por mas cerrados que este y mas mala suerte que tengas.<\/p>\n<p>&nbsp;<\/p>\n<p>&nbsp;<\/p>\n<p><strong>BAZAR MERL\u00cdN<\/strong><br \/>\n<strong>El Lugar M\u00e1s M\u00edstico de Guadalajara<\/strong><br \/>\n<strong>ENVIAMOS A TODO M\u00c9XICO&#8230;<\/strong><\/p>\n<!-- AddThis Advanced Settings generic via filter on the_content --><!-- AddThis Share Buttons generic via filter on the_content -->","protected":false},"excerpt":{"rendered":"<p>PODEROSO PERFUME DE LA RIQUEZA. INCLUYE PODEROSO TALISM\u00c1N DE LA RIQUEZA. ESTE PODEROSO PERFUME esta elaborado a mano junto varios s\u00edmbolos cabal\u00edsticos y rituales capaces de atraer la suerte y protecci\u00f3n de manera inmediata al usar el perfume y el dije juntos los cuales fueron reunidos un talism\u00e1n bellamente confeccionado por un babalawo llamado marabaki,&hellip;<!-- AddThis Advanced Settings generic via filter on get_the_excerpt --><!-- AddThis Share Buttons generic via filter on get_the_excerpt --><\/p>\n","protected":false},"featured_media":8528,"template":"","meta":[],"product_cat":[20],"product_tag":[1280],"_links":{"self":[{"href":"https:\/\/www.bazarmerlin.com\/inicio\/wp-json\/wp\/v2\/product\/4305"}],"collection":[{"href":"https:\/\/www.bazarmerlin.com\/inicio\/wp-json\/wp\/v2\/product"}],"about":[{"href":"https:\/\/www.bazarmerlin.com\/inicio\/wp-json\/wp\/v2\/types\/product"}],"wp:featuredmedia":[{"embeddable":true,"href":"https:\/\/www.bazarmerlin.com\/inicio\/wp-json\/wp\/v2\/media\/8528"}],"wp:attachment":[{"href":"https:\/\/www.bazarmerlin.com\/inicio\/wp-json\/wp\/v2\/media?parent=4305"}],"wp:term":[{"taxonomy":"product_cat","embeddable":true,"href":"https:\/\/www.bazarmerlin.com\/inicio\/wp-json\/wp\/v2\/product_cat?post=4305"},{"taxonomy":"product_tag","embeddable":true,"href":"https:\/\/www.bazarmerlin.com\/inicio\/wp-json\/wp\/v2\/product_tag?post=4305"}],"curies":[{"name":"wp","href":"https:\/\/api.w.org\/{rel}","templated":true}]}}