{"id":4311,"date":"2015-08-12T18:06:41","date_gmt":"2015-08-12T18:06:41","guid":{"rendered":"https:\/\/www.bazarmerlin.com\/inicio\/?post_type=product&#038;p=4311"},"modified":"2022-10-06T21:00:54","modified_gmt":"2022-10-06T21:00:54","slug":"jabon-santa-muerte-roja-amor-pasion-y-proteccion","status":"publish","type":"product","link":"https:\/\/www.bazarmerlin.com\/inicio\/producto\/jabon-santa-muerte-roja-amor-pasion-y-proteccion\/","title":{"rendered":"Jab\u00f3n Santa Muerte Roja &#8211; Amor Y Protecci\u00f3n"},"content":{"rendered":"<p><strong>JAB\u00d3N SANTA MUERTE ROJA<\/strong><\/p>\n<p>&nbsp;<\/p>\n<p>El jab\u00f3n de La Santa Muerte Rojo sirve para atraer el amor, la pasi\u00f3n y la sensualidad.<\/p>\n<p>La Santa Muerte de la Pasi\u00f3n Roja es la especialista en el amor. Su t\u00fanica roja simboliza el color de la sangre<br \/>\nque corre por las venas, esa sangre que hierve y se agolpa en el coraz\u00f3n al c\u00famulo de las emociones.<\/p>\n<p>En la magia blanca siempre se ha utilizado este color para el amor, as\u00ed que si en tu hogar hay problemas con tu pareja, deseas estabilidad emocional en los asuntos del coraz\u00f3n o deseas atraer a la media naranja que aun no llega, usa este jab\u00f3n de la santa muerte roja.<\/p>\n<p>Gracias a ella jam\u00e1s te sentir\u00e1s solo, pues ayudara a que tu alma y coraz\u00f3n encuentren la paz y la felicidad al lado de la persona adecuada.<\/p>\n<p>Aplica el jab\u00f3n en tu cuerpo mientras rezas esta oraci\u00f3n.<\/p>\n<p>Se\u00f1ora de la inmortalidad, mi santa muerte, yo te ofrezco este ritual producto de mi fe hacia ti para que me ayudes a que(diga el nombre de la persona) piense en mi, de d\u00eda y de noche.\u00a0 Amen.<\/p>\n<p>&nbsp;<\/p>\n<p>&nbsp;<\/p>\n<p><strong>BAZAR MERL\u00cdN\u00ae<\/strong><br \/>\n<strong>El Lugar M\u00e1s M\u00edstico de Guadalajara<\/strong><br \/>\n<strong>ENVIAMOS A TODO M\u00c9XICO&#8230;<\/strong><\/p>\n<!-- AddThis Advanced Settings generic via filter on the_content --><!-- AddThis Share Buttons generic via filter on the_content -->","protected":false},"excerpt":{"rendered":"<p>JAB\u00d3N SANTA MUERTE ROJA &nbsp; El jab\u00f3n de La Santa Muerte Rojo sirve para atraer el amor, la pasi\u00f3n y la sensualidad. La Santa Muerte de la Pasi\u00f3n Roja es la especialista en el amor. Su t\u00fanica roja simboliza el color de la sangre que corre por las venas, esa sangre que hierve y se&hellip;<!-- AddThis Advanced Settings generic via filter on get_the_excerpt --><!-- AddThis Share Buttons generic via filter on get_the_excerpt --><\/p>\n","protected":false},"featured_media":10255,"template":"","meta":[],"product_cat":[14],"product_tag":[794,1281],"_links":{"self":[{"href":"https:\/\/www.bazarmerlin.com\/inicio\/wp-json\/wp\/v2\/product\/4311"}],"collection":[{"href":"https:\/\/www.bazarmerlin.com\/inicio\/wp-json\/wp\/v2\/product"}],"about":[{"href":"https:\/\/www.bazarmerlin.com\/inicio\/wp-json\/wp\/v2\/types\/product"}],"wp:featuredmedia":[{"embeddable":true,"href":"https:\/\/www.bazarmerlin.com\/inicio\/wp-json\/wp\/v2\/media\/10255"}],"wp:attachment":[{"href":"https:\/\/www.bazarmerlin.com\/inicio\/wp-json\/wp\/v2\/media?parent=4311"}],"wp:term":[{"taxonomy":"product_cat","embeddable":true,"href":"https:\/\/www.bazarmerlin.com\/inicio\/wp-json\/wp\/v2\/product_cat?post=4311"},{"taxonomy":"product_tag","embeddable":true,"href":"https:\/\/www.bazarmerlin.com\/inicio\/wp-json\/wp\/v2\/product_tag?post=4311"}],"curies":[{"name":"wp","href":"https:\/\/api.w.org\/{rel}","templated":true}]}}