{"id":4314,"date":"2015-08-12T18:25:49","date_gmt":"2015-08-12T18:25:49","guid":{"rendered":"https:\/\/www.bazarmerlin.com\/inicio\/?post_type=product&#038;p=4314"},"modified":"2022-10-11T23:15:28","modified_gmt":"2022-10-11T23:15:28","slug":"novenario-santa-muerte-para-rituales-peticiones-y-ofrendas","status":"publish","type":"product","link":"https:\/\/www.bazarmerlin.com\/inicio\/producto\/novenario-santa-muerte-para-rituales-peticiones-y-ofrendas\/","title":{"rendered":"Novenario Santa Muerte- Para Rituales, Peticiones Y Ofrendas"},"content":{"rendered":"<p><strong>NOVENARIO DE LA SANTA MUERTE PARA LOGRAR PROTECCI\u00d3N Y BUENA SUERTE EN AMOR, SALUD Y MAS<\/strong><\/p>\n<p>&nbsp;<\/p>\n<p>Todo lo que pretenda hacer con su novenario, h\u00e1galo con fe y firmeza, nunca titubee; si lo hace con inseguridad lo m\u00e1s probable es que SU RESULTADO SEA EFICAZ.<\/p>\n<p>Es totalmente falso que cuando nosotros prendemos una vela o veladora a esta milagrosa imagen y se nos concede nuestras peticiones, La Santa Muerte nos llegue a cobrar con uno de nuestros familiares, \u00e9stas como otras versiones que se manejan dicen esto.<\/p>\n<p>Cuando prenda las velas o veladoras siempre visualice todos sus deseos y necesidades y p\u00eddeselo directamente a su Santa Muerte, ya sea de imagen o de estampa.<\/p>\n<p>Fije siempre su mirada a la flama por espacio de 10 segundos y despu\u00e9s proceda a<br \/>\nrezar su oraci\u00f3n o lo que pretenda hacer.<\/p>\n<p>Al rezar sus oraciones a La Santa Muerte h\u00e1galo de una manera pausada y conc\u00e9ntrese en lo que desea.<\/p>\n<p>Evite estar cerca de gente incr\u00e9dula o gente que se burle de sus creencias cuando est\u00e9 haciendo un ritual o cuando prenda las velas a La Santa Muerte, ya que esta gente negativa, restar\u00eda energ\u00eda para su ritual.<\/p>\n<p>&nbsp;<\/p>\n<p>&nbsp;<\/p>\n<p><strong>BAZAR MERL\u00cdN<\/strong><br \/>\n<strong>El Lugar M\u00e1s M\u00edstico de Guadalajara<\/strong><br \/>\n<strong>ENVIAMOS A TODO M\u00c9XICO<\/strong><\/p>\n<!-- AddThis Advanced Settings generic via filter on the_content --><!-- AddThis Share Buttons generic via filter on the_content -->","protected":false},"excerpt":{"rendered":"<p>NOVENARIO DE LA SANTA MUERTE PARA LOGRAR PROTECCI\u00d3N Y BUENA SUERTE EN AMOR, SALUD Y MAS &nbsp; Todo lo que pretenda hacer con su novenario, h\u00e1galo con fe y firmeza, nunca titubee; si lo hace con inseguridad lo m\u00e1s probable es que SU RESULTADO SEA EFICAZ. Es totalmente falso que cuando nosotros prendemos una vela&hellip;<!-- AddThis Advanced Settings generic via filter on get_the_excerpt --><!-- AddThis Share Buttons generic via filter on get_the_excerpt --><\/p>\n","protected":false},"featured_media":10308,"template":"","meta":[],"product_cat":[14],"product_tag":[1282,1283,1284],"_links":{"self":[{"href":"https:\/\/www.bazarmerlin.com\/inicio\/wp-json\/wp\/v2\/product\/4314"}],"collection":[{"href":"https:\/\/www.bazarmerlin.com\/inicio\/wp-json\/wp\/v2\/product"}],"about":[{"href":"https:\/\/www.bazarmerlin.com\/inicio\/wp-json\/wp\/v2\/types\/product"}],"wp:featuredmedia":[{"embeddable":true,"href":"https:\/\/www.bazarmerlin.com\/inicio\/wp-json\/wp\/v2\/media\/10308"}],"wp:attachment":[{"href":"https:\/\/www.bazarmerlin.com\/inicio\/wp-json\/wp\/v2\/media?parent=4314"}],"wp:term":[{"taxonomy":"product_cat","embeddable":true,"href":"https:\/\/www.bazarmerlin.com\/inicio\/wp-json\/wp\/v2\/product_cat?post=4314"},{"taxonomy":"product_tag","embeddable":true,"href":"https:\/\/www.bazarmerlin.com\/inicio\/wp-json\/wp\/v2\/product_tag?post=4314"}],"curies":[{"name":"wp","href":"https:\/\/api.w.org\/{rel}","templated":true}]}}