{"id":4317,"date":"2015-08-12T18:28:56","date_gmt":"2015-08-12T18:28:56","guid":{"rendered":"https:\/\/www.bazarmerlin.com\/inicio\/?post_type=product&#038;p=4317"},"modified":"2022-11-15T22:59:46","modified_gmt":"2022-11-15T22:59:46","slug":"talisman-del-rey-salomon-encapsulado-en-resina-en-7-metales","status":"publish","type":"product","link":"https:\/\/www.bazarmerlin.com\/inicio\/producto\/talisman-del-rey-salomon-encapsulado-en-resina-en-7-metales\/","title":{"rendered":"Talism\u00e1n Del Rey Salomon Encapsulado En Resina En 7 Metales"},"content":{"rendered":"<p><strong>TALISM\u00c1N REY SALOM\u00d3N ENCAPSULADO EN RESINA EN 7 METALES<\/strong><\/p>\n<p>&nbsp;<\/p>\n<p>* Tu situaci\u00f3n personal, profesional o financiera esta en un punto cr\u00edtico?<br \/>\n* Sientes ser victima de un trabajo obscuro de alg\u00fan enemigo?<br \/>\n* Has intentado casi todo, incluso magia y no vez cambios en tu vida?<\/p>\n<p>Tienes que probar el: el poderoso talism\u00e1n del rey salom\u00f3n te ayudara a obtener todo lo que quieras poder, amor, dinero y salud para lograr el \u00e9xito en todos los aspectos de tu vida.<\/p>\n<p>Es un s\u00edmbolo secreto asignado a cada persona de acuerdo con sus vibraciones k\u00e1rmicas, y est\u00e1 debidamente ritualizado.<\/p>\n<p>Es elaborado totalmente a mano,y consagrado especialmente para ti, bajo un ritual muy poderoso de alta magia.<\/p>\n<p>Este talism\u00e1n es encapsulado en resina y\/o acr\u00edlico para que lo cargues siempre.<\/p>\n<p>\u00bfPOR QUE ES TAN PODEROSO ESTE TALISMAN?<br \/>\nPor la simbologia que encierra, porque se prepara y ritualiza con decretos que le ayudan a aumentar su poder de protecci\u00f3n. Hecho con los 7 metales que corresponden a los 7 planetas.<\/p>\n<p>&nbsp;<\/p>\n<p>&nbsp;<\/p>\n<p><strong>BAZAR MERL\u00cdN<\/strong><br \/>\n<strong>El Lugar M\u00e1s M\u00edstico de Guadalajara<\/strong><br \/>\n<strong>ENVIAMOS A TODO M\u00c9XICO&#8230;<\/strong><\/p>\n<!-- AddThis Advanced Settings generic via filter on the_content --><!-- AddThis Share Buttons generic via filter on the_content -->","protected":false},"excerpt":{"rendered":"<p>TALISM\u00c1N REY SALOM\u00d3N ENCAPSULADO EN RESINA EN 7 METALES &nbsp; * Tu situaci\u00f3n personal, profesional o financiera esta en un punto cr\u00edtico? * Sientes ser victima de un trabajo obscuro de alg\u00fan enemigo? * Has intentado casi todo, incluso magia y no vez cambios en tu vida? Tienes que probar el: el poderoso talism\u00e1n del&hellip;<!-- AddThis Advanced Settings generic via filter on get_the_excerpt --><!-- AddThis Share Buttons generic via filter on get_the_excerpt --><\/p>\n","protected":false},"featured_media":10753,"template":"","meta":[],"product_cat":[12],"product_tag":[1285],"_links":{"self":[{"href":"https:\/\/www.bazarmerlin.com\/inicio\/wp-json\/wp\/v2\/product\/4317"}],"collection":[{"href":"https:\/\/www.bazarmerlin.com\/inicio\/wp-json\/wp\/v2\/product"}],"about":[{"href":"https:\/\/www.bazarmerlin.com\/inicio\/wp-json\/wp\/v2\/types\/product"}],"wp:featuredmedia":[{"embeddable":true,"href":"https:\/\/www.bazarmerlin.com\/inicio\/wp-json\/wp\/v2\/media\/10753"}],"wp:attachment":[{"href":"https:\/\/www.bazarmerlin.com\/inicio\/wp-json\/wp\/v2\/media?parent=4317"}],"wp:term":[{"taxonomy":"product_cat","embeddable":true,"href":"https:\/\/www.bazarmerlin.com\/inicio\/wp-json\/wp\/v2\/product_cat?post=4317"},{"taxonomy":"product_tag","embeddable":true,"href":"https:\/\/www.bazarmerlin.com\/inicio\/wp-json\/wp\/v2\/product_tag?post=4317"}],"curies":[{"name":"wp","href":"https:\/\/api.w.org\/{rel}","templated":true}]}}