{"id":432,"date":"2015-06-26T18:55:12","date_gmt":"2015-06-26T18:55:12","guid":{"rendered":"https:\/\/www.bazarmerlin.com\/inicio\/?post_type=product&#038;p=432"},"modified":"2022-12-01T22:14:29","modified_gmt":"2022-12-01T22:14:29","slug":"arrasa-brujeria-formula-que-quita-danos-y-magia-negra","status":"publish","type":"product","link":"https:\/\/www.bazarmerlin.com\/inicio\/producto\/arrasa-brujeria-formula-que-quita-danos-y-magia-negra\/","title":{"rendered":"Arrasa Brujer\u00eda &#8211; Quita Da\u00f1os Y Magia Negra"},"content":{"rendered":"<p><strong>DESPOJO ARRASA BRUJER\u00cdA<\/strong><\/p>\n<p>&nbsp;<\/p>\n<p>Elaborado por SANTEROS con hierbas tratadas y<br \/>\naceites esenciales importados.<\/p>\n<p>Las Lociones Esot\u00e9ricas son preparadas con productos, esencias y extractos especiales. Cuando tienes un problema que crees de dif\u00edcil soluci\u00f3n es bueno recurrir a los rituales de magia, estos siempre nos ayudan a lograr exitosamente los objetivos que queremos conseguir.<\/p>\n<p>ARRASA BRUJER\u00cdA ES UNA PODEROSA LOCI\u00d3N ELABORADA DE MANERA ANCESTRAL QUE ROMPE CON TODO EL MAL QUE SE TENGA YA SEA NATURAL O PROVOCADO.<\/p>\n<p>Ayuda a CORREGIR y AUMENTAR Nuestra ENERG\u00cdA ya que estabiliza los 7 CHAKRAS Ayud\u00e1ndonos a ATRAER DINERO, AMOR, SALUD, PROTECCI\u00d3N, ABRIR CAMINOS y \u00c9XITO EN TODO LO QUE EMPRENDAMOS.<\/p>\n<p>LIB\u00c9RATE DE CUALQUIER BLOQUEO Y CONSIGUE SUERTE &#8211; FORTUNA &#8211; OPORTUNIDADES<\/p>\n<p>&nbsp;<\/p>\n<p>&nbsp;<\/p>\n<p><strong>BAZAR MERLIN<\/strong><br \/>\n<strong>El Lugar M\u00e1s M\u00edstico de Guadalajara<\/strong><br \/>\n<strong>ENVIAMOS A TODO M\u00c9XICO\u2026<\/strong><\/p>\n<!-- AddThis Advanced Settings generic via filter on the_content --><!-- AddThis Share Buttons generic via filter on the_content -->","protected":false},"excerpt":{"rendered":"<p>DESPOJO ARRASA BRUJER\u00cdA &nbsp; Elaborado por SANTEROS con hierbas tratadas y aceites esenciales importados. Las Lociones Esot\u00e9ricas son preparadas con productos, esencias y extractos especiales. Cuando tienes un problema que crees de dif\u00edcil soluci\u00f3n es bueno recurrir a los rituales de magia, estos siempre nos ayudan a lograr exitosamente los objetivos que queremos conseguir. ARRASA&hellip;<!-- AddThis Advanced Settings generic via filter on get_the_excerpt --><!-- AddThis Share Buttons generic via filter on get_the_excerpt --><\/p>\n","protected":false},"featured_media":10925,"template":"","meta":[],"product_cat":[20],"product_tag":[550,551],"_links":{"self":[{"href":"https:\/\/www.bazarmerlin.com\/inicio\/wp-json\/wp\/v2\/product\/432"}],"collection":[{"href":"https:\/\/www.bazarmerlin.com\/inicio\/wp-json\/wp\/v2\/product"}],"about":[{"href":"https:\/\/www.bazarmerlin.com\/inicio\/wp-json\/wp\/v2\/types\/product"}],"wp:featuredmedia":[{"embeddable":true,"href":"https:\/\/www.bazarmerlin.com\/inicio\/wp-json\/wp\/v2\/media\/10925"}],"wp:attachment":[{"href":"https:\/\/www.bazarmerlin.com\/inicio\/wp-json\/wp\/v2\/media?parent=432"}],"wp:term":[{"taxonomy":"product_cat","embeddable":true,"href":"https:\/\/www.bazarmerlin.com\/inicio\/wp-json\/wp\/v2\/product_cat?post=432"},{"taxonomy":"product_tag","embeddable":true,"href":"https:\/\/www.bazarmerlin.com\/inicio\/wp-json\/wp\/v2\/product_tag?post=432"}],"curies":[{"name":"wp","href":"https:\/\/api.w.org\/{rel}","templated":true}]}}