{"id":4323,"date":"2015-08-12T18:35:10","date_gmt":"2015-08-12T18:35:10","guid":{"rendered":"https:\/\/www.bazarmerlin.com\/inicio\/?post_type=product&#038;p=4323"},"modified":"2023-01-10T00:49:29","modified_gmt":"2023-01-10T00:49:29","slug":"locion-corta-maldad-roseala-en-tu-aura-quita-bloqueos","status":"publish","type":"product","link":"https:\/\/www.bazarmerlin.com\/inicio\/producto\/locion-corta-maldad-roseala-en-tu-aura-quita-bloqueos\/","title":{"rendered":"Loci\u00f3n Corta Maldad &#8211; Quita Mala Suerte, Bloqueos Y Da\u00f1os"},"content":{"rendered":"<p><strong>LOCI\u00d3N MISTICA CORTA MALDAD <\/strong><br \/>\n<strong>PARA ROSEAR ALREDEDOR DE TU CUERPO COMO TU AURA\u00a0<\/strong><\/p>\n<p>&nbsp;<\/p>\n<p>Corta todo da\u00f1o aplic\u00e1ndote esta poderosa<br \/>\nloci\u00f3n alrededor de tu cuerpo.<\/p>\n<p>Si fracasas en todo lo que emprendes,<br \/>\ntienes mala suerte en tu vida y no sabes porqu\u00e9? Seguramente eres victima de alg\u00fan da\u00f1o.<\/p>\n<p>Aplica esta poderosa loci\u00f3n corta maldad, que te ayudar\u00e1 a quitar todo mal que estuviera en tu persona, \u00f3 casa de forma r\u00e1pida y eficaz.<\/p>\n<p>&nbsp;<\/p>\n<p>APLICALA EN TU PERSONA ALREDEDOR DE TU CUERPO.<\/p>\n<p>&nbsp;<\/p>\n<p>&nbsp;<\/p>\n<p><strong>BAZAR MERL\u00cdN<\/strong><br \/>\n<strong>El Lugar M\u00e1s M\u00edstico de Guadalajara<\/strong><br \/>\n<strong>ENVIAMOS A TODO M\u00c9XICO<\/strong><\/p>\n<!-- AddThis Advanced Settings generic via filter on the_content --><!-- AddThis Share Buttons generic via filter on the_content -->","protected":false},"excerpt":{"rendered":"<p>LOCI\u00d3N MISTICA CORTA MALDAD PARA ROSEAR ALREDEDOR DE TU CUERPO COMO TU AURA\u00a0 &nbsp; Corta todo da\u00f1o aplic\u00e1ndote esta poderosa loci\u00f3n alrededor de tu cuerpo. Si fracasas en todo lo que emprendes, tienes mala suerte en tu vida y no sabes porqu\u00e9? Seguramente eres victima de alg\u00fan da\u00f1o. Aplica esta poderosa loci\u00f3n corta maldad, que&hellip;<!-- AddThis Advanced Settings generic via filter on get_the_excerpt --><!-- AddThis Share Buttons generic via filter on get_the_excerpt --><\/p>\n","protected":false},"featured_media":10965,"template":"","meta":[],"product_cat":[20],"product_tag":[1287,1286,301],"_links":{"self":[{"href":"https:\/\/www.bazarmerlin.com\/inicio\/wp-json\/wp\/v2\/product\/4323"}],"collection":[{"href":"https:\/\/www.bazarmerlin.com\/inicio\/wp-json\/wp\/v2\/product"}],"about":[{"href":"https:\/\/www.bazarmerlin.com\/inicio\/wp-json\/wp\/v2\/types\/product"}],"wp:featuredmedia":[{"embeddable":true,"href":"https:\/\/www.bazarmerlin.com\/inicio\/wp-json\/wp\/v2\/media\/10965"}],"wp:attachment":[{"href":"https:\/\/www.bazarmerlin.com\/inicio\/wp-json\/wp\/v2\/media?parent=4323"}],"wp:term":[{"taxonomy":"product_cat","embeddable":true,"href":"https:\/\/www.bazarmerlin.com\/inicio\/wp-json\/wp\/v2\/product_cat?post=4323"},{"taxonomy":"product_tag","embeddable":true,"href":"https:\/\/www.bazarmerlin.com\/inicio\/wp-json\/wp\/v2\/product_tag?post=4323"}],"curies":[{"name":"wp","href":"https:\/\/api.w.org\/{rel}","templated":true}]}}